{"id":94918,"date":"2021-05-27T08:31:13","date_gmt":"2021-05-27T05:31:13","guid":{"rendered":"https:\/\/solar.fi\/tuote\/handy-holkit\/"},"modified":"2026-04-10T14:44:00","modified_gmt":"2026-04-10T11:44:00","slug":"handy-holkit","status":"publish","type":"product","link":"https:\/\/solar.fi\/sv\/produkt\/handy-holkit\/","title":{"rendered":"SOLAR handy genomf\u00f6ringshylsor f\u00f6r integrerade persienner"},"content":{"rendered":"","protected":false},"excerpt":{"rendered":"<p>Genomf\u00f6ringshylsorna till SOLAR handy-integrerade persienn passar till den h\u00f6ga handy-knappmodellen, den l\u00e5ga handy-knappmodellen samt den senaste knappmodellen <a href=\"https:\/\/solar.fi\/sv\/produkt\/reservdelsset-till-spjalgardinen-solar-handy-sweet\/\">SOLAR handy SWEET<\/a>. Om persiennerna har den gamla raka handy-knappmodellen (inga reservdelar finns till denna) och genomf\u00f6ringshylsorna \u00e4r trasiga, rekommenderar vi att byta ut alla delar till <a href=\"https:\/\/solar.fi\/sv\/produkt\/reservdelsset-till-spjalgardinen-solar-handy-sweet\/\">handy SWEET-reservdelssatsen<\/a>.<\/p>\n<p>F\u00f6r en persienn monteras fyra hylsor i f\u00f6nsterkarmen. Hylsorna finns i f\u00e4rgerna vit, beige, brun, ljusgr\u00e5, m\u00f6rkgr\u00e5 och svart. F\u00f6rpackningen inneh\u00e5ller 8 st. genomf\u00f6ringshylsor samt en monteringsanvisning.<\/p>\n<p>Produktkategori: <a href=\"https:\/\/solar.fi\/tuote-osasto\/varaosat\/salekaihdintarvikkeet\/\">Tillbeh\u00f6r till persienner<\/a><\/p>\n","protected":false},"featured_media":33662,"comment_status":"closed","ping_status":"closed","template":"","meta":{"_acf_changed":false,"inline_featured_image":false},"product_brand":[],"product_cat":[1228,734],"product_tag":[],"class_list":{"0":"post-94918","1":"product","2":"type-product","3":"status-publish","4":"has-post-thumbnail","6":"product_cat-salekaihdintarvikkeet","7":"product_cat-reservdelar","8":"product_shipping_class-varaosat-sv","9":"pa_saatimen-vari-beige-sv","10":"pa_saatimen-vari-brun","11":"pa_saatimen-vari-ljusgra","12":"pa_saatimen-vari-morkgra","13":"pa_saatimen-vari-svart","14":"pa_saatimen-vari-vit","16":"first","17":"instock","18":"taxable","19":"shipping-taxable","20":"purchasable","21":"product-type-variable"},"acf":[],"yoast_head":"<!-- This site is optimized with the Yoast SEO plugin v27.3 - https:\/\/yoast.com\/product\/yoast-seo-wordpress\/ -->\n<title>SOLAR handy genomf\u00f6ringshylsor f\u00f6r integrerade persienner - Solar<\/title>\n<meta name=\"description\" content=\"Genomf\u00f6ringshylsa f\u00f6r SOLAR handy-lamellgardin. H\u00e5l borras i f\u00f6nsterkarmen f\u00f6r man\u00f6verdonen och hylsorna monteras i genomf\u00f6ringarna.\" \/>\n<meta name=\"robots\" content=\"index, follow, max-snippet:-1, max-image-preview:large, max-video-preview:-1\" \/>\n<link rel=\"canonical\" href=\"https:\/\/solar.fi\/sv\/produkt\/handy-holkit\/\" \/>\n<meta property=\"og:locale\" content=\"sv_SE\" \/>\n<meta property=\"og:type\" content=\"article\" \/>\n<meta property=\"og:title\" content=\"SOLAR handy genomf\u00f6ringshylsor f\u00f6r integrerade persienner - Solar\" \/>\n<meta property=\"og:description\" content=\"Genomf\u00f6ringshylsa f\u00f6r SOLAR handy-lamellgardin. H\u00e5l borras i f\u00f6nsterkarmen f\u00f6r man\u00f6verdonen och hylsorna monteras i genomf\u00f6ringarna.\" \/>\n<meta property=\"og:url\" content=\"https:\/\/solar.fi\/sv\/produkt\/handy-holkit\/\" \/>\n<meta property=\"og:site_name\" content=\"Solar\" \/>\n<meta property=\"article:publisher\" content=\"https:\/\/www.facebook.com\/Solarkaihdin\/\" \/>\n<meta property=\"article:modified_time\" content=\"2026-04-10T11:44:00+00:00\" \/>\n<meta property=\"og:image\" content=\"https:\/\/solar.fi\/wp-content\/uploads\/2020\/12\/Integroidun-Handy-s\u00e4lekaihtimen-l\u00e4pivientiholkki.jpg\" \/>\n\t<meta property=\"og:image:width\" content=\"2048\" \/>\n\t<meta property=\"og:image:height\" content=\"2048\" \/>\n\t<meta property=\"og:image:type\" content=\"image\/jpeg\" \/>\n<meta name=\"twitter:card\" content=\"summary_large_image\" \/>\n<script type=\"application\/ld+json\" class=\"yoast-schema-graph\">{\"@context\":\"https:\\\/\\\/schema.org\",\"@graph\":[{\"@type\":\"WebPage\",\"@id\":\"https:\\\/\\\/solar.fi\\\/sv\\\/produkt\\\/handy-holkit\\\/\",\"url\":\"https:\\\/\\\/solar.fi\\\/sv\\\/produkt\\\/handy-holkit\\\/\",\"name\":\"SOLAR handy genomf\u00f6ringshylsor f\u00f6r integrerade persienner - Solar\",\"isPartOf\":{\"@id\":\"https:\\\/\\\/solar.fi\\\/#website\"},\"primaryImageOfPage\":{\"@id\":\"https:\\\/\\\/solar.fi\\\/sv\\\/produkt\\\/handy-holkit\\\/#primaryimage\"},\"image\":{\"@id\":\"https:\\\/\\\/solar.fi\\\/sv\\\/produkt\\\/handy-holkit\\\/#primaryimage\"},\"thumbnailUrl\":\"https:\\\/\\\/solar.fi\\\/wp-content\\\/uploads\\\/2020\\\/12\\\/Integroidun-Handy-s\u00e4lekaihtimen-l\u00e4pivientiholkki.jpg\",\"datePublished\":\"2021-05-27T05:31:13+00:00\",\"dateModified\":\"2026-04-10T11:44:00+00:00\",\"description\":\"Genomf\u00f6ringshylsa f\u00f6r SOLAR handy-lamellgardin. H\u00e5l borras i f\u00f6nsterkarmen f\u00f6r man\u00f6verdonen och hylsorna monteras i genomf\u00f6ringarna.\",\"breadcrumb\":{\"@id\":\"https:\\\/\\\/solar.fi\\\/sv\\\/produkt\\\/handy-holkit\\\/#breadcrumb\"},\"inLanguage\":\"sv-SE\",\"potentialAction\":[{\"@type\":\"ReadAction\",\"target\":[\"https:\\\/\\\/solar.fi\\\/sv\\\/produkt\\\/handy-holkit\\\/\"]}]},{\"@type\":\"ImageObject\",\"inLanguage\":\"sv-SE\",\"@id\":\"https:\\\/\\\/solar.fi\\\/sv\\\/produkt\\\/handy-holkit\\\/#primaryimage\",\"url\":\"https:\\\/\\\/solar.fi\\\/wp-content\\\/uploads\\\/2020\\\/12\\\/Integroidun-Handy-s\u00e4lekaihtimen-l\u00e4pivientiholkki.jpg\",\"contentUrl\":\"https:\\\/\\\/solar.fi\\\/wp-content\\\/uploads\\\/2020\\\/12\\\/Integroidun-Handy-s\u00e4lekaihtimen-l\u00e4pivientiholkki.jpg\",\"width\":2048,\"height\":2048,\"caption\":\"Solar Handy Sweet s\u00e4lekaihtimen varaosat l\u00e4pivientiholkki.\"},{\"@type\":\"BreadcrumbList\",\"@id\":\"https:\\\/\\\/solar.fi\\\/sv\\\/produkt\\\/handy-holkit\\\/#breadcrumb\",\"itemListElement\":[{\"@type\":\"ListItem\",\"position\":1,\"name\":\"Etusivu\",\"item\":\"https:\\\/\\\/solar.fi\\\/sv\\\/\"},{\"@type\":\"ListItem\",\"position\":2,\"name\":\"Produkter\",\"item\":\"https:\\\/\\\/solar.fi\\\/sv\\\/produkter\\\/\"},{\"@type\":\"ListItem\",\"position\":3,\"name\":\"SOLAR handy genomf\u00f6ringshylsor f\u00f6r integrerade persienner\"}]},{\"@type\":\"WebSite\",\"@id\":\"https:\\\/\\\/solar.fi\\\/#website\",\"url\":\"https:\\\/\\\/solar.fi\\\/\",\"name\":\"Solar\",\"description\":\"Love the Sun\",\"publisher\":{\"@id\":\"https:\\\/\\\/solar.fi\\\/#organization\"},\"potentialAction\":[{\"@type\":\"SearchAction\",\"target\":{\"@type\":\"EntryPoint\",\"urlTemplate\":\"https:\\\/\\\/solar.fi\\\/?s={search_term_string}\"},\"query-input\":{\"@type\":\"PropertyValueSpecification\",\"valueRequired\":true,\"valueName\":\"search_term_string\"}}],\"inLanguage\":\"sv-SE\"},{\"@type\":\"Organization\",\"@id\":\"https:\\\/\\\/solar.fi\\\/#organization\",\"name\":\"Solar\",\"url\":\"https:\\\/\\\/solar.fi\\\/\",\"logo\":{\"@type\":\"ImageObject\",\"inLanguage\":\"sv-SE\",\"@id\":\"https:\\\/\\\/solar.fi\\\/#\\\/schema\\\/logo\\\/image\\\/\",\"url\":\"https:\\\/\\\/solar.fi\\\/wp-content\\\/uploads\\\/2019\\\/04\\\/solar-logo.png\",\"contentUrl\":\"https:\\\/\\\/solar.fi\\\/wp-content\\\/uploads\\\/2019\\\/04\\\/solar-logo.png\",\"width\":298,\"height\":132,\"caption\":\"Solar\"},\"image\":{\"@id\":\"https:\\\/\\\/solar.fi\\\/#\\\/schema\\\/logo\\\/image\\\/\"},\"sameAs\":[\"https:\\\/\\\/www.facebook.com\\\/Solarkaihdin\\\/\",\"https:\\\/\\\/www.instagram.com\\\/solarkaihdin\\\/\",\"https:\\\/\\\/fi.pinterest.com\\\/solarkaihdin16\\\/\",\"https:\\\/\\\/www.youtube.com\\\/c\\\/SolarKaihdinKyKalajoki?app=desktop\",\"https:\\\/\\\/fi.linkedin.com\\\/company\\\/solar-kaihdin-oy?trk=similar-pages\",\"https:\\\/\\\/www.tiktok.com\\\/@solarkaihdin\"]}]}<\/script>\n<!-- \/ Yoast SEO plugin. -->","yoast_head_json":{"title":"SOLAR handy genomf\u00f6ringshylsor f\u00f6r integrerade persienner - Solar","description":"Genomf\u00f6ringshylsa f\u00f6r SOLAR handy-lamellgardin. H\u00e5l borras i f\u00f6nsterkarmen f\u00f6r man\u00f6verdonen och hylsorna monteras i genomf\u00f6ringarna.","robots":{"index":"index","follow":"follow","max-snippet":"max-snippet:-1","max-image-preview":"max-image-preview:large","max-video-preview":"max-video-preview:-1"},"canonical":"https:\/\/solar.fi\/sv\/produkt\/handy-holkit\/","og_locale":"sv_SE","og_type":"article","og_title":"SOLAR handy genomf\u00f6ringshylsor f\u00f6r integrerade persienner - Solar","og_description":"Genomf\u00f6ringshylsa f\u00f6r SOLAR handy-lamellgardin. H\u00e5l borras i f\u00f6nsterkarmen f\u00f6r man\u00f6verdonen och hylsorna monteras i genomf\u00f6ringarna.","og_url":"https:\/\/solar.fi\/sv\/produkt\/handy-holkit\/","og_site_name":"Solar","article_publisher":"https:\/\/www.facebook.com\/Solarkaihdin\/","article_modified_time":"2026-04-10T11:44:00+00:00","og_image":[{"width":2048,"height":2048,"url":"https:\/\/solar.fi\/wp-content\/uploads\/2020\/12\/Integroidun-Handy-s\u00e4lekaihtimen-l\u00e4pivientiholkki.jpg","type":"image\/jpeg"}],"twitter_card":"summary_large_image","schema":{"@context":"https:\/\/schema.org","@graph":[{"@type":"WebPage","@id":"https:\/\/solar.fi\/sv\/produkt\/handy-holkit\/","url":"https:\/\/solar.fi\/sv\/produkt\/handy-holkit\/","name":"SOLAR handy genomf\u00f6ringshylsor f\u00f6r integrerade persienner - Solar","isPartOf":{"@id":"https:\/\/solar.fi\/#website"},"primaryImageOfPage":{"@id":"https:\/\/solar.fi\/sv\/produkt\/handy-holkit\/#primaryimage"},"image":{"@id":"https:\/\/solar.fi\/sv\/produkt\/handy-holkit\/#primaryimage"},"thumbnailUrl":"https:\/\/solar.fi\/wp-content\/uploads\/2020\/12\/Integroidun-Handy-s\u00e4lekaihtimen-l\u00e4pivientiholkki.jpg","datePublished":"2021-05-27T05:31:13+00:00","dateModified":"2026-04-10T11:44:00+00:00","description":"Genomf\u00f6ringshylsa f\u00f6r SOLAR handy-lamellgardin. H\u00e5l borras i f\u00f6nsterkarmen f\u00f6r man\u00f6verdonen och hylsorna monteras i genomf\u00f6ringarna.","breadcrumb":{"@id":"https:\/\/solar.fi\/sv\/produkt\/handy-holkit\/#breadcrumb"},"inLanguage":"sv-SE","potentialAction":[{"@type":"ReadAction","target":["https:\/\/solar.fi\/sv\/produkt\/handy-holkit\/"]}]},{"@type":"ImageObject","inLanguage":"sv-SE","@id":"https:\/\/solar.fi\/sv\/produkt\/handy-holkit\/#primaryimage","url":"https:\/\/solar.fi\/wp-content\/uploads\/2020\/12\/Integroidun-Handy-s\u00e4lekaihtimen-l\u00e4pivientiholkki.jpg","contentUrl":"https:\/\/solar.fi\/wp-content\/uploads\/2020\/12\/Integroidun-Handy-s\u00e4lekaihtimen-l\u00e4pivientiholkki.jpg","width":2048,"height":2048,"caption":"Solar Handy Sweet s\u00e4lekaihtimen varaosat l\u00e4pivientiholkki."},{"@type":"BreadcrumbList","@id":"https:\/\/solar.fi\/sv\/produkt\/handy-holkit\/#breadcrumb","itemListElement":[{"@type":"ListItem","position":1,"name":"Etusivu","item":"https:\/\/solar.fi\/sv\/"},{"@type":"ListItem","position":2,"name":"Produkter","item":"https:\/\/solar.fi\/sv\/produkter\/"},{"@type":"ListItem","position":3,"name":"SOLAR handy genomf\u00f6ringshylsor f\u00f6r integrerade persienner"}]},{"@type":"WebSite","@id":"https:\/\/solar.fi\/#website","url":"https:\/\/solar.fi\/","name":"Solar","description":"Love the Sun","publisher":{"@id":"https:\/\/solar.fi\/#organization"},"potentialAction":[{"@type":"SearchAction","target":{"@type":"EntryPoint","urlTemplate":"https:\/\/solar.fi\/?s={search_term_string}"},"query-input":{"@type":"PropertyValueSpecification","valueRequired":true,"valueName":"search_term_string"}}],"inLanguage":"sv-SE"},{"@type":"Organization","@id":"https:\/\/solar.fi\/#organization","name":"Solar","url":"https:\/\/solar.fi\/","logo":{"@type":"ImageObject","inLanguage":"sv-SE","@id":"https:\/\/solar.fi\/#\/schema\/logo\/image\/","url":"https:\/\/solar.fi\/wp-content\/uploads\/2019\/04\/solar-logo.png","contentUrl":"https:\/\/solar.fi\/wp-content\/uploads\/2019\/04\/solar-logo.png","width":298,"height":132,"caption":"Solar"},"image":{"@id":"https:\/\/solar.fi\/#\/schema\/logo\/image\/"},"sameAs":["https:\/\/www.facebook.com\/Solarkaihdin\/","https:\/\/www.instagram.com\/solarkaihdin\/","https:\/\/fi.pinterest.com\/solarkaihdin16\/","https:\/\/www.youtube.com\/c\/SolarKaihdinKyKalajoki?app=desktop","https:\/\/fi.linkedin.com\/company\/solar-kaihdin-oy?trk=similar-pages","https:\/\/www.tiktok.com\/@solarkaihdin"]}]}},"_links":{"self":[{"href":"https:\/\/solar.fi\/sv\/wp-json\/wp\/v2\/product\/94918","targetHints":{"allow":["GET"]}}],"collection":[{"href":"https:\/\/solar.fi\/sv\/wp-json\/wp\/v2\/product"}],"about":[{"href":"https:\/\/solar.fi\/sv\/wp-json\/wp\/v2\/types\/product"}],"replies":[{"embeddable":true,"href":"https:\/\/solar.fi\/sv\/wp-json\/wp\/v2\/comments?post=94918"}],"wp:featuredmedia":[{"embeddable":true,"href":"https:\/\/solar.fi\/sv\/wp-json\/wp\/v2\/media\/33662"}],"wp:attachment":[{"href":"https:\/\/solar.fi\/sv\/wp-json\/wp\/v2\/media?parent=94918"}],"wp:term":[{"taxonomy":"product_brand","embeddable":true,"href":"https:\/\/solar.fi\/sv\/wp-json\/wp\/v2\/product_brand?post=94918"},{"taxonomy":"product_cat","embeddable":true,"href":"https:\/\/solar.fi\/sv\/wp-json\/wp\/v2\/product_cat?post=94918"},{"taxonomy":"product_tag","embeddable":true,"href":"https:\/\/solar.fi\/sv\/wp-json\/wp\/v2\/product_tag?post=94918"}],"curies":[{"name":"wp","href":"https:\/\/api.w.org\/{rel}","templated":true}]}}