{"id":94697,"date":"2021-06-11T11:25:01","date_gmt":"2021-06-11T08:25:01","guid":{"rendered":"https:\/\/solar.fi\/tuote\/hp5-kiinnike-5-3\/"},"modified":"2026-04-02T15:25:56","modified_gmt":"2026-04-02T12:25:56","slug":"hp5-kiinnike-5-3","status":"publish","type":"product","link":"https:\/\/solar.fi\/sv\/produkt\/hp5-kiinnike-5-3\/","title":{"rendered":"HP5-f\u00e4ste f\u00f6r myggram, modell 5\/3"},"content":{"rendered":"","protected":false},"excerpt":{"rendered":"<p>F\u00e4sten till HP5-myggram. Monteras p\u00e5 myggramen nedre kant. Kontrollera alltid att du v\u00e4ljer r\u00e4tt modell av underf\u00e4ste genom att titta p\u00e5 produktbilden, eftersom f\u00e4stet \u00e4r specifikt f\u00f6r varje f\u00f6nstertillverkare.<\/p>\n<p>F\u00f6rpackningsstorlek 3 st.<\/p>\n<p>Produktkategori: <a href=\"https:\/\/solar.fi\/tuote-osasto\/varaosat\/hyttyspuitetarvikkeet\/\">Tillbeh\u00f6r till myggram<\/a><\/p>\n","protected":false},"featured_media":33650,"comment_status":"closed","ping_status":"closed","template":"","meta":{"_acf_changed":false,"inline_featured_image":false},"product_brand":[],"product_cat":[1229,734],"product_tag":[],"class_list":{"0":"post-94697","1":"product","2":"type-product","3":"status-publish","4":"has-post-thumbnail","6":"product_cat-hyttyspuitetarvikkeet","7":"product_cat-reservdelar","8":"product_shipping_class-varaosat-sv","10":"first","11":"instock","12":"taxable","13":"shipping-taxable","14":"purchasable","15":"product-type-simple"},"acf":[],"yoast_head":"<!-- This site is optimized with the Yoast SEO plugin v27.3 - https:\/\/yoast.com\/product\/yoast-seo-wordpress\/ -->\n<title>HP5-f\u00e4ste f\u00f6r myggram, modell 5\/3 - Solar<\/title>\n<meta name=\"description\" content=\"Du kan enkelt best\u00e4lla f\u00e4sten och reservdelar till SOLAR-myggram i v\u00e5r webbutik! Vi har \u00e4ven persienner i webbutiken!\" \/>\n<meta name=\"robots\" content=\"index, follow, max-snippet:-1, max-image-preview:large, max-video-preview:-1\" \/>\n<link rel=\"canonical\" href=\"https:\/\/solar.fi\/sv\/produkt\/hp5-kiinnike-5-3\/\" \/>\n<meta property=\"og:locale\" content=\"sv_SE\" \/>\n<meta property=\"og:type\" content=\"article\" \/>\n<meta property=\"og:title\" content=\"HP5-f\u00e4ste f\u00f6r myggram, modell 5\/3 - Solar\" \/>\n<meta property=\"og:description\" content=\"Du kan enkelt best\u00e4lla f\u00e4sten och reservdelar till SOLAR-myggram i v\u00e5r webbutik! Vi har \u00e4ven persienner i webbutiken!\" \/>\n<meta property=\"og:url\" content=\"https:\/\/solar.fi\/sv\/produkt\/hp5-kiinnike-5-3\/\" \/>\n<meta property=\"og:site_name\" content=\"Solar\" \/>\n<meta property=\"article:publisher\" content=\"https:\/\/www.facebook.com\/Solarkaihdin\/\" \/>\n<meta property=\"article:modified_time\" content=\"2026-04-02T12:25:56+00:00\" \/>\n<meta property=\"og:image\" content=\"https:\/\/solar.fi\/wp-content\/uploads\/2020\/12\/Hy\u00f6nteispuitteen-HP5-alakiinnike-5-3.jpg\" \/>\n\t<meta property=\"og:image:width\" content=\"2048\" \/>\n\t<meta property=\"og:image:height\" content=\"2048\" \/>\n\t<meta property=\"og:image:type\" content=\"image\/jpeg\" \/>\n<meta name=\"twitter:card\" content=\"summary_large_image\" \/>\n<script type=\"application\/ld+json\" class=\"yoast-schema-graph\">{\"@context\":\"https:\\\/\\\/schema.org\",\"@graph\":[{\"@type\":\"WebPage\",\"@id\":\"https:\\\/\\\/solar.fi\\\/sv\\\/produkt\\\/hp5-kiinnike-5-3\\\/\",\"url\":\"https:\\\/\\\/solar.fi\\\/sv\\\/produkt\\\/hp5-kiinnike-5-3\\\/\",\"name\":\"HP5-f\u00e4ste f\u00f6r myggram, modell 5\\\/3 - Solar\",\"isPartOf\":{\"@id\":\"https:\\\/\\\/solar.fi\\\/#website\"},\"primaryImageOfPage\":{\"@id\":\"https:\\\/\\\/solar.fi\\\/sv\\\/produkt\\\/hp5-kiinnike-5-3\\\/#primaryimage\"},\"image\":{\"@id\":\"https:\\\/\\\/solar.fi\\\/sv\\\/produkt\\\/hp5-kiinnike-5-3\\\/#primaryimage\"},\"thumbnailUrl\":\"https:\\\/\\\/solar.fi\\\/wp-content\\\/uploads\\\/2020\\\/12\\\/Hy\u00f6nteispuitteen-HP5-alakiinnike-5-3.jpg\",\"datePublished\":\"2021-06-11T08:25:01+00:00\",\"dateModified\":\"2026-04-02T12:25:56+00:00\",\"description\":\"Du kan enkelt best\u00e4lla f\u00e4sten och reservdelar till SOLAR-myggram i v\u00e5r webbutik! Vi har \u00e4ven persienner i webbutiken!\",\"breadcrumb\":{\"@id\":\"https:\\\/\\\/solar.fi\\\/sv\\\/produkt\\\/hp5-kiinnike-5-3\\\/#breadcrumb\"},\"inLanguage\":\"sv-SE\",\"potentialAction\":[{\"@type\":\"ReadAction\",\"target\":[\"https:\\\/\\\/solar.fi\\\/sv\\\/produkt\\\/hp5-kiinnike-5-3\\\/\"]}]},{\"@type\":\"ImageObject\",\"inLanguage\":\"sv-SE\",\"@id\":\"https:\\\/\\\/solar.fi\\\/sv\\\/produkt\\\/hp5-kiinnike-5-3\\\/#primaryimage\",\"url\":\"https:\\\/\\\/solar.fi\\\/wp-content\\\/uploads\\\/2020\\\/12\\\/Hy\u00f6nteispuitteen-HP5-alakiinnike-5-3.jpg\",\"contentUrl\":\"https:\\\/\\\/solar.fi\\\/wp-content\\\/uploads\\\/2020\\\/12\\\/Hy\u00f6nteispuitteen-HP5-alakiinnike-5-3.jpg\",\"width\":2048,\"height\":2048,\"caption\":\"Ikkunan hy\u00f6nteisverkon alakiinnike H5 5\\\/3.\"},{\"@type\":\"BreadcrumbList\",\"@id\":\"https:\\\/\\\/solar.fi\\\/sv\\\/produkt\\\/hp5-kiinnike-5-3\\\/#breadcrumb\",\"itemListElement\":[{\"@type\":\"ListItem\",\"position\":1,\"name\":\"Etusivu\",\"item\":\"https:\\\/\\\/solar.fi\\\/sv\\\/\"},{\"@type\":\"ListItem\",\"position\":2,\"name\":\"Produkter\",\"item\":\"https:\\\/\\\/solar.fi\\\/sv\\\/produkter\\\/\"},{\"@type\":\"ListItem\",\"position\":3,\"name\":\"HP5-f\u00e4ste f\u00f6r myggram, modell 5\\\/3\"}]},{\"@type\":\"WebSite\",\"@id\":\"https:\\\/\\\/solar.fi\\\/#website\",\"url\":\"https:\\\/\\\/solar.fi\\\/\",\"name\":\"Solar\",\"description\":\"Love the Sun\",\"publisher\":{\"@id\":\"https:\\\/\\\/solar.fi\\\/#organization\"},\"potentialAction\":[{\"@type\":\"SearchAction\",\"target\":{\"@type\":\"EntryPoint\",\"urlTemplate\":\"https:\\\/\\\/solar.fi\\\/?s={search_term_string}\"},\"query-input\":{\"@type\":\"PropertyValueSpecification\",\"valueRequired\":true,\"valueName\":\"search_term_string\"}}],\"inLanguage\":\"sv-SE\"},{\"@type\":\"Organization\",\"@id\":\"https:\\\/\\\/solar.fi\\\/#organization\",\"name\":\"Solar\",\"url\":\"https:\\\/\\\/solar.fi\\\/\",\"logo\":{\"@type\":\"ImageObject\",\"inLanguage\":\"sv-SE\",\"@id\":\"https:\\\/\\\/solar.fi\\\/#\\\/schema\\\/logo\\\/image\\\/\",\"url\":\"https:\\\/\\\/solar.fi\\\/wp-content\\\/uploads\\\/2019\\\/04\\\/solar-logo.png\",\"contentUrl\":\"https:\\\/\\\/solar.fi\\\/wp-content\\\/uploads\\\/2019\\\/04\\\/solar-logo.png\",\"width\":298,\"height\":132,\"caption\":\"Solar\"},\"image\":{\"@id\":\"https:\\\/\\\/solar.fi\\\/#\\\/schema\\\/logo\\\/image\\\/\"},\"sameAs\":[\"https:\\\/\\\/www.facebook.com\\\/Solarkaihdin\\\/\",\"https:\\\/\\\/www.instagram.com\\\/solarkaihdin\\\/\",\"https:\\\/\\\/fi.pinterest.com\\\/solarkaihdin16\\\/\",\"https:\\\/\\\/www.youtube.com\\\/c\\\/SolarKaihdinKyKalajoki?app=desktop\",\"https:\\\/\\\/fi.linkedin.com\\\/company\\\/solar-kaihdin-oy?trk=similar-pages\",\"https:\\\/\\\/www.tiktok.com\\\/@solarkaihdin\"]}]}<\/script>\n<!-- \/ Yoast SEO plugin. -->","yoast_head_json":{"title":"HP5-f\u00e4ste f\u00f6r myggram, modell 5\/3 - Solar","description":"Du kan enkelt best\u00e4lla f\u00e4sten och reservdelar till SOLAR-myggram i v\u00e5r webbutik! Vi har \u00e4ven persienner i webbutiken!","robots":{"index":"index","follow":"follow","max-snippet":"max-snippet:-1","max-image-preview":"max-image-preview:large","max-video-preview":"max-video-preview:-1"},"canonical":"https:\/\/solar.fi\/sv\/produkt\/hp5-kiinnike-5-3\/","og_locale":"sv_SE","og_type":"article","og_title":"HP5-f\u00e4ste f\u00f6r myggram, modell 5\/3 - Solar","og_description":"Du kan enkelt best\u00e4lla f\u00e4sten och reservdelar till SOLAR-myggram i v\u00e5r webbutik! Vi har \u00e4ven persienner i webbutiken!","og_url":"https:\/\/solar.fi\/sv\/produkt\/hp5-kiinnike-5-3\/","og_site_name":"Solar","article_publisher":"https:\/\/www.facebook.com\/Solarkaihdin\/","article_modified_time":"2026-04-02T12:25:56+00:00","og_image":[{"width":2048,"height":2048,"url":"https:\/\/solar.fi\/wp-content\/uploads\/2020\/12\/Hy\u00f6nteispuitteen-HP5-alakiinnike-5-3.jpg","type":"image\/jpeg"}],"twitter_card":"summary_large_image","schema":{"@context":"https:\/\/schema.org","@graph":[{"@type":"WebPage","@id":"https:\/\/solar.fi\/sv\/produkt\/hp5-kiinnike-5-3\/","url":"https:\/\/solar.fi\/sv\/produkt\/hp5-kiinnike-5-3\/","name":"HP5-f\u00e4ste f\u00f6r myggram, modell 5\/3 - Solar","isPartOf":{"@id":"https:\/\/solar.fi\/#website"},"primaryImageOfPage":{"@id":"https:\/\/solar.fi\/sv\/produkt\/hp5-kiinnike-5-3\/#primaryimage"},"image":{"@id":"https:\/\/solar.fi\/sv\/produkt\/hp5-kiinnike-5-3\/#primaryimage"},"thumbnailUrl":"https:\/\/solar.fi\/wp-content\/uploads\/2020\/12\/Hy\u00f6nteispuitteen-HP5-alakiinnike-5-3.jpg","datePublished":"2021-06-11T08:25:01+00:00","dateModified":"2026-04-02T12:25:56+00:00","description":"Du kan enkelt best\u00e4lla f\u00e4sten och reservdelar till SOLAR-myggram i v\u00e5r webbutik! Vi har \u00e4ven persienner i webbutiken!","breadcrumb":{"@id":"https:\/\/solar.fi\/sv\/produkt\/hp5-kiinnike-5-3\/#breadcrumb"},"inLanguage":"sv-SE","potentialAction":[{"@type":"ReadAction","target":["https:\/\/solar.fi\/sv\/produkt\/hp5-kiinnike-5-3\/"]}]},{"@type":"ImageObject","inLanguage":"sv-SE","@id":"https:\/\/solar.fi\/sv\/produkt\/hp5-kiinnike-5-3\/#primaryimage","url":"https:\/\/solar.fi\/wp-content\/uploads\/2020\/12\/Hy\u00f6nteispuitteen-HP5-alakiinnike-5-3.jpg","contentUrl":"https:\/\/solar.fi\/wp-content\/uploads\/2020\/12\/Hy\u00f6nteispuitteen-HP5-alakiinnike-5-3.jpg","width":2048,"height":2048,"caption":"Ikkunan hy\u00f6nteisverkon alakiinnike H5 5\/3."},{"@type":"BreadcrumbList","@id":"https:\/\/solar.fi\/sv\/produkt\/hp5-kiinnike-5-3\/#breadcrumb","itemListElement":[{"@type":"ListItem","position":1,"name":"Etusivu","item":"https:\/\/solar.fi\/sv\/"},{"@type":"ListItem","position":2,"name":"Produkter","item":"https:\/\/solar.fi\/sv\/produkter\/"},{"@type":"ListItem","position":3,"name":"HP5-f\u00e4ste f\u00f6r myggram, modell 5\/3"}]},{"@type":"WebSite","@id":"https:\/\/solar.fi\/#website","url":"https:\/\/solar.fi\/","name":"Solar","description":"Love the Sun","publisher":{"@id":"https:\/\/solar.fi\/#organization"},"potentialAction":[{"@type":"SearchAction","target":{"@type":"EntryPoint","urlTemplate":"https:\/\/solar.fi\/?s={search_term_string}"},"query-input":{"@type":"PropertyValueSpecification","valueRequired":true,"valueName":"search_term_string"}}],"inLanguage":"sv-SE"},{"@type":"Organization","@id":"https:\/\/solar.fi\/#organization","name":"Solar","url":"https:\/\/solar.fi\/","logo":{"@type":"ImageObject","inLanguage":"sv-SE","@id":"https:\/\/solar.fi\/#\/schema\/logo\/image\/","url":"https:\/\/solar.fi\/wp-content\/uploads\/2019\/04\/solar-logo.png","contentUrl":"https:\/\/solar.fi\/wp-content\/uploads\/2019\/04\/solar-logo.png","width":298,"height":132,"caption":"Solar"},"image":{"@id":"https:\/\/solar.fi\/#\/schema\/logo\/image\/"},"sameAs":["https:\/\/www.facebook.com\/Solarkaihdin\/","https:\/\/www.instagram.com\/solarkaihdin\/","https:\/\/fi.pinterest.com\/solarkaihdin16\/","https:\/\/www.youtube.com\/c\/SolarKaihdinKyKalajoki?app=desktop","https:\/\/fi.linkedin.com\/company\/solar-kaihdin-oy?trk=similar-pages","https:\/\/www.tiktok.com\/@solarkaihdin"]}]}},"_links":{"self":[{"href":"https:\/\/solar.fi\/sv\/wp-json\/wp\/v2\/product\/94697","targetHints":{"allow":["GET"]}}],"collection":[{"href":"https:\/\/solar.fi\/sv\/wp-json\/wp\/v2\/product"}],"about":[{"href":"https:\/\/solar.fi\/sv\/wp-json\/wp\/v2\/types\/product"}],"replies":[{"embeddable":true,"href":"https:\/\/solar.fi\/sv\/wp-json\/wp\/v2\/comments?post=94697"}],"wp:featuredmedia":[{"embeddable":true,"href":"https:\/\/solar.fi\/sv\/wp-json\/wp\/v2\/media\/33650"}],"wp:attachment":[{"href":"https:\/\/solar.fi\/sv\/wp-json\/wp\/v2\/media?parent=94697"}],"wp:term":[{"taxonomy":"product_brand","embeddable":true,"href":"https:\/\/solar.fi\/sv\/wp-json\/wp\/v2\/product_brand?post=94697"},{"taxonomy":"product_cat","embeddable":true,"href":"https:\/\/solar.fi\/sv\/wp-json\/wp\/v2\/product_cat?post=94697"},{"taxonomy":"product_tag","embeddable":true,"href":"https:\/\/solar.fi\/sv\/wp-json\/wp\/v2\/product_tag?post=94697"}],"curies":[{"name":"wp","href":"https:\/\/api.w.org\/{rel}","templated":true}]}}