{"id":94652,"date":"2021-10-06T13:05:11","date_gmt":"2021-10-06T10:05:11","guid":{"rendered":"https:\/\/solar.fi\/tuote\/handy-top-ketju-ja-pidin\/"},"modified":"2026-04-02T13:15:27","modified_gmt":"2026-04-02T10:15:27","slug":"https-solar-fi-sv-produkt-handy-top-ketju-ja-pidin","status":"publish","type":"product","link":"https:\/\/solar.fi\/sv\/produkt\/https-solar-fi-sv-produkt-handy-top-ketju-ja-pidin\/","title":{"rendered":"Kuggkedja och fast kuggkedjeh\u00e5llare till SOLAR handy TOP-persienn"},"content":{"rendered":"","protected":false},"excerpt":{"rendered":"<p>Kulkedja och kulkedjeh\u00e5llare till SOLAR handy TOP-persienn. Kedjan \u00e4r i ett stycke och passar till persienner med fast kulkedjeh\u00e5llare. Kuggkedjans l\u00e4ngd \u00e4r 750 mm. F\u00f6rpackningen inneh\u00e5ller tv\u00e5 kuggkedjor, tv\u00e5 fasta kuggkedjeh\u00e5llare, skruvar till h\u00e5llarna samt monteringsanvisning. Kuggkedjan finns i f\u00e4rgerna vit och gr\u00e5. Kuggkedjeh\u00e5llaren \u00e4r klar.<\/p>\n<p>Anv\u00e4nd endast den fasta kulkedjan tillsammans med den fasta kulkedjeh\u00e5llaren f\u00f6r att s\u00e4kerst\u00e4lla att persiennen \u00e4r barns\u00e4ker!<\/p>\n<p>F\u00f6r den \u00f6ppningsbara kulkedjan m\u00e5ste en tv\u00e5delad kulkedjeh\u00e5llare anv\u00e4ndas f\u00f6r att s\u00e4kerst\u00e4lla att persiennen fungerar korrekt!<\/p>\n<p>Produktkategori: <a href=\"https:\/\/solar.fi\/sv\/produkt-kategori\/salekaihdintarvikkeet\/\">Tillbeh\u00f6r till persienner<\/a><\/p>\n","protected":false},"featured_media":33625,"comment_status":"closed","ping_status":"closed","template":"","meta":{"_acf_changed":false,"inline_featured_image":false},"product_brand":[],"product_cat":[734,1228],"product_tag":[],"class_list":{"0":"post-94652","1":"product","2":"type-product","3":"status-publish","4":"has-post-thumbnail","6":"product_cat-reservdelar","7":"product_cat-salekaihdintarvikkeet","8":"product_shipping_class-varaosat-sv","9":"pa_vari-gra","10":"pa_vari-valkoinen-sv","12":"first","13":"instock","14":"taxable","15":"shipping-taxable","16":"purchasable","17":"product-type-variable"},"acf":[],"yoast_head":"<!-- This site is optimized with the Yoast SEO plugin v27.3 - https:\/\/yoast.com\/product\/yoast-seo-wordpress\/ -->\n<title>Kuggkedja och fast kuggkedjeh\u00e5llare till SOLAR handy TOP-persienn - Solar<\/title>\n<meta name=\"description\" content=\"Reservdelar till Handy TOP-persienner, s\u00e5som kulledskedjor och kulledsh\u00e5llare, kan best\u00e4llas fr\u00e5n v\u00e5r webbutik. Best\u00e4ll reservdelar till persienner fr\u00e5n v\u00e5r webbutik!\" \/>\n<meta name=\"robots\" content=\"index, follow, max-snippet:-1, max-image-preview:large, max-video-preview:-1\" \/>\n<link rel=\"canonical\" href=\"https:\/\/solar.fi\/sv\/produkt\/https-solar-fi-sv-produkt-handy-top-ketju-ja-pidin\/\" \/>\n<meta property=\"og:locale\" content=\"sv_SE\" \/>\n<meta property=\"og:type\" content=\"article\" \/>\n<meta property=\"og:title\" content=\"Kuggkedja och fast kuggkedjeh\u00e5llare till SOLAR handy TOP-persienn - Solar\" \/>\n<meta property=\"og:description\" content=\"Reservdelar till Handy TOP-persienner, s\u00e5som kulledskedjor och kulledsh\u00e5llare, kan best\u00e4llas fr\u00e5n v\u00e5r webbutik. Best\u00e4ll reservdelar till persienner fr\u00e5n v\u00e5r webbutik!\" \/>\n<meta property=\"og:url\" content=\"https:\/\/solar.fi\/sv\/produkt\/https-solar-fi-sv-produkt-handy-top-ketju-ja-pidin\/\" \/>\n<meta property=\"og:site_name\" content=\"Solar\" \/>\n<meta property=\"article:publisher\" content=\"https:\/\/www.facebook.com\/Solarkaihdin\/\" \/>\n<meta property=\"article:modified_time\" content=\"2026-04-02T10:15:27+00:00\" \/>\n<meta property=\"og:image\" content=\"https:\/\/solar.fi\/wp-content\/uploads\/2020\/12\/Handy-TOP-s\u00e4lekaihtimen-kuulaketju.jpg\" \/>\n\t<meta property=\"og:image:width\" content=\"2048\" \/>\n\t<meta property=\"og:image:height\" content=\"2048\" \/>\n\t<meta property=\"og:image:type\" content=\"image\/jpeg\" \/>\n<meta name=\"twitter:card\" content=\"summary_large_image\" \/>\n<script type=\"application\/ld+json\" class=\"yoast-schema-graph\">{\"@context\":\"https:\\\/\\\/schema.org\",\"@graph\":[{\"@type\":\"WebPage\",\"@id\":\"https:\\\/\\\/solar.fi\\\/sv\\\/produkt\\\/https-solar-fi-sv-produkt-handy-top-ketju-ja-pidin\\\/\",\"url\":\"https:\\\/\\\/solar.fi\\\/sv\\\/produkt\\\/https-solar-fi-sv-produkt-handy-top-ketju-ja-pidin\\\/\",\"name\":\"Kuggkedja och fast kuggkedjeh\u00e5llare till SOLAR handy TOP-persienn - Solar\",\"isPartOf\":{\"@id\":\"https:\\\/\\\/solar.fi\\\/#website\"},\"primaryImageOfPage\":{\"@id\":\"https:\\\/\\\/solar.fi\\\/sv\\\/produkt\\\/https-solar-fi-sv-produkt-handy-top-ketju-ja-pidin\\\/#primaryimage\"},\"image\":{\"@id\":\"https:\\\/\\\/solar.fi\\\/sv\\\/produkt\\\/https-solar-fi-sv-produkt-handy-top-ketju-ja-pidin\\\/#primaryimage\"},\"thumbnailUrl\":\"https:\\\/\\\/solar.fi\\\/wp-content\\\/uploads\\\/2020\\\/12\\\/Handy-TOP-s\u00e4lekaihtimen-kuulaketju.jpg\",\"datePublished\":\"2021-10-06T10:05:11+00:00\",\"dateModified\":\"2026-04-02T10:15:27+00:00\",\"description\":\"Reservdelar till Handy TOP-persienner, s\u00e5som kulledskedjor och kulledsh\u00e5llare, kan best\u00e4llas fr\u00e5n v\u00e5r webbutik. Best\u00e4ll reservdelar till persienner fr\u00e5n v\u00e5r webbutik!\",\"breadcrumb\":{\"@id\":\"https:\\\/\\\/solar.fi\\\/sv\\\/produkt\\\/https-solar-fi-sv-produkt-handy-top-ketju-ja-pidin\\\/#breadcrumb\"},\"inLanguage\":\"sv-SE\",\"potentialAction\":[{\"@type\":\"ReadAction\",\"target\":[\"https:\\\/\\\/solar.fi\\\/sv\\\/produkt\\\/https-solar-fi-sv-produkt-handy-top-ketju-ja-pidin\\\/\"]}]},{\"@type\":\"ImageObject\",\"inLanguage\":\"sv-SE\",\"@id\":\"https:\\\/\\\/solar.fi\\\/sv\\\/produkt\\\/https-solar-fi-sv-produkt-handy-top-ketju-ja-pidin\\\/#primaryimage\",\"url\":\"https:\\\/\\\/solar.fi\\\/wp-content\\\/uploads\\\/2020\\\/12\\\/Handy-TOP-s\u00e4lekaihtimen-kuulaketju.jpg\",\"contentUrl\":\"https:\\\/\\\/solar.fi\\\/wp-content\\\/uploads\\\/2020\\\/12\\\/Handy-TOP-s\u00e4lekaihtimen-kuulaketju.jpg\",\"width\":2048,\"height\":2048,\"caption\":\"S\u00e4lekaihtimen va\"},{\"@type\":\"BreadcrumbList\",\"@id\":\"https:\\\/\\\/solar.fi\\\/sv\\\/produkt\\\/https-solar-fi-sv-produkt-handy-top-ketju-ja-pidin\\\/#breadcrumb\",\"itemListElement\":[{\"@type\":\"ListItem\",\"position\":1,\"name\":\"Etusivu\",\"item\":\"https:\\\/\\\/solar.fi\\\/sv\\\/\"},{\"@type\":\"ListItem\",\"position\":2,\"name\":\"Produkter\",\"item\":\"https:\\\/\\\/solar.fi\\\/sv\\\/produkter\\\/\"},{\"@type\":\"ListItem\",\"position\":3,\"name\":\"Kuggkedja och fast kuggkedjeh\u00e5llare till SOLAR handy TOP-persienn\"}]},{\"@type\":\"WebSite\",\"@id\":\"https:\\\/\\\/solar.fi\\\/#website\",\"url\":\"https:\\\/\\\/solar.fi\\\/\",\"name\":\"Solar\",\"description\":\"Love the Sun\",\"publisher\":{\"@id\":\"https:\\\/\\\/solar.fi\\\/#organization\"},\"potentialAction\":[{\"@type\":\"SearchAction\",\"target\":{\"@type\":\"EntryPoint\",\"urlTemplate\":\"https:\\\/\\\/solar.fi\\\/?s={search_term_string}\"},\"query-input\":{\"@type\":\"PropertyValueSpecification\",\"valueRequired\":true,\"valueName\":\"search_term_string\"}}],\"inLanguage\":\"sv-SE\"},{\"@type\":\"Organization\",\"@id\":\"https:\\\/\\\/solar.fi\\\/#organization\",\"name\":\"Solar\",\"url\":\"https:\\\/\\\/solar.fi\\\/\",\"logo\":{\"@type\":\"ImageObject\",\"inLanguage\":\"sv-SE\",\"@id\":\"https:\\\/\\\/solar.fi\\\/#\\\/schema\\\/logo\\\/image\\\/\",\"url\":\"https:\\\/\\\/solar.fi\\\/wp-content\\\/uploads\\\/2019\\\/04\\\/solar-logo.png\",\"contentUrl\":\"https:\\\/\\\/solar.fi\\\/wp-content\\\/uploads\\\/2019\\\/04\\\/solar-logo.png\",\"width\":298,\"height\":132,\"caption\":\"Solar\"},\"image\":{\"@id\":\"https:\\\/\\\/solar.fi\\\/#\\\/schema\\\/logo\\\/image\\\/\"},\"sameAs\":[\"https:\\\/\\\/www.facebook.com\\\/Solarkaihdin\\\/\",\"https:\\\/\\\/www.instagram.com\\\/solarkaihdin\\\/\",\"https:\\\/\\\/fi.pinterest.com\\\/solarkaihdin16\\\/\",\"https:\\\/\\\/www.youtube.com\\\/c\\\/SolarKaihdinKyKalajoki?app=desktop\",\"https:\\\/\\\/fi.linkedin.com\\\/company\\\/solar-kaihdin-oy?trk=similar-pages\",\"https:\\\/\\\/www.tiktok.com\\\/@solarkaihdin\"]}]}<\/script>\n<!-- \/ Yoast SEO plugin. -->","yoast_head_json":{"title":"Kuggkedja och fast kuggkedjeh\u00e5llare till SOLAR handy TOP-persienn - Solar","description":"Reservdelar till Handy TOP-persienner, s\u00e5som kulledskedjor och kulledsh\u00e5llare, kan best\u00e4llas fr\u00e5n v\u00e5r webbutik. Best\u00e4ll reservdelar till persienner fr\u00e5n v\u00e5r webbutik!","robots":{"index":"index","follow":"follow","max-snippet":"max-snippet:-1","max-image-preview":"max-image-preview:large","max-video-preview":"max-video-preview:-1"},"canonical":"https:\/\/solar.fi\/sv\/produkt\/https-solar-fi-sv-produkt-handy-top-ketju-ja-pidin\/","og_locale":"sv_SE","og_type":"article","og_title":"Kuggkedja och fast kuggkedjeh\u00e5llare till SOLAR handy TOP-persienn - Solar","og_description":"Reservdelar till Handy TOP-persienner, s\u00e5som kulledskedjor och kulledsh\u00e5llare, kan best\u00e4llas fr\u00e5n v\u00e5r webbutik. Best\u00e4ll reservdelar till persienner fr\u00e5n v\u00e5r webbutik!","og_url":"https:\/\/solar.fi\/sv\/produkt\/https-solar-fi-sv-produkt-handy-top-ketju-ja-pidin\/","og_site_name":"Solar","article_publisher":"https:\/\/www.facebook.com\/Solarkaihdin\/","article_modified_time":"2026-04-02T10:15:27+00:00","og_image":[{"width":2048,"height":2048,"url":"https:\/\/solar.fi\/wp-content\/uploads\/2020\/12\/Handy-TOP-s\u00e4lekaihtimen-kuulaketju.jpg","type":"image\/jpeg"}],"twitter_card":"summary_large_image","schema":{"@context":"https:\/\/schema.org","@graph":[{"@type":"WebPage","@id":"https:\/\/solar.fi\/sv\/produkt\/https-solar-fi-sv-produkt-handy-top-ketju-ja-pidin\/","url":"https:\/\/solar.fi\/sv\/produkt\/https-solar-fi-sv-produkt-handy-top-ketju-ja-pidin\/","name":"Kuggkedja och fast kuggkedjeh\u00e5llare till SOLAR handy TOP-persienn - Solar","isPartOf":{"@id":"https:\/\/solar.fi\/#website"},"primaryImageOfPage":{"@id":"https:\/\/solar.fi\/sv\/produkt\/https-solar-fi-sv-produkt-handy-top-ketju-ja-pidin\/#primaryimage"},"image":{"@id":"https:\/\/solar.fi\/sv\/produkt\/https-solar-fi-sv-produkt-handy-top-ketju-ja-pidin\/#primaryimage"},"thumbnailUrl":"https:\/\/solar.fi\/wp-content\/uploads\/2020\/12\/Handy-TOP-s\u00e4lekaihtimen-kuulaketju.jpg","datePublished":"2021-10-06T10:05:11+00:00","dateModified":"2026-04-02T10:15:27+00:00","description":"Reservdelar till Handy TOP-persienner, s\u00e5som kulledskedjor och kulledsh\u00e5llare, kan best\u00e4llas fr\u00e5n v\u00e5r webbutik. Best\u00e4ll reservdelar till persienner fr\u00e5n v\u00e5r webbutik!","breadcrumb":{"@id":"https:\/\/solar.fi\/sv\/produkt\/https-solar-fi-sv-produkt-handy-top-ketju-ja-pidin\/#breadcrumb"},"inLanguage":"sv-SE","potentialAction":[{"@type":"ReadAction","target":["https:\/\/solar.fi\/sv\/produkt\/https-solar-fi-sv-produkt-handy-top-ketju-ja-pidin\/"]}]},{"@type":"ImageObject","inLanguage":"sv-SE","@id":"https:\/\/solar.fi\/sv\/produkt\/https-solar-fi-sv-produkt-handy-top-ketju-ja-pidin\/#primaryimage","url":"https:\/\/solar.fi\/wp-content\/uploads\/2020\/12\/Handy-TOP-s\u00e4lekaihtimen-kuulaketju.jpg","contentUrl":"https:\/\/solar.fi\/wp-content\/uploads\/2020\/12\/Handy-TOP-s\u00e4lekaihtimen-kuulaketju.jpg","width":2048,"height":2048,"caption":"S\u00e4lekaihtimen va"},{"@type":"BreadcrumbList","@id":"https:\/\/solar.fi\/sv\/produkt\/https-solar-fi-sv-produkt-handy-top-ketju-ja-pidin\/#breadcrumb","itemListElement":[{"@type":"ListItem","position":1,"name":"Etusivu","item":"https:\/\/solar.fi\/sv\/"},{"@type":"ListItem","position":2,"name":"Produkter","item":"https:\/\/solar.fi\/sv\/produkter\/"},{"@type":"ListItem","position":3,"name":"Kuggkedja och fast kuggkedjeh\u00e5llare till SOLAR handy TOP-persienn"}]},{"@type":"WebSite","@id":"https:\/\/solar.fi\/#website","url":"https:\/\/solar.fi\/","name":"Solar","description":"Love the Sun","publisher":{"@id":"https:\/\/solar.fi\/#organization"},"potentialAction":[{"@type":"SearchAction","target":{"@type":"EntryPoint","urlTemplate":"https:\/\/solar.fi\/?s={search_term_string}"},"query-input":{"@type":"PropertyValueSpecification","valueRequired":true,"valueName":"search_term_string"}}],"inLanguage":"sv-SE"},{"@type":"Organization","@id":"https:\/\/solar.fi\/#organization","name":"Solar","url":"https:\/\/solar.fi\/","logo":{"@type":"ImageObject","inLanguage":"sv-SE","@id":"https:\/\/solar.fi\/#\/schema\/logo\/image\/","url":"https:\/\/solar.fi\/wp-content\/uploads\/2019\/04\/solar-logo.png","contentUrl":"https:\/\/solar.fi\/wp-content\/uploads\/2019\/04\/solar-logo.png","width":298,"height":132,"caption":"Solar"},"image":{"@id":"https:\/\/solar.fi\/#\/schema\/logo\/image\/"},"sameAs":["https:\/\/www.facebook.com\/Solarkaihdin\/","https:\/\/www.instagram.com\/solarkaihdin\/","https:\/\/fi.pinterest.com\/solarkaihdin16\/","https:\/\/www.youtube.com\/c\/SolarKaihdinKyKalajoki?app=desktop","https:\/\/fi.linkedin.com\/company\/solar-kaihdin-oy?trk=similar-pages","https:\/\/www.tiktok.com\/@solarkaihdin"]}]}},"_links":{"self":[{"href":"https:\/\/solar.fi\/sv\/wp-json\/wp\/v2\/product\/94652","targetHints":{"allow":["GET"]}}],"collection":[{"href":"https:\/\/solar.fi\/sv\/wp-json\/wp\/v2\/product"}],"about":[{"href":"https:\/\/solar.fi\/sv\/wp-json\/wp\/v2\/types\/product"}],"replies":[{"embeddable":true,"href":"https:\/\/solar.fi\/sv\/wp-json\/wp\/v2\/comments?post=94652"}],"wp:featuredmedia":[{"embeddable":true,"href":"https:\/\/solar.fi\/sv\/wp-json\/wp\/v2\/media\/33625"}],"wp:attachment":[{"href":"https:\/\/solar.fi\/sv\/wp-json\/wp\/v2\/media?parent=94652"}],"wp:term":[{"taxonomy":"product_brand","embeddable":true,"href":"https:\/\/solar.fi\/sv\/wp-json\/wp\/v2\/product_brand?post=94652"},{"taxonomy":"product_cat","embeddable":true,"href":"https:\/\/solar.fi\/sv\/wp-json\/wp\/v2\/product_cat?post=94652"},{"taxonomy":"product_tag","embeddable":true,"href":"https:\/\/solar.fi\/sv\/wp-json\/wp\/v2\/product_tag?post=94652"}],"curies":[{"name":"wp","href":"https:\/\/api.w.org\/{rel}","templated":true}]}}