{"id":58564,"date":"2022-01-25T15:50:04","date_gmt":"2022-01-25T13:50:04","guid":{"rendered":"https:\/\/solar.fi\/?post_type=product&#038;p=58564"},"modified":"2025-06-10T12:53:14","modified_gmt":"2025-06-10T09:53:14","slug":"solar-morklaggningsgardin-pa-glasytor-fonster-dorr","status":"publish","type":"product","link":"https:\/\/solar.fi\/sv\/produkt\/solar-morklaggningsgardin-pa-glasytor-fonster-dorr\/","title":{"rendered":"SOLAR M\u00f6rkl\u00e4ggningsgardin p\u00e5 glasytor f\u00f6nster &#038; d\u00f6rr"},"content":{"rendered":"","protected":false},"excerpt":{"rendered":"<p data-pm-slice=\"1 1 []\">M\u00f6rkl\u00e4ggningsgardin som kan justeras b\u00e5de uppifr\u00e5n och nerifr\u00e5n. Perfekt f\u00f6r sovrum och andra utrymmen d\u00e4r effektiv m\u00f6rkl\u00e4ggning beh\u00f6vs. Produkten kan monteras direkt p\u00e5 glasytan i f\u00f6nster och d\u00f6rrar.<\/p>\n<p>M\u00f6rkl\u00e4ggningsgrad: 4\/5<\/p>\n","protected":false},"featured_media":83223,"comment_status":"open","ping_status":"closed","template":"","meta":{"_acf_changed":false,"inline_featured_image":false},"product_brand":[],"product_cat":[1092],"product_tag":[],"class_list":{"0":"post-58564","1":"product","2":"type-product","3":"status-publish","4":"has-post-thumbnail","6":"product_cat-morklaggningsgardiner-sv","7":"pa_vari-2940720201-swan-sv","8":"pa_vari-2940721831-charcoal-sv","9":"pa_vari-2940724532-elephant-sv","10":"pa_vari-2940727034-mouse-sv","12":"first","13":"instock","14":"featured","15":"taxable","16":"shipping-taxable","17":"purchasable","18":"product-type-variable"},"acf":[],"yoast_head":"<!-- This site is optimized with the Yoast SEO plugin v27.3 - https:\/\/yoast.com\/product\/yoast-seo-wordpress\/ -->\n<title>SOLAR M\u00f6rkl\u00e4ggningsgardin p\u00e5 glasytor f\u00f6nster &amp; d\u00f6rr - Solar<\/title>\n<meta name=\"robots\" content=\"index, follow, max-snippet:-1, max-image-preview:large, max-video-preview:-1\" \/>\n<link rel=\"canonical\" href=\"https:\/\/solar.fi\/sv\/produkt\/solar-morklaggningsgardin-pa-glasytor-fonster-dorr\/\" \/>\n<meta property=\"og:locale\" content=\"sv_SE\" \/>\n<meta property=\"og:type\" content=\"article\" \/>\n<meta property=\"og:title\" content=\"SOLAR M\u00f6rkl\u00e4ggningsgardin p\u00e5 glasytor f\u00f6nster &amp; d\u00f6rr - Solar\" \/>\n<meta property=\"og:description\" content=\"M\u00f6rkl\u00e4ggningsgardin som kan justeras b\u00e5de uppifr\u00e5n och nerifr\u00e5n. Perfekt f\u00f6r sovrum och andra utrymmen d\u00e4r effektiv m\u00f6rkl\u00e4ggning beh\u00f6vs. Produkten kan monteras direkt p\u00e5 glasytan i f\u00f6nster och d\u00f6rrar. M\u00f6rkl\u00e4ggningsgrad: 4\/5\" \/>\n<meta property=\"og:url\" content=\"https:\/\/solar.fi\/sv\/produkt\/solar-morklaggningsgardin-pa-glasytor-fonster-dorr\/\" \/>\n<meta property=\"og:site_name\" content=\"Solar\" \/>\n<meta property=\"article:publisher\" content=\"https:\/\/www.facebook.com\/Solarkaihdin\/\" \/>\n<meta property=\"article:modified_time\" content=\"2025-06-10T09:53:14+00:00\" \/>\n<meta property=\"og:image\" content=\"https:\/\/solar.fi\/wp-content\/uploads\/2025\/04\/musta-vekkikaihdin-musta-johde-scaled.jpg\" \/>\n\t<meta property=\"og:image:width\" content=\"2560\" \/>\n\t<meta property=\"og:image:height\" content=\"1508\" \/>\n\t<meta property=\"og:image:type\" content=\"image\/jpeg\" \/>\n<meta name=\"twitter:card\" content=\"summary_large_image\" \/>\n<script type=\"application\/ld+json\" class=\"yoast-schema-graph\">{\"@context\":\"https:\\\/\\\/schema.org\",\"@graph\":[{\"@type\":\"WebPage\",\"@id\":\"https:\\\/\\\/solar.fi\\\/sv\\\/produkt\\\/solar-morklaggningsgardin-pa-glasytor-fonster-dorr\\\/\",\"url\":\"https:\\\/\\\/solar.fi\\\/sv\\\/produkt\\\/solar-morklaggningsgardin-pa-glasytor-fonster-dorr\\\/\",\"name\":\"SOLAR M\u00f6rkl\u00e4ggningsgardin p\u00e5 glasytor f\u00f6nster & d\u00f6rr - Solar\",\"isPartOf\":{\"@id\":\"https:\\\/\\\/solar.fi\\\/#website\"},\"primaryImageOfPage\":{\"@id\":\"https:\\\/\\\/solar.fi\\\/sv\\\/produkt\\\/solar-morklaggningsgardin-pa-glasytor-fonster-dorr\\\/#primaryimage\"},\"image\":{\"@id\":\"https:\\\/\\\/solar.fi\\\/sv\\\/produkt\\\/solar-morklaggningsgardin-pa-glasytor-fonster-dorr\\\/#primaryimage\"},\"thumbnailUrl\":\"https:\\\/\\\/solar.fi\\\/wp-content\\\/uploads\\\/2025\\\/04\\\/musta-vekkikaihdin-musta-johde-scaled.jpg\",\"datePublished\":\"2022-01-25T13:50:04+00:00\",\"dateModified\":\"2025-06-10T09:53:14+00:00\",\"breadcrumb\":{\"@id\":\"https:\\\/\\\/solar.fi\\\/sv\\\/produkt\\\/solar-morklaggningsgardin-pa-glasytor-fonster-dorr\\\/#breadcrumb\"},\"inLanguage\":\"sv-SE\",\"potentialAction\":[{\"@type\":\"ReadAction\",\"target\":[\"https:\\\/\\\/solar.fi\\\/sv\\\/produkt\\\/solar-morklaggningsgardin-pa-glasytor-fonster-dorr\\\/\"]}]},{\"@type\":\"ImageObject\",\"inLanguage\":\"sv-SE\",\"@id\":\"https:\\\/\\\/solar.fi\\\/sv\\\/produkt\\\/solar-morklaggningsgardin-pa-glasytor-fonster-dorr\\\/#primaryimage\",\"url\":\"https:\\\/\\\/solar.fi\\\/wp-content\\\/uploads\\\/2025\\\/04\\\/musta-vekkikaihdin-musta-johde-scaled.jpg\",\"contentUrl\":\"https:\\\/\\\/solar.fi\\\/wp-content\\\/uploads\\\/2025\\\/04\\\/musta-vekkikaihdin-musta-johde-scaled.jpg\",\"width\":2560,\"height\":1508,\"caption\":\"Musta vekkikaihdin ikkunaan\"},{\"@type\":\"BreadcrumbList\",\"@id\":\"https:\\\/\\\/solar.fi\\\/sv\\\/produkt\\\/solar-morklaggningsgardin-pa-glasytor-fonster-dorr\\\/#breadcrumb\",\"itemListElement\":[{\"@type\":\"ListItem\",\"position\":1,\"name\":\"Etusivu\",\"item\":\"https:\\\/\\\/solar.fi\\\/sv\\\/\"},{\"@type\":\"ListItem\",\"position\":2,\"name\":\"Produkter\",\"item\":\"https:\\\/\\\/solar.fi\\\/sv\\\/produkter\\\/\"},{\"@type\":\"ListItem\",\"position\":3,\"name\":\"SOLAR M\u00f6rkl\u00e4ggningsgardin p\u00e5 glasytor f\u00f6nster &#038; d\u00f6rr\"}]},{\"@type\":\"WebSite\",\"@id\":\"https:\\\/\\\/solar.fi\\\/#website\",\"url\":\"https:\\\/\\\/solar.fi\\\/\",\"name\":\"Solar\",\"description\":\"Love the Sun\",\"publisher\":{\"@id\":\"https:\\\/\\\/solar.fi\\\/#organization\"},\"potentialAction\":[{\"@type\":\"SearchAction\",\"target\":{\"@type\":\"EntryPoint\",\"urlTemplate\":\"https:\\\/\\\/solar.fi\\\/?s={search_term_string}\"},\"query-input\":{\"@type\":\"PropertyValueSpecification\",\"valueRequired\":true,\"valueName\":\"search_term_string\"}}],\"inLanguage\":\"sv-SE\"},{\"@type\":\"Organization\",\"@id\":\"https:\\\/\\\/solar.fi\\\/#organization\",\"name\":\"Solar\",\"url\":\"https:\\\/\\\/solar.fi\\\/\",\"logo\":{\"@type\":\"ImageObject\",\"inLanguage\":\"sv-SE\",\"@id\":\"https:\\\/\\\/solar.fi\\\/#\\\/schema\\\/logo\\\/image\\\/\",\"url\":\"https:\\\/\\\/solar.fi\\\/wp-content\\\/uploads\\\/2019\\\/04\\\/solar-logo.png\",\"contentUrl\":\"https:\\\/\\\/solar.fi\\\/wp-content\\\/uploads\\\/2019\\\/04\\\/solar-logo.png\",\"width\":298,\"height\":132,\"caption\":\"Solar\"},\"image\":{\"@id\":\"https:\\\/\\\/solar.fi\\\/#\\\/schema\\\/logo\\\/image\\\/\"},\"sameAs\":[\"https:\\\/\\\/www.facebook.com\\\/Solarkaihdin\\\/\",\"https:\\\/\\\/www.instagram.com\\\/solarkaihdin\\\/\",\"https:\\\/\\\/fi.pinterest.com\\\/solarkaihdin16\\\/\",\"https:\\\/\\\/www.youtube.com\\\/c\\\/SolarKaihdinKyKalajoki?app=desktop\",\"https:\\\/\\\/fi.linkedin.com\\\/company\\\/solar-kaihdin-oy?trk=similar-pages\",\"https:\\\/\\\/www.tiktok.com\\\/@solarkaihdin\"]}]}<\/script>\n<!-- \/ Yoast SEO plugin. -->","yoast_head_json":{"title":"SOLAR M\u00f6rkl\u00e4ggningsgardin p\u00e5 glasytor f\u00f6nster & d\u00f6rr - Solar","robots":{"index":"index","follow":"follow","max-snippet":"max-snippet:-1","max-image-preview":"max-image-preview:large","max-video-preview":"max-video-preview:-1"},"canonical":"https:\/\/solar.fi\/sv\/produkt\/solar-morklaggningsgardin-pa-glasytor-fonster-dorr\/","og_locale":"sv_SE","og_type":"article","og_title":"SOLAR M\u00f6rkl\u00e4ggningsgardin p\u00e5 glasytor f\u00f6nster & d\u00f6rr - Solar","og_description":"M\u00f6rkl\u00e4ggningsgardin som kan justeras b\u00e5de uppifr\u00e5n och nerifr\u00e5n. Perfekt f\u00f6r sovrum och andra utrymmen d\u00e4r effektiv m\u00f6rkl\u00e4ggning beh\u00f6vs. Produkten kan monteras direkt p\u00e5 glasytan i f\u00f6nster och d\u00f6rrar. M\u00f6rkl\u00e4ggningsgrad: 4\/5","og_url":"https:\/\/solar.fi\/sv\/produkt\/solar-morklaggningsgardin-pa-glasytor-fonster-dorr\/","og_site_name":"Solar","article_publisher":"https:\/\/www.facebook.com\/Solarkaihdin\/","article_modified_time":"2025-06-10T09:53:14+00:00","og_image":[{"width":2560,"height":1508,"url":"https:\/\/solar.fi\/wp-content\/uploads\/2025\/04\/musta-vekkikaihdin-musta-johde-scaled.jpg","type":"image\/jpeg"}],"twitter_card":"summary_large_image","schema":{"@context":"https:\/\/schema.org","@graph":[{"@type":"WebPage","@id":"https:\/\/solar.fi\/sv\/produkt\/solar-morklaggningsgardin-pa-glasytor-fonster-dorr\/","url":"https:\/\/solar.fi\/sv\/produkt\/solar-morklaggningsgardin-pa-glasytor-fonster-dorr\/","name":"SOLAR M\u00f6rkl\u00e4ggningsgardin p\u00e5 glasytor f\u00f6nster & d\u00f6rr - Solar","isPartOf":{"@id":"https:\/\/solar.fi\/#website"},"primaryImageOfPage":{"@id":"https:\/\/solar.fi\/sv\/produkt\/solar-morklaggningsgardin-pa-glasytor-fonster-dorr\/#primaryimage"},"image":{"@id":"https:\/\/solar.fi\/sv\/produkt\/solar-morklaggningsgardin-pa-glasytor-fonster-dorr\/#primaryimage"},"thumbnailUrl":"https:\/\/solar.fi\/wp-content\/uploads\/2025\/04\/musta-vekkikaihdin-musta-johde-scaled.jpg","datePublished":"2022-01-25T13:50:04+00:00","dateModified":"2025-06-10T09:53:14+00:00","breadcrumb":{"@id":"https:\/\/solar.fi\/sv\/produkt\/solar-morklaggningsgardin-pa-glasytor-fonster-dorr\/#breadcrumb"},"inLanguage":"sv-SE","potentialAction":[{"@type":"ReadAction","target":["https:\/\/solar.fi\/sv\/produkt\/solar-morklaggningsgardin-pa-glasytor-fonster-dorr\/"]}]},{"@type":"ImageObject","inLanguage":"sv-SE","@id":"https:\/\/solar.fi\/sv\/produkt\/solar-morklaggningsgardin-pa-glasytor-fonster-dorr\/#primaryimage","url":"https:\/\/solar.fi\/wp-content\/uploads\/2025\/04\/musta-vekkikaihdin-musta-johde-scaled.jpg","contentUrl":"https:\/\/solar.fi\/wp-content\/uploads\/2025\/04\/musta-vekkikaihdin-musta-johde-scaled.jpg","width":2560,"height":1508,"caption":"Musta vekkikaihdin ikkunaan"},{"@type":"BreadcrumbList","@id":"https:\/\/solar.fi\/sv\/produkt\/solar-morklaggningsgardin-pa-glasytor-fonster-dorr\/#breadcrumb","itemListElement":[{"@type":"ListItem","position":1,"name":"Etusivu","item":"https:\/\/solar.fi\/sv\/"},{"@type":"ListItem","position":2,"name":"Produkter","item":"https:\/\/solar.fi\/sv\/produkter\/"},{"@type":"ListItem","position":3,"name":"SOLAR M\u00f6rkl\u00e4ggningsgardin p\u00e5 glasytor f\u00f6nster &#038; d\u00f6rr"}]},{"@type":"WebSite","@id":"https:\/\/solar.fi\/#website","url":"https:\/\/solar.fi\/","name":"Solar","description":"Love the Sun","publisher":{"@id":"https:\/\/solar.fi\/#organization"},"potentialAction":[{"@type":"SearchAction","target":{"@type":"EntryPoint","urlTemplate":"https:\/\/solar.fi\/?s={search_term_string}"},"query-input":{"@type":"PropertyValueSpecification","valueRequired":true,"valueName":"search_term_string"}}],"inLanguage":"sv-SE"},{"@type":"Organization","@id":"https:\/\/solar.fi\/#organization","name":"Solar","url":"https:\/\/solar.fi\/","logo":{"@type":"ImageObject","inLanguage":"sv-SE","@id":"https:\/\/solar.fi\/#\/schema\/logo\/image\/","url":"https:\/\/solar.fi\/wp-content\/uploads\/2019\/04\/solar-logo.png","contentUrl":"https:\/\/solar.fi\/wp-content\/uploads\/2019\/04\/solar-logo.png","width":298,"height":132,"caption":"Solar"},"image":{"@id":"https:\/\/solar.fi\/#\/schema\/logo\/image\/"},"sameAs":["https:\/\/www.facebook.com\/Solarkaihdin\/","https:\/\/www.instagram.com\/solarkaihdin\/","https:\/\/fi.pinterest.com\/solarkaihdin16\/","https:\/\/www.youtube.com\/c\/SolarKaihdinKyKalajoki?app=desktop","https:\/\/fi.linkedin.com\/company\/solar-kaihdin-oy?trk=similar-pages","https:\/\/www.tiktok.com\/@solarkaihdin"]}]}},"_links":{"self":[{"href":"https:\/\/solar.fi\/sv\/wp-json\/wp\/v2\/product\/58564","targetHints":{"allow":["GET"]}}],"collection":[{"href":"https:\/\/solar.fi\/sv\/wp-json\/wp\/v2\/product"}],"about":[{"href":"https:\/\/solar.fi\/sv\/wp-json\/wp\/v2\/types\/product"}],"replies":[{"embeddable":true,"href":"https:\/\/solar.fi\/sv\/wp-json\/wp\/v2\/comments?post=58564"}],"wp:featuredmedia":[{"embeddable":true,"href":"https:\/\/solar.fi\/sv\/wp-json\/wp\/v2\/media\/83223"}],"wp:attachment":[{"href":"https:\/\/solar.fi\/sv\/wp-json\/wp\/v2\/media?parent=58564"}],"wp:term":[{"taxonomy":"product_brand","embeddable":true,"href":"https:\/\/solar.fi\/sv\/wp-json\/wp\/v2\/product_brand?post=58564"},{"taxonomy":"product_cat","embeddable":true,"href":"https:\/\/solar.fi\/sv\/wp-json\/wp\/v2\/product_cat?post=58564"},{"taxonomy":"product_tag","embeddable":true,"href":"https:\/\/solar.fi\/sv\/wp-json\/wp\/v2\/product_tag?post=58564"}],"curies":[{"name":"wp","href":"https:\/\/api.w.org\/{rel}","templated":true}]}}