{"id":54498,"date":"2021-05-11T08:26:16","date_gmt":"2021-05-11T05:26:16","guid":{"rendered":"https:\/\/solar.fi\/tuote\/solar-sandy-hyttyspuite-allergiaverkko\/"},"modified":"2025-06-11T16:51:42","modified_gmt":"2025-06-11T13:51:42","slug":"solar-sandy-insektsnat-pollenskyddat","status":"publish","type":"product","link":"https:\/\/solar.fi\/sv\/produkt\/solar-sandy-insektsnat-pollenskyddat\/","title":{"rendered":"SOLAR Insektsn\u00e4t, Pollenskydd"},"content":{"rendered":"","protected":false},"excerpt":{"rendered":"<div class=\"ewa-rteLine\">Allergiv\u00e4nligt inramat insektsn\u00e4t f\u00f6r f\u00f6nster som filtrerar upp till 99 % av pollen och samtidigt stoppar insekter och skr\u00e4p.<\/div>\n<div class=\"ewa-rteLine\">Tillverkas alltid m\u00e5ttanpassat f\u00f6r en perfekt passform.<\/div>\n","protected":false},"featured_media":84450,"comment_status":"open","ping_status":"closed","template":"","meta":{"_acf_changed":false,"inline_featured_image":false},"product_brand":[],"product_cat":[728],"product_tag":[],"class_list":{"0":"post-54498","1":"product","2":"type-product","3":"status-publish","4":"has-post-thumbnail","6":"product_cat-insektsskydd","7":"pa_hp-tuote-hp1-sv","8":"pa_hp-tuote-hp3-sv","9":"pa_hp-tuote-hp4-sv","10":"pa_hp-tuote-hprk-sv","11":"pa_vari-ral-1001-beige-sv","12":"pa_vari-ral-7024-tummanharmaa-sv","13":"pa_vari-ral-7040-vaaleanharmaa-sv","14":"pa_vari-ral-9005-musta-sv","15":"pa_vari-ral-9010-valkoinen-sv","16":"pa_vari-rr-32-tummanruskea-sv","18":"first","19":"instock","20":"taxable","21":"shipping-taxable","22":"purchasable","23":"product-type-variable"},"acf":[],"yoast_head":"<!-- This site is optimized with the Yoast SEO plugin v27.3 - https:\/\/yoast.com\/product\/yoast-seo-wordpress\/ -->\n<title>SOLAR Insektsn\u00e4t, Pollenskydd - Solar<\/title>\n<meta name=\"description\" content=\"Best\u00e4ll ett pollenn\u00e4t f\u00f6r dina f\u00f6nster nu fr\u00e5n v\u00e5r onlinebutik! SOLAR-produkterna har fem \u00e5rs garanti.\" \/>\n<meta name=\"robots\" content=\"index, follow, max-snippet:-1, max-image-preview:large, max-video-preview:-1\" \/>\n<link rel=\"canonical\" href=\"https:\/\/solar.fi\/sv\/produkt\/solar-sandy-insektsnat-pollenskyddat\/\" \/>\n<meta property=\"og:locale\" content=\"sv_SE\" \/>\n<meta property=\"og:type\" content=\"article\" \/>\n<meta property=\"og:title\" content=\"SOLAR Insektsn\u00e4t, Pollenskydd - Solar\" \/>\n<meta property=\"og:description\" content=\"Best\u00e4ll ett pollenn\u00e4t f\u00f6r dina f\u00f6nster nu fr\u00e5n v\u00e5r onlinebutik! SOLAR-produkterna har fem \u00e5rs garanti.\" \/>\n<meta property=\"og:url\" content=\"https:\/\/solar.fi\/sv\/produkt\/solar-sandy-insektsnat-pollenskyddat\/\" \/>\n<meta property=\"og:site_name\" content=\"Solar\" \/>\n<meta property=\"article:publisher\" content=\"https:\/\/www.facebook.com\/Solarkaihdin\/\" \/>\n<meta property=\"article:modified_time\" content=\"2025-06-11T13:51:42+00:00\" \/>\n<meta property=\"og:image\" content=\"https:\/\/solar.fi\/wp-content\/uploads\/2025\/04\/hp1-ikkunan-hyonteissuoja-valkoinen-allergiaverkko-scaled.png\" \/>\n\t<meta property=\"og:image:width\" content=\"768\" \/>\n\t<meta property=\"og:image:height\" content=\"768\" \/>\n\t<meta property=\"og:image:type\" content=\"image\/png\" \/>\n<meta name=\"twitter:card\" content=\"summary_large_image\" \/>\n<script type=\"application\/ld+json\" class=\"yoast-schema-graph\">{\"@context\":\"https:\\\/\\\/schema.org\",\"@graph\":[{\"@type\":\"WebPage\",\"@id\":\"https:\\\/\\\/solar.fi\\\/sv\\\/produkt\\\/solar-sandy-insektsnat-pollenskyddat\\\/\",\"url\":\"https:\\\/\\\/solar.fi\\\/sv\\\/produkt\\\/solar-sandy-insektsnat-pollenskyddat\\\/\",\"name\":\"SOLAR Insektsn\u00e4t, Pollenskydd - Solar\",\"isPartOf\":{\"@id\":\"https:\\\/\\\/solar.fi\\\/#website\"},\"primaryImageOfPage\":{\"@id\":\"https:\\\/\\\/solar.fi\\\/sv\\\/produkt\\\/solar-sandy-insektsnat-pollenskyddat\\\/#primaryimage\"},\"image\":{\"@id\":\"https:\\\/\\\/solar.fi\\\/sv\\\/produkt\\\/solar-sandy-insektsnat-pollenskyddat\\\/#primaryimage\"},\"thumbnailUrl\":\"https:\\\/\\\/solar.fi\\\/wp-content\\\/uploads\\\/2025\\\/04\\\/hp1-ikkunan-hyonteissuoja-valkoinen-allergiaverkko-scaled.png\",\"datePublished\":\"2021-05-11T05:26:16+00:00\",\"dateModified\":\"2025-06-11T13:51:42+00:00\",\"description\":\"Best\u00e4ll ett pollenn\u00e4t f\u00f6r dina f\u00f6nster nu fr\u00e5n v\u00e5r onlinebutik! SOLAR-produkterna har fem \u00e5rs garanti.\",\"breadcrumb\":{\"@id\":\"https:\\\/\\\/solar.fi\\\/sv\\\/produkt\\\/solar-sandy-insektsnat-pollenskyddat\\\/#breadcrumb\"},\"inLanguage\":\"sv-SE\",\"potentialAction\":[{\"@type\":\"ReadAction\",\"target\":[\"https:\\\/\\\/solar.fi\\\/sv\\\/produkt\\\/solar-sandy-insektsnat-pollenskyddat\\\/\"]}]},{\"@type\":\"ImageObject\",\"inLanguage\":\"sv-SE\",\"@id\":\"https:\\\/\\\/solar.fi\\\/sv\\\/produkt\\\/solar-sandy-insektsnat-pollenskyddat\\\/#primaryimage\",\"url\":\"https:\\\/\\\/solar.fi\\\/wp-content\\\/uploads\\\/2025\\\/04\\\/hp1-ikkunan-hyonteissuoja-valkoinen-allergiaverkko-scaled.png\",\"contentUrl\":\"https:\\\/\\\/solar.fi\\\/wp-content\\\/uploads\\\/2025\\\/04\\\/hp1-ikkunan-hyonteissuoja-valkoinen-allergiaverkko-scaled.png\",\"width\":4000,\"height\":4000,\"caption\":\"valkoinen siitep\u00f6lyverkko ikkunaan kehyksellinen\"},{\"@type\":\"BreadcrumbList\",\"@id\":\"https:\\\/\\\/solar.fi\\\/sv\\\/produkt\\\/solar-sandy-insektsnat-pollenskyddat\\\/#breadcrumb\",\"itemListElement\":[{\"@type\":\"ListItem\",\"position\":1,\"name\":\"Etusivu\",\"item\":\"https:\\\/\\\/solar.fi\\\/sv\\\/\"},{\"@type\":\"ListItem\",\"position\":2,\"name\":\"Produkter\",\"item\":\"https:\\\/\\\/solar.fi\\\/sv\\\/produkter\\\/\"},{\"@type\":\"ListItem\",\"position\":3,\"name\":\"SOLAR Insektsn\u00e4t, Pollenskydd\"}]},{\"@type\":\"WebSite\",\"@id\":\"https:\\\/\\\/solar.fi\\\/#website\",\"url\":\"https:\\\/\\\/solar.fi\\\/\",\"name\":\"Solar\",\"description\":\"Love the Sun\",\"publisher\":{\"@id\":\"https:\\\/\\\/solar.fi\\\/#organization\"},\"potentialAction\":[{\"@type\":\"SearchAction\",\"target\":{\"@type\":\"EntryPoint\",\"urlTemplate\":\"https:\\\/\\\/solar.fi\\\/?s={search_term_string}\"},\"query-input\":{\"@type\":\"PropertyValueSpecification\",\"valueRequired\":true,\"valueName\":\"search_term_string\"}}],\"inLanguage\":\"sv-SE\"},{\"@type\":\"Organization\",\"@id\":\"https:\\\/\\\/solar.fi\\\/#organization\",\"name\":\"Solar\",\"url\":\"https:\\\/\\\/solar.fi\\\/\",\"logo\":{\"@type\":\"ImageObject\",\"inLanguage\":\"sv-SE\",\"@id\":\"https:\\\/\\\/solar.fi\\\/#\\\/schema\\\/logo\\\/image\\\/\",\"url\":\"https:\\\/\\\/solar.fi\\\/wp-content\\\/uploads\\\/2019\\\/04\\\/solar-logo.png\",\"contentUrl\":\"https:\\\/\\\/solar.fi\\\/wp-content\\\/uploads\\\/2019\\\/04\\\/solar-logo.png\",\"width\":298,\"height\":132,\"caption\":\"Solar\"},\"image\":{\"@id\":\"https:\\\/\\\/solar.fi\\\/#\\\/schema\\\/logo\\\/image\\\/\"},\"sameAs\":[\"https:\\\/\\\/www.facebook.com\\\/Solarkaihdin\\\/\",\"https:\\\/\\\/www.instagram.com\\\/solarkaihdin\\\/\",\"https:\\\/\\\/fi.pinterest.com\\\/solarkaihdin16\\\/\",\"https:\\\/\\\/www.youtube.com\\\/c\\\/SolarKaihdinKyKalajoki?app=desktop\",\"https:\\\/\\\/fi.linkedin.com\\\/company\\\/solar-kaihdin-oy?trk=similar-pages\",\"https:\\\/\\\/www.tiktok.com\\\/@solarkaihdin\"]}]}<\/script>\n<!-- \/ Yoast SEO plugin. -->","yoast_head_json":{"title":"SOLAR Insektsn\u00e4t, Pollenskydd - Solar","description":"Best\u00e4ll ett pollenn\u00e4t f\u00f6r dina f\u00f6nster nu fr\u00e5n v\u00e5r onlinebutik! SOLAR-produkterna har fem \u00e5rs garanti.","robots":{"index":"index","follow":"follow","max-snippet":"max-snippet:-1","max-image-preview":"max-image-preview:large","max-video-preview":"max-video-preview:-1"},"canonical":"https:\/\/solar.fi\/sv\/produkt\/solar-sandy-insektsnat-pollenskyddat\/","og_locale":"sv_SE","og_type":"article","og_title":"SOLAR Insektsn\u00e4t, Pollenskydd - Solar","og_description":"Best\u00e4ll ett pollenn\u00e4t f\u00f6r dina f\u00f6nster nu fr\u00e5n v\u00e5r onlinebutik! SOLAR-produkterna har fem \u00e5rs garanti.","og_url":"https:\/\/solar.fi\/sv\/produkt\/solar-sandy-insektsnat-pollenskyddat\/","og_site_name":"Solar","article_publisher":"https:\/\/www.facebook.com\/Solarkaihdin\/","article_modified_time":"2025-06-11T13:51:42+00:00","og_image":[{"url":"https:\/\/solar.fi\/wp-content\/uploads\/2025\/04\/hp1-ikkunan-hyonteissuoja-valkoinen-allergiaverkko-scaled.png","width":768,"height":768,"type":"image\/png"}],"twitter_card":"summary_large_image","schema":{"@context":"https:\/\/schema.org","@graph":[{"@type":"WebPage","@id":"https:\/\/solar.fi\/sv\/produkt\/solar-sandy-insektsnat-pollenskyddat\/","url":"https:\/\/solar.fi\/sv\/produkt\/solar-sandy-insektsnat-pollenskyddat\/","name":"SOLAR Insektsn\u00e4t, Pollenskydd - Solar","isPartOf":{"@id":"https:\/\/solar.fi\/#website"},"primaryImageOfPage":{"@id":"https:\/\/solar.fi\/sv\/produkt\/solar-sandy-insektsnat-pollenskyddat\/#primaryimage"},"image":{"@id":"https:\/\/solar.fi\/sv\/produkt\/solar-sandy-insektsnat-pollenskyddat\/#primaryimage"},"thumbnailUrl":"https:\/\/solar.fi\/wp-content\/uploads\/2025\/04\/hp1-ikkunan-hyonteissuoja-valkoinen-allergiaverkko-scaled.png","datePublished":"2021-05-11T05:26:16+00:00","dateModified":"2025-06-11T13:51:42+00:00","description":"Best\u00e4ll ett pollenn\u00e4t f\u00f6r dina f\u00f6nster nu fr\u00e5n v\u00e5r onlinebutik! SOLAR-produkterna har fem \u00e5rs garanti.","breadcrumb":{"@id":"https:\/\/solar.fi\/sv\/produkt\/solar-sandy-insektsnat-pollenskyddat\/#breadcrumb"},"inLanguage":"sv-SE","potentialAction":[{"@type":"ReadAction","target":["https:\/\/solar.fi\/sv\/produkt\/solar-sandy-insektsnat-pollenskyddat\/"]}]},{"@type":"ImageObject","inLanguage":"sv-SE","@id":"https:\/\/solar.fi\/sv\/produkt\/solar-sandy-insektsnat-pollenskyddat\/#primaryimage","url":"https:\/\/solar.fi\/wp-content\/uploads\/2025\/04\/hp1-ikkunan-hyonteissuoja-valkoinen-allergiaverkko-scaled.png","contentUrl":"https:\/\/solar.fi\/wp-content\/uploads\/2025\/04\/hp1-ikkunan-hyonteissuoja-valkoinen-allergiaverkko-scaled.png","width":4000,"height":4000,"caption":"valkoinen siitep\u00f6lyverkko ikkunaan kehyksellinen"},{"@type":"BreadcrumbList","@id":"https:\/\/solar.fi\/sv\/produkt\/solar-sandy-insektsnat-pollenskyddat\/#breadcrumb","itemListElement":[{"@type":"ListItem","position":1,"name":"Etusivu","item":"https:\/\/solar.fi\/sv\/"},{"@type":"ListItem","position":2,"name":"Produkter","item":"https:\/\/solar.fi\/sv\/produkter\/"},{"@type":"ListItem","position":3,"name":"SOLAR Insektsn\u00e4t, Pollenskydd"}]},{"@type":"WebSite","@id":"https:\/\/solar.fi\/#website","url":"https:\/\/solar.fi\/","name":"Solar","description":"Love the Sun","publisher":{"@id":"https:\/\/solar.fi\/#organization"},"potentialAction":[{"@type":"SearchAction","target":{"@type":"EntryPoint","urlTemplate":"https:\/\/solar.fi\/?s={search_term_string}"},"query-input":{"@type":"PropertyValueSpecification","valueRequired":true,"valueName":"search_term_string"}}],"inLanguage":"sv-SE"},{"@type":"Organization","@id":"https:\/\/solar.fi\/#organization","name":"Solar","url":"https:\/\/solar.fi\/","logo":{"@type":"ImageObject","inLanguage":"sv-SE","@id":"https:\/\/solar.fi\/#\/schema\/logo\/image\/","url":"https:\/\/solar.fi\/wp-content\/uploads\/2019\/04\/solar-logo.png","contentUrl":"https:\/\/solar.fi\/wp-content\/uploads\/2019\/04\/solar-logo.png","width":298,"height":132,"caption":"Solar"},"image":{"@id":"https:\/\/solar.fi\/#\/schema\/logo\/image\/"},"sameAs":["https:\/\/www.facebook.com\/Solarkaihdin\/","https:\/\/www.instagram.com\/solarkaihdin\/","https:\/\/fi.pinterest.com\/solarkaihdin16\/","https:\/\/www.youtube.com\/c\/SolarKaihdinKyKalajoki?app=desktop","https:\/\/fi.linkedin.com\/company\/solar-kaihdin-oy?trk=similar-pages","https:\/\/www.tiktok.com\/@solarkaihdin"]}]}},"_links":{"self":[{"href":"https:\/\/solar.fi\/sv\/wp-json\/wp\/v2\/product\/54498","targetHints":{"allow":["GET"]}}],"collection":[{"href":"https:\/\/solar.fi\/sv\/wp-json\/wp\/v2\/product"}],"about":[{"href":"https:\/\/solar.fi\/sv\/wp-json\/wp\/v2\/types\/product"}],"replies":[{"embeddable":true,"href":"https:\/\/solar.fi\/sv\/wp-json\/wp\/v2\/comments?post=54498"}],"wp:featuredmedia":[{"embeddable":true,"href":"https:\/\/solar.fi\/sv\/wp-json\/wp\/v2\/media\/84450"}],"wp:attachment":[{"href":"https:\/\/solar.fi\/sv\/wp-json\/wp\/v2\/media?parent=54498"}],"wp:term":[{"taxonomy":"product_brand","embeddable":true,"href":"https:\/\/solar.fi\/sv\/wp-json\/wp\/v2\/product_brand?post=54498"},{"taxonomy":"product_cat","embeddable":true,"href":"https:\/\/solar.fi\/sv\/wp-json\/wp\/v2\/product_cat?post=54498"},{"taxonomy":"product_tag","embeddable":true,"href":"https:\/\/solar.fi\/sv\/wp-json\/wp\/v2\/product_tag?post=54498"}],"curies":[{"name":"wp","href":"https:\/\/api.w.org\/{rel}","templated":true}]}}