{"id":23638,"date":"2020-10-09T12:50:55","date_gmt":"2020-10-09T09:50:55","guid":{"rendered":"https:\/\/www.solar.fi\/?post_type=product&#038;p=23638"},"modified":"2025-06-10T13:18:49","modified_gmt":"2025-06-10T10:18:49","slug":"solar-sun-plissegardin-mellan-fonsterglas","status":"publish","type":"product","link":"https:\/\/solar.fi\/sv\/produkt\/solar-sun-plissegardin-mellan-fonsterglas\/","title":{"rendered":"SOLAR Sun Pliss\u00e9gardin mellan f\u00f6nsterglas"},"content":{"rendered":"","protected":false},"excerpt":{"rendered":"<div class=\"ewa-rteLine\">Energieffektiv pliss\u00e9gardin som sl\u00e4pper in dagsljus och f\u00f6rb\u00e4ttrar f\u00f6nstrets v\u00e4rmeisolering.<\/div>\n<div class=\"ewa-rteLine\">Monteras mellan glasrutorna med styrlister.<\/div>\n","protected":false},"featured_media":83055,"comment_status":"open","ping_status":"closed","template":"","meta":{"_acf_changed":false,"inline_featured_image":false},"product_brand":[],"product_cat":[736,1093],"product_tag":[],"class_list":{"0":"post-23638","1":"product","2":"type-product","3":"status-publish","4":"has-post-thumbnail","6":"product_cat-vekkikaihtimet-ikkunoihin-ja-oviin-sv","7":"product_cat-vekkikaihtimet-ikkunan-valiin-sv","8":"pa_saatimen-vari-beige-sv","9":"pa_saatimen-vari-brun","10":"pa_saatimen-vari-ljusgra","11":"pa_saatimen-vari-morkgra","12":"pa_saatimen-vari-svart","13":"pa_saatimen-vari-vit","14":"pa_vari-2940700201-swan-sv","15":"pa_vari-2940700633-dolphin-sv","16":"pa_vari-brun","17":"pa_vari-svart","19":"first","20":"instock","21":"taxable","22":"shipping-taxable","23":"purchasable","24":"product-type-variable"},"acf":[],"yoast_head":"<!-- This site is optimized with the Yoast SEO plugin v27.3 - https:\/\/yoast.com\/product\/yoast-seo-wordpress\/ -->\n<title>SOLAR Sun Pliss\u00e9gardin mellan f\u00f6nsterglas - Solar<\/title>\n<meta name=\"robots\" content=\"index, follow, max-snippet:-1, max-image-preview:large, max-video-preview:-1\" \/>\n<link rel=\"canonical\" href=\"https:\/\/solar.fi\/sv\/produkt\/solar-sun-plissegardin-mellan-fonsterglas\/\" \/>\n<meta property=\"og:locale\" content=\"sv_SE\" \/>\n<meta property=\"og:type\" content=\"article\" \/>\n<meta property=\"og:title\" content=\"SOLAR Sun Pliss\u00e9gardin mellan f\u00f6nsterglas - Solar\" \/>\n<meta property=\"og:description\" content=\"Energieffektiv pliss\u00e9gardin som sl\u00e4pper in dagsljus och f\u00f6rb\u00e4ttrar f\u00f6nstrets v\u00e4rmeisolering. Monteras mellan glasrutorna med styrlister.\" \/>\n<meta property=\"og:url\" content=\"https:\/\/solar.fi\/sv\/produkt\/solar-sun-plissegardin-mellan-fonsterglas\/\" \/>\n<meta property=\"og:site_name\" content=\"Solar\" \/>\n<meta property=\"article:publisher\" content=\"https:\/\/www.facebook.com\/Solarkaihdin\/\" \/>\n<meta property=\"article:modified_time\" content=\"2025-06-10T10:18:49+00:00\" \/>\n<meta property=\"og:image\" content=\"https:\/\/solar.fi\/wp-content\/uploads\/2025\/04\/Moon-pimennysverho-valkoinen-scaled.png\" \/>\n\t<meta property=\"og:image:width\" content=\"4000\" \/>\n\t<meta property=\"og:image:height\" content=\"4000\" \/>\n\t<meta property=\"og:image:type\" content=\"image\/png\" \/>\n<meta name=\"twitter:card\" content=\"summary_large_image\" \/>\n<script type=\"application\/ld+json\" class=\"yoast-schema-graph\">{\"@context\":\"https:\\\/\\\/schema.org\",\"@graph\":[{\"@type\":\"WebPage\",\"@id\":\"https:\\\/\\\/solar.fi\\\/sv\\\/produkt\\\/solar-sun-plissegardin-mellan-fonsterglas\\\/\",\"url\":\"https:\\\/\\\/solar.fi\\\/sv\\\/produkt\\\/solar-sun-plissegardin-mellan-fonsterglas\\\/\",\"name\":\"SOLAR Sun Pliss\u00e9gardin mellan f\u00f6nsterglas - Solar\",\"isPartOf\":{\"@id\":\"https:\\\/\\\/solar.fi\\\/#website\"},\"primaryImageOfPage\":{\"@id\":\"https:\\\/\\\/solar.fi\\\/sv\\\/produkt\\\/solar-sun-plissegardin-mellan-fonsterglas\\\/#primaryimage\"},\"image\":{\"@id\":\"https:\\\/\\\/solar.fi\\\/sv\\\/produkt\\\/solar-sun-plissegardin-mellan-fonsterglas\\\/#primaryimage\"},\"thumbnailUrl\":\"https:\\\/\\\/solar.fi\\\/wp-content\\\/uploads\\\/2025\\\/04\\\/Moon-pimennysverho-valkoinen-scaled.png\",\"datePublished\":\"2020-10-09T09:50:55+00:00\",\"dateModified\":\"2025-06-10T10:18:49+00:00\",\"breadcrumb\":{\"@id\":\"https:\\\/\\\/solar.fi\\\/sv\\\/produkt\\\/solar-sun-plissegardin-mellan-fonsterglas\\\/#breadcrumb\"},\"inLanguage\":\"sv-SE\",\"potentialAction\":[{\"@type\":\"ReadAction\",\"target\":[\"https:\\\/\\\/solar.fi\\\/sv\\\/produkt\\\/solar-sun-plissegardin-mellan-fonsterglas\\\/\"]}]},{\"@type\":\"ImageObject\",\"inLanguage\":\"sv-SE\",\"@id\":\"https:\\\/\\\/solar.fi\\\/sv\\\/produkt\\\/solar-sun-plissegardin-mellan-fonsterglas\\\/#primaryimage\",\"url\":\"https:\\\/\\\/solar.fi\\\/wp-content\\\/uploads\\\/2025\\\/04\\\/Moon-pimennysverho-valkoinen-scaled.png\",\"contentUrl\":\"https:\\\/\\\/solar.fi\\\/wp-content\\\/uploads\\\/2025\\\/04\\\/Moon-pimennysverho-valkoinen-scaled.png\",\"width\":4000,\"height\":4000,\"caption\":\"Valkoinen pimennysverho ikkunan v\u00e4liin\"},{\"@type\":\"BreadcrumbList\",\"@id\":\"https:\\\/\\\/solar.fi\\\/sv\\\/produkt\\\/solar-sun-plissegardin-mellan-fonsterglas\\\/#breadcrumb\",\"itemListElement\":[{\"@type\":\"ListItem\",\"position\":1,\"name\":\"Etusivu\",\"item\":\"https:\\\/\\\/solar.fi\\\/sv\\\/\"},{\"@type\":\"ListItem\",\"position\":2,\"name\":\"Produkter\",\"item\":\"https:\\\/\\\/solar.fi\\\/sv\\\/produkter\\\/\"},{\"@type\":\"ListItem\",\"position\":3,\"name\":\"SOLAR Sun Pliss\u00e9gardin mellan f\u00f6nsterglas\"}]},{\"@type\":\"WebSite\",\"@id\":\"https:\\\/\\\/solar.fi\\\/#website\",\"url\":\"https:\\\/\\\/solar.fi\\\/\",\"name\":\"Solar\",\"description\":\"Love the Sun\",\"publisher\":{\"@id\":\"https:\\\/\\\/solar.fi\\\/#organization\"},\"potentialAction\":[{\"@type\":\"SearchAction\",\"target\":{\"@type\":\"EntryPoint\",\"urlTemplate\":\"https:\\\/\\\/solar.fi\\\/?s={search_term_string}\"},\"query-input\":{\"@type\":\"PropertyValueSpecification\",\"valueRequired\":true,\"valueName\":\"search_term_string\"}}],\"inLanguage\":\"sv-SE\"},{\"@type\":\"Organization\",\"@id\":\"https:\\\/\\\/solar.fi\\\/#organization\",\"name\":\"Solar\",\"url\":\"https:\\\/\\\/solar.fi\\\/\",\"logo\":{\"@type\":\"ImageObject\",\"inLanguage\":\"sv-SE\",\"@id\":\"https:\\\/\\\/solar.fi\\\/#\\\/schema\\\/logo\\\/image\\\/\",\"url\":\"https:\\\/\\\/solar.fi\\\/wp-content\\\/uploads\\\/2019\\\/04\\\/solar-logo.png\",\"contentUrl\":\"https:\\\/\\\/solar.fi\\\/wp-content\\\/uploads\\\/2019\\\/04\\\/solar-logo.png\",\"width\":298,\"height\":132,\"caption\":\"Solar\"},\"image\":{\"@id\":\"https:\\\/\\\/solar.fi\\\/#\\\/schema\\\/logo\\\/image\\\/\"},\"sameAs\":[\"https:\\\/\\\/www.facebook.com\\\/Solarkaihdin\\\/\",\"https:\\\/\\\/www.instagram.com\\\/solarkaihdin\\\/\",\"https:\\\/\\\/fi.pinterest.com\\\/solarkaihdin16\\\/\",\"https:\\\/\\\/www.youtube.com\\\/c\\\/SolarKaihdinKyKalajoki?app=desktop\",\"https:\\\/\\\/fi.linkedin.com\\\/company\\\/solar-kaihdin-oy?trk=similar-pages\",\"https:\\\/\\\/www.tiktok.com\\\/@solarkaihdin\"]}]}<\/script>\n<!-- \/ Yoast SEO plugin. -->","yoast_head_json":{"title":"SOLAR Sun Pliss\u00e9gardin mellan f\u00f6nsterglas - Solar","robots":{"index":"index","follow":"follow","max-snippet":"max-snippet:-1","max-image-preview":"max-image-preview:large","max-video-preview":"max-video-preview:-1"},"canonical":"https:\/\/solar.fi\/sv\/produkt\/solar-sun-plissegardin-mellan-fonsterglas\/","og_locale":"sv_SE","og_type":"article","og_title":"SOLAR Sun Pliss\u00e9gardin mellan f\u00f6nsterglas - Solar","og_description":"Energieffektiv pliss\u00e9gardin som sl\u00e4pper in dagsljus och f\u00f6rb\u00e4ttrar f\u00f6nstrets v\u00e4rmeisolering. Monteras mellan glasrutorna med styrlister.","og_url":"https:\/\/solar.fi\/sv\/produkt\/solar-sun-plissegardin-mellan-fonsterglas\/","og_site_name":"Solar","article_publisher":"https:\/\/www.facebook.com\/Solarkaihdin\/","article_modified_time":"2025-06-10T10:18:49+00:00","og_image":[{"width":4000,"height":4000,"url":"https:\/\/solar.fi\/wp-content\/uploads\/2025\/04\/Moon-pimennysverho-valkoinen-scaled.png","type":"image\/png"}],"twitter_card":"summary_large_image","schema":{"@context":"https:\/\/schema.org","@graph":[{"@type":"WebPage","@id":"https:\/\/solar.fi\/sv\/produkt\/solar-sun-plissegardin-mellan-fonsterglas\/","url":"https:\/\/solar.fi\/sv\/produkt\/solar-sun-plissegardin-mellan-fonsterglas\/","name":"SOLAR Sun Pliss\u00e9gardin mellan f\u00f6nsterglas - Solar","isPartOf":{"@id":"https:\/\/solar.fi\/#website"},"primaryImageOfPage":{"@id":"https:\/\/solar.fi\/sv\/produkt\/solar-sun-plissegardin-mellan-fonsterglas\/#primaryimage"},"image":{"@id":"https:\/\/solar.fi\/sv\/produkt\/solar-sun-plissegardin-mellan-fonsterglas\/#primaryimage"},"thumbnailUrl":"https:\/\/solar.fi\/wp-content\/uploads\/2025\/04\/Moon-pimennysverho-valkoinen-scaled.png","datePublished":"2020-10-09T09:50:55+00:00","dateModified":"2025-06-10T10:18:49+00:00","breadcrumb":{"@id":"https:\/\/solar.fi\/sv\/produkt\/solar-sun-plissegardin-mellan-fonsterglas\/#breadcrumb"},"inLanguage":"sv-SE","potentialAction":[{"@type":"ReadAction","target":["https:\/\/solar.fi\/sv\/produkt\/solar-sun-plissegardin-mellan-fonsterglas\/"]}]},{"@type":"ImageObject","inLanguage":"sv-SE","@id":"https:\/\/solar.fi\/sv\/produkt\/solar-sun-plissegardin-mellan-fonsterglas\/#primaryimage","url":"https:\/\/solar.fi\/wp-content\/uploads\/2025\/04\/Moon-pimennysverho-valkoinen-scaled.png","contentUrl":"https:\/\/solar.fi\/wp-content\/uploads\/2025\/04\/Moon-pimennysverho-valkoinen-scaled.png","width":4000,"height":4000,"caption":"Valkoinen pimennysverho ikkunan v\u00e4liin"},{"@type":"BreadcrumbList","@id":"https:\/\/solar.fi\/sv\/produkt\/solar-sun-plissegardin-mellan-fonsterglas\/#breadcrumb","itemListElement":[{"@type":"ListItem","position":1,"name":"Etusivu","item":"https:\/\/solar.fi\/sv\/"},{"@type":"ListItem","position":2,"name":"Produkter","item":"https:\/\/solar.fi\/sv\/produkter\/"},{"@type":"ListItem","position":3,"name":"SOLAR Sun Pliss\u00e9gardin mellan f\u00f6nsterglas"}]},{"@type":"WebSite","@id":"https:\/\/solar.fi\/#website","url":"https:\/\/solar.fi\/","name":"Solar","description":"Love the Sun","publisher":{"@id":"https:\/\/solar.fi\/#organization"},"potentialAction":[{"@type":"SearchAction","target":{"@type":"EntryPoint","urlTemplate":"https:\/\/solar.fi\/?s={search_term_string}"},"query-input":{"@type":"PropertyValueSpecification","valueRequired":true,"valueName":"search_term_string"}}],"inLanguage":"sv-SE"},{"@type":"Organization","@id":"https:\/\/solar.fi\/#organization","name":"Solar","url":"https:\/\/solar.fi\/","logo":{"@type":"ImageObject","inLanguage":"sv-SE","@id":"https:\/\/solar.fi\/#\/schema\/logo\/image\/","url":"https:\/\/solar.fi\/wp-content\/uploads\/2019\/04\/solar-logo.png","contentUrl":"https:\/\/solar.fi\/wp-content\/uploads\/2019\/04\/solar-logo.png","width":298,"height":132,"caption":"Solar"},"image":{"@id":"https:\/\/solar.fi\/#\/schema\/logo\/image\/"},"sameAs":["https:\/\/www.facebook.com\/Solarkaihdin\/","https:\/\/www.instagram.com\/solarkaihdin\/","https:\/\/fi.pinterest.com\/solarkaihdin16\/","https:\/\/www.youtube.com\/c\/SolarKaihdinKyKalajoki?app=desktop","https:\/\/fi.linkedin.com\/company\/solar-kaihdin-oy?trk=similar-pages","https:\/\/www.tiktok.com\/@solarkaihdin"]}]}},"_links":{"self":[{"href":"https:\/\/solar.fi\/sv\/wp-json\/wp\/v2\/product\/23638","targetHints":{"allow":["GET"]}}],"collection":[{"href":"https:\/\/solar.fi\/sv\/wp-json\/wp\/v2\/product"}],"about":[{"href":"https:\/\/solar.fi\/sv\/wp-json\/wp\/v2\/types\/product"}],"replies":[{"embeddable":true,"href":"https:\/\/solar.fi\/sv\/wp-json\/wp\/v2\/comments?post=23638"}],"wp:featuredmedia":[{"embeddable":true,"href":"https:\/\/solar.fi\/sv\/wp-json\/wp\/v2\/media\/83055"}],"wp:attachment":[{"href":"https:\/\/solar.fi\/sv\/wp-json\/wp\/v2\/media?parent=23638"}],"wp:term":[{"taxonomy":"product_brand","embeddable":true,"href":"https:\/\/solar.fi\/sv\/wp-json\/wp\/v2\/product_brand?post=23638"},{"taxonomy":"product_cat","embeddable":true,"href":"https:\/\/solar.fi\/sv\/wp-json\/wp\/v2\/product_cat?post=23638"},{"taxonomy":"product_tag","embeddable":true,"href":"https:\/\/solar.fi\/sv\/wp-json\/wp\/v2\/product_tag?post=23638"}],"curies":[{"name":"wp","href":"https:\/\/api.w.org\/{rel}","templated":true}]}}