{"id":10172,"date":"2019-04-04T11:59:42","date_gmt":"2019-07-30T12:34:33","guid":{"rendered":"https:\/\/www.solar.fi\/tuote\/reglagevajer-med-skruv\/"},"modified":"2026-04-15T18:03:45","modified_gmt":"2026-04-15T15:03:45","slug":"reglagevajer-med-skruv","status":"publish","type":"product","link":"https:\/\/solar.fi\/sv\/produkt\/reglagevajer-med-skruv\/","title":{"rendered":"Reglagevajer med skruv"},"content":{"rendered":"","protected":false},"excerpt":{"rendered":"","protected":false},"featured_media":60534,"comment_status":"open","ping_status":"closed","template":"","meta":{"_acf_changed":false,"inline_featured_image":false},"product_brand":[],"product_cat":[361,951,951],"product_tag":[],"class_list":{"0":"post-10172","1":"product","2":"type-product","3":"status-publish","4":"has-post-thumbnail","6":"product_cat-varaosat","7":"product_cat-salekaihdintarvikkeet","9":"product_shipping_class-varaosat","10":"pa_pituus-100-mm","11":"pa_pituus-1020-mm","12":"pa_pituus-1100mm","13":"pa_pituus-150-mm","14":"pa_pituus-170-mm","15":"pa_pituus-180-mm","16":"pa_pituus-200-mm","17":"pa_pituus-210-mm","18":"pa_pituus-230-mm","19":"pa_pituus-240-mm","20":"pa_pituus-250mm","21":"pa_pituus-260-mm","22":"pa_pituus-270-mm","23":"pa_pituus-290-mm","24":"pa_pituus-300-mm","25":"pa_pituus-320-mm","26":"pa_pituus-330-mm","27":"pa_pituus-350-mm","28":"pa_pituus-360-mm","29":"pa_pituus-390-mm","30":"pa_pituus-420-mm","31":"pa_pituus-450-mm","32":"pa_pituus-480-mm","33":"pa_pituus-500-mm","34":"pa_pituus-500mm","35":"pa_pituus-510-mm","36":"pa_pituus-540-mm","37":"pa_pituus-570-mm","38":"pa_pituus-600-mm","39":"pa_pituus-630-mm","40":"pa_pituus-660-mm","41":"pa_pituus-690-mm","42":"pa_pituus-700mm","43":"pa_pituus-720-mm","44":"pa_pituus-750-mm","45":"pa_pituus-780-mm","46":"pa_pituus-810-mm","47":"pa_pituus-840-mm","48":"pa_pituus-870-mm","49":"pa_pituus-900-mm","50":"pa_pituus-900mm","51":"pa_pituus-930-mm","52":"pa_pituus-960-mm","53":"pa_pituus-990-mm","55":"first","56":"instock","57":"taxable","58":"shipping-taxable","59":"purchasable","60":"product-type-variable"},"acf":[],"yoast_head":"<!-- This site is optimized with the Yoast SEO plugin v27.3 - https:\/\/yoast.com\/product\/yoast-seo-wordpress\/ -->\n<title>Reglagevajer med skruv - Solar<\/title>\n<meta name=\"robots\" content=\"index, follow, max-snippet:-1, max-image-preview:large, max-video-preview:-1\" \/>\n<link rel=\"canonical\" href=\"https:\/\/solar.fi\/sv\/produkt\/reglagevajer-med-skruv\/\" \/>\n<meta property=\"og:locale\" content=\"sv_SE\" \/>\n<meta property=\"og:type\" content=\"article\" \/>\n<meta property=\"og:title\" content=\"Reglagevajer med skruv - Solar\" \/>\n<meta property=\"og:url\" content=\"https:\/\/solar.fi\/sv\/produkt\/reglagevajer-med-skruv\/\" \/>\n<meta property=\"og:site_name\" content=\"Solar\" \/>\n<meta property=\"article:publisher\" content=\"https:\/\/www.facebook.com\/Solarkaihdin\/\" \/>\n<meta property=\"article:modified_time\" content=\"2026-04-15T15:03:45+00:00\" \/>\n<meta property=\"og:image\" content=\"https:\/\/solar.fi\/wp-content\/uploads\/2022\/05\/Kaihtimen-saatovaijeri-ruuvilla.png\" \/>\n\t<meta property=\"og:image:width\" content=\"1080\" \/>\n\t<meta property=\"og:image:height\" content=\"1080\" \/>\n\t<meta property=\"og:image:type\" content=\"image\/png\" \/>\n<meta name=\"twitter:card\" content=\"summary_large_image\" \/>\n<script type=\"application\/ld+json\" class=\"yoast-schema-graph\">{\"@context\":\"https:\\\/\\\/schema.org\",\"@graph\":[{\"@type\":\"WebPage\",\"@id\":\"https:\\\/\\\/solar.fi\\\/sv\\\/produkt\\\/reglagevajer-med-skruv\\\/\",\"url\":\"https:\\\/\\\/solar.fi\\\/sv\\\/produkt\\\/reglagevajer-med-skruv\\\/\",\"name\":\"Reglagevajer med skruv - Solar\",\"isPartOf\":{\"@id\":\"https:\\\/\\\/solar.fi\\\/#website\"},\"primaryImageOfPage\":{\"@id\":\"https:\\\/\\\/solar.fi\\\/sv\\\/produkt\\\/reglagevajer-med-skruv\\\/#primaryimage\"},\"image\":{\"@id\":\"https:\\\/\\\/solar.fi\\\/sv\\\/produkt\\\/reglagevajer-med-skruv\\\/#primaryimage\"},\"thumbnailUrl\":\"https:\\\/\\\/solar.fi\\\/wp-content\\\/uploads\\\/2022\\\/05\\\/Kaihtimen-saatovaijeri-ruuvilla.png\",\"datePublished\":\"2019-07-30T12:34:33+00:00\",\"dateModified\":\"2026-04-15T15:03:45+00:00\",\"breadcrumb\":{\"@id\":\"https:\\\/\\\/solar.fi\\\/sv\\\/produkt\\\/reglagevajer-med-skruv\\\/#breadcrumb\"},\"inLanguage\":\"sv-SE\",\"potentialAction\":[{\"@type\":\"ReadAction\",\"target\":[\"https:\\\/\\\/solar.fi\\\/sv\\\/produkt\\\/reglagevajer-med-skruv\\\/\"]}]},{\"@type\":\"ImageObject\",\"inLanguage\":\"sv-SE\",\"@id\":\"https:\\\/\\\/solar.fi\\\/sv\\\/produkt\\\/reglagevajer-med-skruv\\\/#primaryimage\",\"url\":\"https:\\\/\\\/solar.fi\\\/wp-content\\\/uploads\\\/2022\\\/05\\\/Kaihtimen-saatovaijeri-ruuvilla.png\",\"contentUrl\":\"https:\\\/\\\/solar.fi\\\/wp-content\\\/uploads\\\/2022\\\/05\\\/Kaihtimen-saatovaijeri-ruuvilla.png\",\"width\":1080,\"height\":1080,\"caption\":\"Kaihtimen s\u00e4\u00e4t\u00f6vaijeri varaosa\"},{\"@type\":\"BreadcrumbList\",\"@id\":\"https:\\\/\\\/solar.fi\\\/sv\\\/produkt\\\/reglagevajer-med-skruv\\\/#breadcrumb\",\"itemListElement\":[{\"@type\":\"ListItem\",\"position\":1,\"name\":\"Etusivu\",\"item\":\"https:\\\/\\\/solar.fi\\\/sv\\\/\"},{\"@type\":\"ListItem\",\"position\":2,\"name\":\"Produkter\",\"item\":\"https:\\\/\\\/solar.fi\\\/sv\\\/produkter\\\/\"},{\"@type\":\"ListItem\",\"position\":3,\"name\":\"Reglagevajer med skruv\"}]},{\"@type\":\"WebSite\",\"@id\":\"https:\\\/\\\/solar.fi\\\/#website\",\"url\":\"https:\\\/\\\/solar.fi\\\/\",\"name\":\"Solar\",\"description\":\"Love the Sun\",\"publisher\":{\"@id\":\"https:\\\/\\\/solar.fi\\\/#organization\"},\"potentialAction\":[{\"@type\":\"SearchAction\",\"target\":{\"@type\":\"EntryPoint\",\"urlTemplate\":\"https:\\\/\\\/solar.fi\\\/?s={search_term_string}\"},\"query-input\":{\"@type\":\"PropertyValueSpecification\",\"valueRequired\":true,\"valueName\":\"search_term_string\"}}],\"inLanguage\":\"sv-SE\"},{\"@type\":\"Organization\",\"@id\":\"https:\\\/\\\/solar.fi\\\/#organization\",\"name\":\"Solar\",\"url\":\"https:\\\/\\\/solar.fi\\\/\",\"logo\":{\"@type\":\"ImageObject\",\"inLanguage\":\"sv-SE\",\"@id\":\"https:\\\/\\\/solar.fi\\\/#\\\/schema\\\/logo\\\/image\\\/\",\"url\":\"https:\\\/\\\/solar.fi\\\/wp-content\\\/uploads\\\/2019\\\/04\\\/solar-logo.png\",\"contentUrl\":\"https:\\\/\\\/solar.fi\\\/wp-content\\\/uploads\\\/2019\\\/04\\\/solar-logo.png\",\"width\":298,\"height\":132,\"caption\":\"Solar\"},\"image\":{\"@id\":\"https:\\\/\\\/solar.fi\\\/#\\\/schema\\\/logo\\\/image\\\/\"},\"sameAs\":[\"https:\\\/\\\/www.facebook.com\\\/Solarkaihdin\\\/\",\"https:\\\/\\\/www.instagram.com\\\/solarkaihdin\\\/\",\"https:\\\/\\\/fi.pinterest.com\\\/solarkaihdin16\\\/\",\"https:\\\/\\\/www.youtube.com\\\/c\\\/SolarKaihdinKyKalajoki?app=desktop\",\"https:\\\/\\\/fi.linkedin.com\\\/company\\\/solar-kaihdin-oy?trk=similar-pages\",\"https:\\\/\\\/www.tiktok.com\\\/@solarkaihdin\"]}]}<\/script>\n<!-- \/ Yoast SEO plugin. -->","yoast_head_json":{"title":"Reglagevajer med skruv - Solar","robots":{"index":"index","follow":"follow","max-snippet":"max-snippet:-1","max-image-preview":"max-image-preview:large","max-video-preview":"max-video-preview:-1"},"canonical":"https:\/\/solar.fi\/sv\/produkt\/reglagevajer-med-skruv\/","og_locale":"sv_SE","og_type":"article","og_title":"Reglagevajer med skruv - Solar","og_url":"https:\/\/solar.fi\/sv\/produkt\/reglagevajer-med-skruv\/","og_site_name":"Solar","article_publisher":"https:\/\/www.facebook.com\/Solarkaihdin\/","article_modified_time":"2026-04-15T15:03:45+00:00","og_image":[{"width":1080,"height":1080,"url":"https:\/\/solar.fi\/wp-content\/uploads\/2022\/05\/Kaihtimen-saatovaijeri-ruuvilla.png","type":"image\/png"}],"twitter_card":"summary_large_image","schema":{"@context":"https:\/\/schema.org","@graph":[{"@type":"WebPage","@id":"https:\/\/solar.fi\/sv\/produkt\/reglagevajer-med-skruv\/","url":"https:\/\/solar.fi\/sv\/produkt\/reglagevajer-med-skruv\/","name":"Reglagevajer med skruv - Solar","isPartOf":{"@id":"https:\/\/solar.fi\/#website"},"primaryImageOfPage":{"@id":"https:\/\/solar.fi\/sv\/produkt\/reglagevajer-med-skruv\/#primaryimage"},"image":{"@id":"https:\/\/solar.fi\/sv\/produkt\/reglagevajer-med-skruv\/#primaryimage"},"thumbnailUrl":"https:\/\/solar.fi\/wp-content\/uploads\/2022\/05\/Kaihtimen-saatovaijeri-ruuvilla.png","datePublished":"2019-07-30T12:34:33+00:00","dateModified":"2026-04-15T15:03:45+00:00","breadcrumb":{"@id":"https:\/\/solar.fi\/sv\/produkt\/reglagevajer-med-skruv\/#breadcrumb"},"inLanguage":"sv-SE","potentialAction":[{"@type":"ReadAction","target":["https:\/\/solar.fi\/sv\/produkt\/reglagevajer-med-skruv\/"]}]},{"@type":"ImageObject","inLanguage":"sv-SE","@id":"https:\/\/solar.fi\/sv\/produkt\/reglagevajer-med-skruv\/#primaryimage","url":"https:\/\/solar.fi\/wp-content\/uploads\/2022\/05\/Kaihtimen-saatovaijeri-ruuvilla.png","contentUrl":"https:\/\/solar.fi\/wp-content\/uploads\/2022\/05\/Kaihtimen-saatovaijeri-ruuvilla.png","width":1080,"height":1080,"caption":"Kaihtimen s\u00e4\u00e4t\u00f6vaijeri varaosa"},{"@type":"BreadcrumbList","@id":"https:\/\/solar.fi\/sv\/produkt\/reglagevajer-med-skruv\/#breadcrumb","itemListElement":[{"@type":"ListItem","position":1,"name":"Etusivu","item":"https:\/\/solar.fi\/sv\/"},{"@type":"ListItem","position":2,"name":"Produkter","item":"https:\/\/solar.fi\/sv\/produkter\/"},{"@type":"ListItem","position":3,"name":"Reglagevajer med skruv"}]},{"@type":"WebSite","@id":"https:\/\/solar.fi\/#website","url":"https:\/\/solar.fi\/","name":"Solar","description":"Love the Sun","publisher":{"@id":"https:\/\/solar.fi\/#organization"},"potentialAction":[{"@type":"SearchAction","target":{"@type":"EntryPoint","urlTemplate":"https:\/\/solar.fi\/?s={search_term_string}"},"query-input":{"@type":"PropertyValueSpecification","valueRequired":true,"valueName":"search_term_string"}}],"inLanguage":"sv-SE"},{"@type":"Organization","@id":"https:\/\/solar.fi\/#organization","name":"Solar","url":"https:\/\/solar.fi\/","logo":{"@type":"ImageObject","inLanguage":"sv-SE","@id":"https:\/\/solar.fi\/#\/schema\/logo\/image\/","url":"https:\/\/solar.fi\/wp-content\/uploads\/2019\/04\/solar-logo.png","contentUrl":"https:\/\/solar.fi\/wp-content\/uploads\/2019\/04\/solar-logo.png","width":298,"height":132,"caption":"Solar"},"image":{"@id":"https:\/\/solar.fi\/#\/schema\/logo\/image\/"},"sameAs":["https:\/\/www.facebook.com\/Solarkaihdin\/","https:\/\/www.instagram.com\/solarkaihdin\/","https:\/\/fi.pinterest.com\/solarkaihdin16\/","https:\/\/www.youtube.com\/c\/SolarKaihdinKyKalajoki?app=desktop","https:\/\/fi.linkedin.com\/company\/solar-kaihdin-oy?trk=similar-pages","https:\/\/www.tiktok.com\/@solarkaihdin"]}]}},"_links":{"self":[{"href":"https:\/\/solar.fi\/sv\/wp-json\/wp\/v2\/product\/10172","targetHints":{"allow":["GET"]}}],"collection":[{"href":"https:\/\/solar.fi\/sv\/wp-json\/wp\/v2\/product"}],"about":[{"href":"https:\/\/solar.fi\/sv\/wp-json\/wp\/v2\/types\/product"}],"replies":[{"embeddable":true,"href":"https:\/\/solar.fi\/sv\/wp-json\/wp\/v2\/comments?post=10172"}],"wp:featuredmedia":[{"embeddable":true,"href":"https:\/\/solar.fi\/sv\/wp-json\/wp\/v2\/media\/60534"}],"wp:attachment":[{"href":"https:\/\/solar.fi\/sv\/wp-json\/wp\/v2\/media?parent=10172"}],"wp:term":[{"taxonomy":"product_brand","embeddable":true,"href":"https:\/\/solar.fi\/sv\/wp-json\/wp\/v2\/product_brand?post=10172"},{"taxonomy":"product_cat","embeddable":true,"href":"https:\/\/solar.fi\/sv\/wp-json\/wp\/v2\/product_cat?post=10172"},{"taxonomy":"product_tag","embeddable":true,"href":"https:\/\/solar.fi\/sv\/wp-json\/wp\/v2\/product_tag?post=10172"}],"curies":[{"name":"wp","href":"https:\/\/api.w.org\/{rel}","templated":true}]}}