{"id":10125,"date":"2019-04-04T12:00:04","date_gmt":"2019-07-30T12:33:30","guid":{"rendered":"https:\/\/www.solar.fi\/tuote\/axelvajer-till-den-integrerade-spjalgardinen-solar-handy\/"},"modified":"2026-04-06T14:17:39","modified_gmt":"2026-04-06T11:17:39","slug":"axelvajer-till-den-integrerade-spjalgardinen-solar-handy","status":"publish","type":"product","link":"https:\/\/solar.fi\/sv\/produkt\/axelvajer-till-den-integrerade-spjalgardinen-solar-handy\/","title":{"rendered":"Axelvajer till den integrerade spj\u00e4lgardinen SOLAR handy"},"content":{"rendered":"","protected":false},"excerpt":{"rendered":"","protected":false},"featured_media":60528,"comment_status":"open","ping_status":"closed","template":"","meta":{"_acf_changed":false,"inline_featured_image":false},"product_brand":[],"product_cat":[734,951,1228],"product_tag":[],"class_list":{"0":"post-10125","1":"product","2":"type-product","3":"status-publish","4":"has-post-thumbnail","6":"product_cat-reservdelar","7":"product_cat-salekaihdintarvikkeet","9":"product_shipping_class-varaosat-sv","10":"pa_pituus-1020-mm-sv","11":"pa_pituus-150-mm-sv","12":"pa_pituus-180-mm-sv","13":"pa_pituus-210-mm-sv","14":"pa_pituus-240-mm-sv","15":"pa_pituus-270-mm-sv","16":"pa_pituus-300-mm-sv","17":"pa_pituus-330-mm-sv","18":"pa_pituus-360-mm-sv","19":"pa_pituus-390-mm-sv","20":"pa_pituus-420-mm-sv","21":"pa_pituus-450-mm-sv","22":"pa_pituus-480-mm-sv","23":"pa_pituus-510-mm-sv","24":"pa_pituus-540-mm-sv-2","25":"pa_pituus-570-mm-sv","26":"pa_pituus-600-mm-sv","27":"pa_pituus-630-mm-sv","28":"pa_pituus-660-mm-sv","29":"pa_pituus-690-mm-sv","30":"pa_pituus-720-mm-sv","31":"pa_pituus-750-mm-sv","32":"pa_pituus-780-mm-sv","33":"pa_pituus-810-mm-sv","34":"pa_pituus-840-mm-sv","35":"pa_pituus-870-mm-sv","36":"pa_pituus-900-mm-sv","37":"pa_pituus-930-mm-sv","38":"pa_pituus-960-mm-sv","39":"pa_pituus-990-mm-sv","41":"first","42":"instock","43":"taxable","44":"shipping-taxable","45":"purchasable","46":"product-type-variable"},"acf":[],"yoast_head":"<!-- This site is optimized with the Yoast SEO plugin v27.3 - https:\/\/yoast.com\/product\/yoast-seo-wordpress\/ -->\n<title>Axelvajer till den integrerade spj\u00e4lgardinen SOLAR handy - Solar<\/title>\n<meta name=\"robots\" content=\"index, follow, max-snippet:-1, max-image-preview:large, max-video-preview:-1\" \/>\n<link rel=\"canonical\" href=\"https:\/\/solar.fi\/sv\/produkt\/axelvajer-till-den-integrerade-spjalgardinen-solar-handy\/\" \/>\n<meta property=\"og:locale\" content=\"sv_SE\" \/>\n<meta property=\"og:type\" content=\"article\" \/>\n<meta property=\"og:title\" content=\"Axelvajer till den integrerade spj\u00e4lgardinen SOLAR handy - Solar\" \/>\n<meta property=\"og:url\" content=\"https:\/\/solar.fi\/sv\/produkt\/axelvajer-till-den-integrerade-spjalgardinen-solar-handy\/\" \/>\n<meta property=\"og:site_name\" content=\"Solar\" \/>\n<meta property=\"article:publisher\" content=\"https:\/\/www.facebook.com\/Solarkaihdin\/\" \/>\n<meta property=\"article:modified_time\" content=\"2026-04-06T11:17:39+00:00\" \/>\n<meta property=\"og:image\" content=\"https:\/\/solar.fi\/wp-content\/uploads\/2022\/05\/Salekaihtimen-varaosa-akselivaijeri.png\" \/>\n\t<meta property=\"og:image:width\" content=\"1080\" \/>\n\t<meta property=\"og:image:height\" content=\"1080\" \/>\n\t<meta property=\"og:image:type\" content=\"image\/png\" \/>\n<meta name=\"twitter:card\" content=\"summary_large_image\" \/>\n<script type=\"application\/ld+json\" class=\"yoast-schema-graph\">{\"@context\":\"https:\\\/\\\/schema.org\",\"@graph\":[{\"@type\":\"WebPage\",\"@id\":\"https:\\\/\\\/solar.fi\\\/sv\\\/produkt\\\/axelvajer-till-den-integrerade-spjalgardinen-solar-handy\\\/\",\"url\":\"https:\\\/\\\/solar.fi\\\/sv\\\/produkt\\\/axelvajer-till-den-integrerade-spjalgardinen-solar-handy\\\/\",\"name\":\"Axelvajer till den integrerade spj\u00e4lgardinen SOLAR handy - Solar\",\"isPartOf\":{\"@id\":\"https:\\\/\\\/solar.fi\\\/#website\"},\"primaryImageOfPage\":{\"@id\":\"https:\\\/\\\/solar.fi\\\/sv\\\/produkt\\\/axelvajer-till-den-integrerade-spjalgardinen-solar-handy\\\/#primaryimage\"},\"image\":{\"@id\":\"https:\\\/\\\/solar.fi\\\/sv\\\/produkt\\\/axelvajer-till-den-integrerade-spjalgardinen-solar-handy\\\/#primaryimage\"},\"thumbnailUrl\":\"https:\\\/\\\/solar.fi\\\/wp-content\\\/uploads\\\/2022\\\/05\\\/Salekaihtimen-varaosa-akselivaijeri.png\",\"datePublished\":\"2019-07-30T12:33:30+00:00\",\"dateModified\":\"2026-04-06T11:17:39+00:00\",\"breadcrumb\":{\"@id\":\"https:\\\/\\\/solar.fi\\\/sv\\\/produkt\\\/axelvajer-till-den-integrerade-spjalgardinen-solar-handy\\\/#breadcrumb\"},\"inLanguage\":\"sv-SE\",\"potentialAction\":[{\"@type\":\"ReadAction\",\"target\":[\"https:\\\/\\\/solar.fi\\\/sv\\\/produkt\\\/axelvajer-till-den-integrerade-spjalgardinen-solar-handy\\\/\"]}]},{\"@type\":\"ImageObject\",\"inLanguage\":\"sv-SE\",\"@id\":\"https:\\\/\\\/solar.fi\\\/sv\\\/produkt\\\/axelvajer-till-den-integrerade-spjalgardinen-solar-handy\\\/#primaryimage\",\"url\":\"https:\\\/\\\/solar.fi\\\/wp-content\\\/uploads\\\/2022\\\/05\\\/Salekaihtimen-varaosa-akselivaijeri.png\",\"contentUrl\":\"https:\\\/\\\/solar.fi\\\/wp-content\\\/uploads\\\/2022\\\/05\\\/Salekaihtimen-varaosa-akselivaijeri.png\",\"width\":1080,\"height\":1080,\"caption\":\"S\u00e4lekaihtimen k\u00e4\u00e4nnin akselivaijeri\"},{\"@type\":\"BreadcrumbList\",\"@id\":\"https:\\\/\\\/solar.fi\\\/sv\\\/produkt\\\/axelvajer-till-den-integrerade-spjalgardinen-solar-handy\\\/#breadcrumb\",\"itemListElement\":[{\"@type\":\"ListItem\",\"position\":1,\"name\":\"Etusivu\",\"item\":\"https:\\\/\\\/solar.fi\\\/sv\\\/\"},{\"@type\":\"ListItem\",\"position\":2,\"name\":\"Produkter\",\"item\":\"https:\\\/\\\/solar.fi\\\/sv\\\/produkter\\\/\"},{\"@type\":\"ListItem\",\"position\":3,\"name\":\"Axelvajer till den integrerade spj\u00e4lgardinen SOLAR handy\"}]},{\"@type\":\"WebSite\",\"@id\":\"https:\\\/\\\/solar.fi\\\/#website\",\"url\":\"https:\\\/\\\/solar.fi\\\/\",\"name\":\"Solar\",\"description\":\"Love the Sun\",\"publisher\":{\"@id\":\"https:\\\/\\\/solar.fi\\\/#organization\"},\"potentialAction\":[{\"@type\":\"SearchAction\",\"target\":{\"@type\":\"EntryPoint\",\"urlTemplate\":\"https:\\\/\\\/solar.fi\\\/?s={search_term_string}\"},\"query-input\":{\"@type\":\"PropertyValueSpecification\",\"valueRequired\":true,\"valueName\":\"search_term_string\"}}],\"inLanguage\":\"sv-SE\"},{\"@type\":\"Organization\",\"@id\":\"https:\\\/\\\/solar.fi\\\/#organization\",\"name\":\"Solar\",\"url\":\"https:\\\/\\\/solar.fi\\\/\",\"logo\":{\"@type\":\"ImageObject\",\"inLanguage\":\"sv-SE\",\"@id\":\"https:\\\/\\\/solar.fi\\\/#\\\/schema\\\/logo\\\/image\\\/\",\"url\":\"https:\\\/\\\/solar.fi\\\/wp-content\\\/uploads\\\/2019\\\/04\\\/solar-logo.png\",\"contentUrl\":\"https:\\\/\\\/solar.fi\\\/wp-content\\\/uploads\\\/2019\\\/04\\\/solar-logo.png\",\"width\":298,\"height\":132,\"caption\":\"Solar\"},\"image\":{\"@id\":\"https:\\\/\\\/solar.fi\\\/#\\\/schema\\\/logo\\\/image\\\/\"},\"sameAs\":[\"https:\\\/\\\/www.facebook.com\\\/Solarkaihdin\\\/\",\"https:\\\/\\\/www.instagram.com\\\/solarkaihdin\\\/\",\"https:\\\/\\\/fi.pinterest.com\\\/solarkaihdin16\\\/\",\"https:\\\/\\\/www.youtube.com\\\/c\\\/SolarKaihdinKyKalajoki?app=desktop\",\"https:\\\/\\\/fi.linkedin.com\\\/company\\\/solar-kaihdin-oy?trk=similar-pages\",\"https:\\\/\\\/www.tiktok.com\\\/@solarkaihdin\"]}]}<\/script>\n<!-- \/ Yoast SEO plugin. -->","yoast_head_json":{"title":"Axelvajer till den integrerade spj\u00e4lgardinen SOLAR handy - Solar","robots":{"index":"index","follow":"follow","max-snippet":"max-snippet:-1","max-image-preview":"max-image-preview:large","max-video-preview":"max-video-preview:-1"},"canonical":"https:\/\/solar.fi\/sv\/produkt\/axelvajer-till-den-integrerade-spjalgardinen-solar-handy\/","og_locale":"sv_SE","og_type":"article","og_title":"Axelvajer till den integrerade spj\u00e4lgardinen SOLAR handy - Solar","og_url":"https:\/\/solar.fi\/sv\/produkt\/axelvajer-till-den-integrerade-spjalgardinen-solar-handy\/","og_site_name":"Solar","article_publisher":"https:\/\/www.facebook.com\/Solarkaihdin\/","article_modified_time":"2026-04-06T11:17:39+00:00","og_image":[{"width":1080,"height":1080,"url":"https:\/\/solar.fi\/wp-content\/uploads\/2022\/05\/Salekaihtimen-varaosa-akselivaijeri.png","type":"image\/png"}],"twitter_card":"summary_large_image","schema":{"@context":"https:\/\/schema.org","@graph":[{"@type":"WebPage","@id":"https:\/\/solar.fi\/sv\/produkt\/axelvajer-till-den-integrerade-spjalgardinen-solar-handy\/","url":"https:\/\/solar.fi\/sv\/produkt\/axelvajer-till-den-integrerade-spjalgardinen-solar-handy\/","name":"Axelvajer till den integrerade spj\u00e4lgardinen SOLAR handy - Solar","isPartOf":{"@id":"https:\/\/solar.fi\/#website"},"primaryImageOfPage":{"@id":"https:\/\/solar.fi\/sv\/produkt\/axelvajer-till-den-integrerade-spjalgardinen-solar-handy\/#primaryimage"},"image":{"@id":"https:\/\/solar.fi\/sv\/produkt\/axelvajer-till-den-integrerade-spjalgardinen-solar-handy\/#primaryimage"},"thumbnailUrl":"https:\/\/solar.fi\/wp-content\/uploads\/2022\/05\/Salekaihtimen-varaosa-akselivaijeri.png","datePublished":"2019-07-30T12:33:30+00:00","dateModified":"2026-04-06T11:17:39+00:00","breadcrumb":{"@id":"https:\/\/solar.fi\/sv\/produkt\/axelvajer-till-den-integrerade-spjalgardinen-solar-handy\/#breadcrumb"},"inLanguage":"sv-SE","potentialAction":[{"@type":"ReadAction","target":["https:\/\/solar.fi\/sv\/produkt\/axelvajer-till-den-integrerade-spjalgardinen-solar-handy\/"]}]},{"@type":"ImageObject","inLanguage":"sv-SE","@id":"https:\/\/solar.fi\/sv\/produkt\/axelvajer-till-den-integrerade-spjalgardinen-solar-handy\/#primaryimage","url":"https:\/\/solar.fi\/wp-content\/uploads\/2022\/05\/Salekaihtimen-varaosa-akselivaijeri.png","contentUrl":"https:\/\/solar.fi\/wp-content\/uploads\/2022\/05\/Salekaihtimen-varaosa-akselivaijeri.png","width":1080,"height":1080,"caption":"S\u00e4lekaihtimen k\u00e4\u00e4nnin akselivaijeri"},{"@type":"BreadcrumbList","@id":"https:\/\/solar.fi\/sv\/produkt\/axelvajer-till-den-integrerade-spjalgardinen-solar-handy\/#breadcrumb","itemListElement":[{"@type":"ListItem","position":1,"name":"Etusivu","item":"https:\/\/solar.fi\/sv\/"},{"@type":"ListItem","position":2,"name":"Produkter","item":"https:\/\/solar.fi\/sv\/produkter\/"},{"@type":"ListItem","position":3,"name":"Axelvajer till den integrerade spj\u00e4lgardinen SOLAR handy"}]},{"@type":"WebSite","@id":"https:\/\/solar.fi\/#website","url":"https:\/\/solar.fi\/","name":"Solar","description":"Love the Sun","publisher":{"@id":"https:\/\/solar.fi\/#organization"},"potentialAction":[{"@type":"SearchAction","target":{"@type":"EntryPoint","urlTemplate":"https:\/\/solar.fi\/?s={search_term_string}"},"query-input":{"@type":"PropertyValueSpecification","valueRequired":true,"valueName":"search_term_string"}}],"inLanguage":"sv-SE"},{"@type":"Organization","@id":"https:\/\/solar.fi\/#organization","name":"Solar","url":"https:\/\/solar.fi\/","logo":{"@type":"ImageObject","inLanguage":"sv-SE","@id":"https:\/\/solar.fi\/#\/schema\/logo\/image\/","url":"https:\/\/solar.fi\/wp-content\/uploads\/2019\/04\/solar-logo.png","contentUrl":"https:\/\/solar.fi\/wp-content\/uploads\/2019\/04\/solar-logo.png","width":298,"height":132,"caption":"Solar"},"image":{"@id":"https:\/\/solar.fi\/#\/schema\/logo\/image\/"},"sameAs":["https:\/\/www.facebook.com\/Solarkaihdin\/","https:\/\/www.instagram.com\/solarkaihdin\/","https:\/\/fi.pinterest.com\/solarkaihdin16\/","https:\/\/www.youtube.com\/c\/SolarKaihdinKyKalajoki?app=desktop","https:\/\/fi.linkedin.com\/company\/solar-kaihdin-oy?trk=similar-pages","https:\/\/www.tiktok.com\/@solarkaihdin"]}]}},"_links":{"self":[{"href":"https:\/\/solar.fi\/sv\/wp-json\/wp\/v2\/product\/10125","targetHints":{"allow":["GET"]}}],"collection":[{"href":"https:\/\/solar.fi\/sv\/wp-json\/wp\/v2\/product"}],"about":[{"href":"https:\/\/solar.fi\/sv\/wp-json\/wp\/v2\/types\/product"}],"replies":[{"embeddable":true,"href":"https:\/\/solar.fi\/sv\/wp-json\/wp\/v2\/comments?post=10125"}],"wp:featuredmedia":[{"embeddable":true,"href":"https:\/\/solar.fi\/sv\/wp-json\/wp\/v2\/media\/60528"}],"wp:attachment":[{"href":"https:\/\/solar.fi\/sv\/wp-json\/wp\/v2\/media?parent=10125"}],"wp:term":[{"taxonomy":"product_brand","embeddable":true,"href":"https:\/\/solar.fi\/sv\/wp-json\/wp\/v2\/product_brand?post=10125"},{"taxonomy":"product_cat","embeddable":true,"href":"https:\/\/solar.fi\/sv\/wp-json\/wp\/v2\/product_cat?post=10125"},{"taxonomy":"product_tag","embeddable":true,"href":"https:\/\/solar.fi\/sv\/wp-json\/wp\/v2\/product_tag?post=10125"}],"curies":[{"name":"wp","href":"https:\/\/api.w.org\/{rel}","templated":true}]}}