{"id":10102,"date":"2019-04-04T12:00:04","date_gmt":"2019-07-30T12:32:11","guid":{"rendered":"https:\/\/www.solar.fi\/tuote\/faste-till-myggnatet-hp3-tradfjader\/"},"modified":"2025-07-17T05:57:43","modified_gmt":"2025-07-17T02:57:43","slug":"faste-till-myggnatet-hp3-tradfjader","status":"publish","type":"product","link":"https:\/\/solar.fi\/sv\/produkt\/faste-till-myggnatet-hp3-tradfjader\/","title":{"rendered":"F\u00e4ste till myggn\u00e4tet HP3, tr\u00e5dfj\u00e4der"},"content":{"rendered":"","protected":false},"excerpt":{"rendered":"","protected":false},"featured_media":16141,"comment_status":"open","ping_status":"closed","template":"","meta":{"_acf_changed":false,"inline_featured_image":false},"product_brand":[],"product_cat":[734],"product_tag":[],"class_list":{"0":"post-10102","1":"product","2":"type-product","3":"status-publish","4":"has-post-thumbnail","6":"product_cat-reservdelar","7":"product_shipping_class-varaosat-sv","9":"first","10":"instock","11":"taxable","12":"shipping-taxable","13":"purchasable","14":"product-type-simple"},"acf":[],"yoast_head":"<!-- This site is optimized with the Yoast SEO plugin v27.3 - https:\/\/yoast.com\/product\/yoast-seo-wordpress\/ -->\n<title>F\u00e4ste till myggn\u00e4tet HP3, tr\u00e5dfj\u00e4der - Solar<\/title>\n<meta name=\"robots\" content=\"index, follow, max-snippet:-1, max-image-preview:large, max-video-preview:-1\" \/>\n<link rel=\"canonical\" href=\"https:\/\/solar.fi\/sv\/produkt\/faste-till-myggnatet-hp3-tradfjader\/\" \/>\n<meta property=\"og:locale\" content=\"sv_SE\" \/>\n<meta property=\"og:type\" content=\"article\" \/>\n<meta property=\"og:title\" content=\"F\u00e4ste till myggn\u00e4tet HP3, tr\u00e5dfj\u00e4der - Solar\" \/>\n<meta property=\"og:url\" content=\"https:\/\/solar.fi\/sv\/produkt\/faste-till-myggnatet-hp3-tradfjader\/\" \/>\n<meta property=\"og:site_name\" content=\"Solar\" \/>\n<meta property=\"article:publisher\" content=\"https:\/\/www.facebook.com\/Solarkaihdin\/\" \/>\n<meta property=\"article:modified_time\" content=\"2025-07-17T02:57:43+00:00\" \/>\n<meta property=\"og:image\" content=\"https:\/\/solar.fi\/wp-content\/uploads\/2020\/01\/hyonteispuite-varaosa-lankajousi-kiinnike.jpg\" \/>\n\t<meta property=\"og:image:width\" content=\"1527\" \/>\n\t<meta property=\"og:image:height\" content=\"1026\" \/>\n\t<meta property=\"og:image:type\" content=\"image\/jpeg\" \/>\n<meta name=\"twitter:card\" content=\"summary_large_image\" \/>\n<script type=\"application\/ld+json\" class=\"yoast-schema-graph\">{\"@context\":\"https:\\\/\\\/schema.org\",\"@graph\":[{\"@type\":\"WebPage\",\"@id\":\"https:\\\/\\\/solar.fi\\\/sv\\\/produkt\\\/faste-till-myggnatet-hp3-tradfjader\\\/\",\"url\":\"https:\\\/\\\/solar.fi\\\/sv\\\/produkt\\\/faste-till-myggnatet-hp3-tradfjader\\\/\",\"name\":\"F\u00e4ste till myggn\u00e4tet HP3, tr\u00e5dfj\u00e4der - Solar\",\"isPartOf\":{\"@id\":\"https:\\\/\\\/solar.fi\\\/#website\"},\"primaryImageOfPage\":{\"@id\":\"https:\\\/\\\/solar.fi\\\/sv\\\/produkt\\\/faste-till-myggnatet-hp3-tradfjader\\\/#primaryimage\"},\"image\":{\"@id\":\"https:\\\/\\\/solar.fi\\\/sv\\\/produkt\\\/faste-till-myggnatet-hp3-tradfjader\\\/#primaryimage\"},\"thumbnailUrl\":\"https:\\\/\\\/solar.fi\\\/wp-content\\\/uploads\\\/2020\\\/01\\\/hyonteispuite-varaosa-lankajousi-kiinnike.jpg\",\"datePublished\":\"2019-07-30T12:32:11+00:00\",\"dateModified\":\"2025-07-17T02:57:43+00:00\",\"breadcrumb\":{\"@id\":\"https:\\\/\\\/solar.fi\\\/sv\\\/produkt\\\/faste-till-myggnatet-hp3-tradfjader\\\/#breadcrumb\"},\"inLanguage\":\"sv-SE\",\"potentialAction\":[{\"@type\":\"ReadAction\",\"target\":[\"https:\\\/\\\/solar.fi\\\/sv\\\/produkt\\\/faste-till-myggnatet-hp3-tradfjader\\\/\"]}]},{\"@type\":\"ImageObject\",\"inLanguage\":\"sv-SE\",\"@id\":\"https:\\\/\\\/solar.fi\\\/sv\\\/produkt\\\/faste-till-myggnatet-hp3-tradfjader\\\/#primaryimage\",\"url\":\"https:\\\/\\\/solar.fi\\\/wp-content\\\/uploads\\\/2020\\\/01\\\/hyonteispuite-varaosa-lankajousi-kiinnike.jpg\",\"contentUrl\":\"https:\\\/\\\/solar.fi\\\/wp-content\\\/uploads\\\/2020\\\/01\\\/hyonteispuite-varaosa-lankajousi-kiinnike.jpg\",\"width\":1527,\"height\":1026,\"caption\":\"Ikkunan hy\u00f6nteissuojan varaosat, lankajousi-kiinnike.\"},{\"@type\":\"BreadcrumbList\",\"@id\":\"https:\\\/\\\/solar.fi\\\/sv\\\/produkt\\\/faste-till-myggnatet-hp3-tradfjader\\\/#breadcrumb\",\"itemListElement\":[{\"@type\":\"ListItem\",\"position\":1,\"name\":\"Etusivu\",\"item\":\"https:\\\/\\\/solar.fi\\\/sv\\\/\"},{\"@type\":\"ListItem\",\"position\":2,\"name\":\"Produkter\",\"item\":\"https:\\\/\\\/solar.fi\\\/sv\\\/produkter\\\/\"},{\"@type\":\"ListItem\",\"position\":3,\"name\":\"F\u00e4ste till myggn\u00e4tet HP3, tr\u00e5dfj\u00e4der\"}]},{\"@type\":\"WebSite\",\"@id\":\"https:\\\/\\\/solar.fi\\\/#website\",\"url\":\"https:\\\/\\\/solar.fi\\\/\",\"name\":\"Solar\",\"description\":\"Love the Sun\",\"publisher\":{\"@id\":\"https:\\\/\\\/solar.fi\\\/#organization\"},\"potentialAction\":[{\"@type\":\"SearchAction\",\"target\":{\"@type\":\"EntryPoint\",\"urlTemplate\":\"https:\\\/\\\/solar.fi\\\/?s={search_term_string}\"},\"query-input\":{\"@type\":\"PropertyValueSpecification\",\"valueRequired\":true,\"valueName\":\"search_term_string\"}}],\"inLanguage\":\"sv-SE\"},{\"@type\":\"Organization\",\"@id\":\"https:\\\/\\\/solar.fi\\\/#organization\",\"name\":\"Solar\",\"url\":\"https:\\\/\\\/solar.fi\\\/\",\"logo\":{\"@type\":\"ImageObject\",\"inLanguage\":\"sv-SE\",\"@id\":\"https:\\\/\\\/solar.fi\\\/#\\\/schema\\\/logo\\\/image\\\/\",\"url\":\"https:\\\/\\\/solar.fi\\\/wp-content\\\/uploads\\\/2019\\\/04\\\/solar-logo.png\",\"contentUrl\":\"https:\\\/\\\/solar.fi\\\/wp-content\\\/uploads\\\/2019\\\/04\\\/solar-logo.png\",\"width\":298,\"height\":132,\"caption\":\"Solar\"},\"image\":{\"@id\":\"https:\\\/\\\/solar.fi\\\/#\\\/schema\\\/logo\\\/image\\\/\"},\"sameAs\":[\"https:\\\/\\\/www.facebook.com\\\/Solarkaihdin\\\/\",\"https:\\\/\\\/www.instagram.com\\\/solarkaihdin\\\/\",\"https:\\\/\\\/fi.pinterest.com\\\/solarkaihdin16\\\/\",\"https:\\\/\\\/www.youtube.com\\\/c\\\/SolarKaihdinKyKalajoki?app=desktop\",\"https:\\\/\\\/fi.linkedin.com\\\/company\\\/solar-kaihdin-oy?trk=similar-pages\",\"https:\\\/\\\/www.tiktok.com\\\/@solarkaihdin\"]}]}<\/script>\n<!-- \/ Yoast SEO plugin. -->","yoast_head_json":{"title":"F\u00e4ste till myggn\u00e4tet HP3, tr\u00e5dfj\u00e4der - Solar","robots":{"index":"index","follow":"follow","max-snippet":"max-snippet:-1","max-image-preview":"max-image-preview:large","max-video-preview":"max-video-preview:-1"},"canonical":"https:\/\/solar.fi\/sv\/produkt\/faste-till-myggnatet-hp3-tradfjader\/","og_locale":"sv_SE","og_type":"article","og_title":"F\u00e4ste till myggn\u00e4tet HP3, tr\u00e5dfj\u00e4der - Solar","og_url":"https:\/\/solar.fi\/sv\/produkt\/faste-till-myggnatet-hp3-tradfjader\/","og_site_name":"Solar","article_publisher":"https:\/\/www.facebook.com\/Solarkaihdin\/","article_modified_time":"2025-07-17T02:57:43+00:00","og_image":[{"width":1527,"height":1026,"url":"https:\/\/solar.fi\/wp-content\/uploads\/2020\/01\/hyonteispuite-varaosa-lankajousi-kiinnike.jpg","type":"image\/jpeg"}],"twitter_card":"summary_large_image","schema":{"@context":"https:\/\/schema.org","@graph":[{"@type":"WebPage","@id":"https:\/\/solar.fi\/sv\/produkt\/faste-till-myggnatet-hp3-tradfjader\/","url":"https:\/\/solar.fi\/sv\/produkt\/faste-till-myggnatet-hp3-tradfjader\/","name":"F\u00e4ste till myggn\u00e4tet HP3, tr\u00e5dfj\u00e4der - Solar","isPartOf":{"@id":"https:\/\/solar.fi\/#website"},"primaryImageOfPage":{"@id":"https:\/\/solar.fi\/sv\/produkt\/faste-till-myggnatet-hp3-tradfjader\/#primaryimage"},"image":{"@id":"https:\/\/solar.fi\/sv\/produkt\/faste-till-myggnatet-hp3-tradfjader\/#primaryimage"},"thumbnailUrl":"https:\/\/solar.fi\/wp-content\/uploads\/2020\/01\/hyonteispuite-varaosa-lankajousi-kiinnike.jpg","datePublished":"2019-07-30T12:32:11+00:00","dateModified":"2025-07-17T02:57:43+00:00","breadcrumb":{"@id":"https:\/\/solar.fi\/sv\/produkt\/faste-till-myggnatet-hp3-tradfjader\/#breadcrumb"},"inLanguage":"sv-SE","potentialAction":[{"@type":"ReadAction","target":["https:\/\/solar.fi\/sv\/produkt\/faste-till-myggnatet-hp3-tradfjader\/"]}]},{"@type":"ImageObject","inLanguage":"sv-SE","@id":"https:\/\/solar.fi\/sv\/produkt\/faste-till-myggnatet-hp3-tradfjader\/#primaryimage","url":"https:\/\/solar.fi\/wp-content\/uploads\/2020\/01\/hyonteispuite-varaosa-lankajousi-kiinnike.jpg","contentUrl":"https:\/\/solar.fi\/wp-content\/uploads\/2020\/01\/hyonteispuite-varaosa-lankajousi-kiinnike.jpg","width":1527,"height":1026,"caption":"Ikkunan hy\u00f6nteissuojan varaosat, lankajousi-kiinnike."},{"@type":"BreadcrumbList","@id":"https:\/\/solar.fi\/sv\/produkt\/faste-till-myggnatet-hp3-tradfjader\/#breadcrumb","itemListElement":[{"@type":"ListItem","position":1,"name":"Etusivu","item":"https:\/\/solar.fi\/sv\/"},{"@type":"ListItem","position":2,"name":"Produkter","item":"https:\/\/solar.fi\/sv\/produkter\/"},{"@type":"ListItem","position":3,"name":"F\u00e4ste till myggn\u00e4tet HP3, tr\u00e5dfj\u00e4der"}]},{"@type":"WebSite","@id":"https:\/\/solar.fi\/#website","url":"https:\/\/solar.fi\/","name":"Solar","description":"Love the Sun","publisher":{"@id":"https:\/\/solar.fi\/#organization"},"potentialAction":[{"@type":"SearchAction","target":{"@type":"EntryPoint","urlTemplate":"https:\/\/solar.fi\/?s={search_term_string}"},"query-input":{"@type":"PropertyValueSpecification","valueRequired":true,"valueName":"search_term_string"}}],"inLanguage":"sv-SE"},{"@type":"Organization","@id":"https:\/\/solar.fi\/#organization","name":"Solar","url":"https:\/\/solar.fi\/","logo":{"@type":"ImageObject","inLanguage":"sv-SE","@id":"https:\/\/solar.fi\/#\/schema\/logo\/image\/","url":"https:\/\/solar.fi\/wp-content\/uploads\/2019\/04\/solar-logo.png","contentUrl":"https:\/\/solar.fi\/wp-content\/uploads\/2019\/04\/solar-logo.png","width":298,"height":132,"caption":"Solar"},"image":{"@id":"https:\/\/solar.fi\/#\/schema\/logo\/image\/"},"sameAs":["https:\/\/www.facebook.com\/Solarkaihdin\/","https:\/\/www.instagram.com\/solarkaihdin\/","https:\/\/fi.pinterest.com\/solarkaihdin16\/","https:\/\/www.youtube.com\/c\/SolarKaihdinKyKalajoki?app=desktop","https:\/\/fi.linkedin.com\/company\/solar-kaihdin-oy?trk=similar-pages","https:\/\/www.tiktok.com\/@solarkaihdin"]}]}},"_links":{"self":[{"href":"https:\/\/solar.fi\/sv\/wp-json\/wp\/v2\/product\/10102","targetHints":{"allow":["GET"]}}],"collection":[{"href":"https:\/\/solar.fi\/sv\/wp-json\/wp\/v2\/product"}],"about":[{"href":"https:\/\/solar.fi\/sv\/wp-json\/wp\/v2\/types\/product"}],"replies":[{"embeddable":true,"href":"https:\/\/solar.fi\/sv\/wp-json\/wp\/v2\/comments?post=10102"}],"wp:featuredmedia":[{"embeddable":true,"href":"https:\/\/solar.fi\/sv\/wp-json\/wp\/v2\/media\/16141"}],"wp:attachment":[{"href":"https:\/\/solar.fi\/sv\/wp-json\/wp\/v2\/media?parent=10102"}],"wp:term":[{"taxonomy":"product_brand","embeddable":true,"href":"https:\/\/solar.fi\/sv\/wp-json\/wp\/v2\/product_brand?post=10102"},{"taxonomy":"product_cat","embeddable":true,"href":"https:\/\/solar.fi\/sv\/wp-json\/wp\/v2\/product_cat?post=10102"},{"taxonomy":"product_tag","embeddable":true,"href":"https:\/\/solar.fi\/sv\/wp-json\/wp\/v2\/product_tag?post=10102"}],"curies":[{"name":"wp","href":"https:\/\/api.w.org\/{rel}","templated":true}]}}