{"id":9780,"date":"2019-07-30T09:51:27","date_gmt":"2019-07-30T06:51:27","guid":{"rendered":"https:\/\/www.solar.fi\/dataskyddsbeskrivning\/"},"modified":"2025-04-14T14:39:53","modified_gmt":"2025-04-14T11:39:53","slug":"dataskyddsbeskrivning","status":"publish","type":"page","link":"https:\/\/solar.fi\/sv\/dataskyddsbeskrivning\/","title":{"rendered":"Dataskyddsbeskrivning"},"content":{"rendered":"\n\n<section id=\"block_9815040b662f84fbd54d23378d78327e\" class=\"block-hero\">\n\n  <div class=\"container\">\n          <div class=\"relative min-h-[540px] flex items-end justify-start\">\n        <div class=\"absolute inset-0 w-full h-full bg-dark-layer z-10 rounded-[20px]\"><\/div>\n        <figure class=\"absolute inset-0 w-full\">\n          <img loading=\"lazy\" decoding=\"async\" width=\"600\" height=\"400\" src=\"https:\/\/solar.fi\/wp-content\/uploads\/2022\/03\/CQ8A6942-600x400-1.jpg\" class=\"w-full h-full object-cover rounded-[20px]\" alt=\"\" style=\"object-position: 50% 50%;\" srcset=\"https:\/\/solar.fi\/wp-content\/uploads\/2022\/03\/CQ8A6942-600x400-1.jpg 600w, https:\/\/solar.fi\/wp-content\/uploads\/2022\/03\/CQ8A6942-600x400-1-150x100.jpg 150w, https:\/\/solar.fi\/wp-content\/uploads\/2022\/03\/CQ8A6942-600x400-1-450x300.jpg 450w\" sizes=\"auto, (max-width: 600px) 100vw, 600px\" \/>        <\/figure>\n        <div class=\"relative z-20 p-8 text-white max-w-[550px]\">\n                      <h2 class=\"default\">Dataskyddsbeskrivning<\/h2>                            <\/div>\n      <\/div>\n      <\/div>\n\n\n<\/section>\n\n\n\n\n<section id=\"block_2633dbf80583f35a64fc6a6c79a23fb7\" class=\"block-text pt-4 md:pt-6 lg:pt-8 pb-4 md:pb-6 lg:pb-8 relative\">\n  <div class=\"container\">\n\n    <div class=\"grid md:grid-cols-12 gap-10\">\n\n      <div class=\"col-span-full md:col-span-8 md:col-start-3\">\n\n        \n          \n                      <div class=\"content\"><p>Dataskyddsbeskrivning Solar Kaihdin Oy, SOLAR-webbutiken<br \/>\nSyftet med den h\u00e4r dataskyddsbeskrivningen \u00e4r att p\u00e5 ett s\u00e5 transparent s\u00e4tt som m\u00f6jligt beskriva hur vi hanterar dina personuppgifter i anslutning till Solar Kaihdin Oy:s webbplats och webbutik (adress: www.solar.fi). Om n\u00e5got dock \u00e4r oklart eller om du har fr\u00e5gor i egenskap av registrerad kan du kontakta oss per e-post p\u00e5 solar@solar.fi. Vi kan komma att uppdatera den h\u00e4r dataskyddsbeskrivningen till f\u00f6ljd av \u00e4ndringar i v\u00e5ra hanterings\u00e5tg\u00e4rder eller den till\u00e4mpliga lagstiftningen. Du hittar alltid en uppdaterad dataskyddsbeskrivning p\u00e5 v\u00e5r webbplats.<\/p>\n<h3>Vilka \u00e4r vi?<\/h3>\n<p>Solar Kaihdin Oy 1934274-8 Lankilantie 46 85100 Kalajoki eeva-liisa.heusala@solar.fi<\/p>\n<h3>Varf\u00f6r behandlar vi dina personuppgifter?<\/h3>\n<p>N\u00e4r du bes\u00f6ker v\u00e5r webbplats:<br \/>\nN\u00e4r du bes\u00f6ker v\u00e5r webbplats behandlar och sparar vi automatiskt serverns loggfilsinformation, som din IP-adress, olika tidsst\u00e4mplar och annan information om den enhet du anv\u00e4nder. Vi anv\u00e4nder den h\u00e4r informationen f\u00f6r att m\u00f6jligg\u00f6ra \u00e5tkomst till v\u00e5r webbplats och f\u00f6r att analysera, rapportera och f\u00f6rb\u00e4ttra kvaliteten p\u00e5 v\u00e5r webbplats. Till exempel visar olika webbl\u00e4sare webbplatser p\u00e5 olika s\u00e4tt. D\u00e4rf\u00f6r behandlar vi information om vilken webbl\u00e4sare du anv\u00e4nder, s\u00e5 att vi kan s\u00e4kerst\u00e4lla att webbsidorna visas korrekt f\u00f6r dig. Dessutom anv\u00e4nder vi informationen f\u00f6r att diagnostisera eventuella tekniska problem p\u00e5 webbplatsen. Om din webbl\u00e4sare till exempel f\u00f6rs\u00f6ker kontakta v\u00e5r webbplats utan att lyckas unders\u00f6ker vi vad som \u00e4r orsaken till detta fel och f\u00f6rs\u00f6ker korrigera det. Lagringstid f\u00f6r informationen: 5 \u00e5r. R\u00e4ttsgrund f\u00f6r hanteringen: ett ber\u00e4ttigat intresse hos den personuppgiftsansvariga.<\/p>\n<h3>N\u00e4r du kontaktar oss:<\/h3>\n<p>Vi behandlar naturligtvis dina personuppgifter, till exempel din e-postadress, ditt namn och inneh\u00e5llet i det meddelande du har skickat, n\u00e4r du kontaktar oss eller beg\u00e4r en offert. Vi behandlar informationen f\u00f6r att svara p\u00e5 dina fr\u00e5gor och sk\u00f6ta kundrelationen samt f\u00f6r marknadsf\u00f6ringssyften. Lagringstid f\u00f6r informationen: 5 \u00e5r. R\u00e4ttsgrund f\u00f6r hanteringen: ett ber\u00e4ttigat intresse hos den personuppgiftsansvariga.<\/p>\n<h3>Effektuering, hantering och arkivering av best\u00e4llningar<\/h3>\n<p>Vi behandlar vissa av dina personuppgifter, till exempel dina kontaktuppgifter och information om de best\u00e4llda produkterna, f\u00f6r att hantera best\u00e4llningarna och leverera de produkter du har best\u00e4llt. Vi anv\u00e4nder \u00e4ven utomst\u00e5ende betaltj\u00e4nstleverant\u00f6rer som behandlar dina personuppgifter i samband med betalningen av de produkter som du har best\u00e4llt. Lagringstid f\u00f6r informationen: 6 \u00e5r. R\u00e4ttsgrund f\u00f6r hanteringen: det \u00e4r n\u00f6dv\u00e4ndigt att hantera personuppgifterna f\u00f6r att verkst\u00e4lla avtalet och iaktta de f\u00f6rvaringstider som fastst\u00e4lls i bokf\u00f6ringslagen.<\/p>\n<h3>Hur skyddar vi din information?<\/h3>\n<p>Vi g\u00f6r v\u00e5rt b\u00e4sta f\u00f6r att h\u00e5lla all din information skyddad. Vi har inf\u00f6rt adekvata tekniska och organisatoriska metoder f\u00f6r att s\u00e4kerst\u00e4lla att din information inte f\u00f6rst\u00f6rs, f\u00f6rkommer eller redigeras av misstag eller p\u00e5 ett olagligt s\u00e4tt och f\u00f6r att f\u00f6rhindra olovlig \u00f6verf\u00f6ring, \u00f6verl\u00e5telse eller \u00e5tkomst. Det manuella materialet f\u00f6rvaras i l\u00e5sta utrymmen eller i l\u00e5sta sk\u00e5p. Tillg\u00e5ngen till personuppgifterna och de filer som anknyter till dessa har begr\u00e4nsats och skyddats med anv\u00e4ndarnamn och l\u00f6senord. Elektroniskt material f\u00f6rvaras p\u00e5 skyddade servrar. Informationen behandlas konfidentiellt och med iakttagande av de lagstadgade sekretesskyldigheterna.<\/p>\n<h3>\u00d6verl\u00e5ter vi dina uppgifter till tredje parter?<\/h3>\n<p>Vi tar hj\u00e4lp av tj\u00e4nsteleverant\u00f6rer vid behandlingen av personuppgifter. Vi har ing\u00e5tt avtalsarrangemang med dessa f\u00f6retag f\u00f6r att s\u00e4kerst\u00e4lla att de endast behandlar personuppgifterna f\u00f6r v\u00e5r r\u00e4kning. F\u00f6ljande tredje parter anv\u00e4nds i samband med hanteringen av dina uppgifter:<\/p>\n<p><strong>LevelUp Oy<\/strong> (Finland): LevelUp Oy uppr\u00e4tth\u00e5ller v\u00e5r webbplats.<br \/>\n<strong>Zoner Oy<\/strong> (Finland): Zoner Oy levererar de servrar d\u00e4r dina personuppgifter f\u00f6rvaras och sparar din IP-adress f\u00f6r underh\u00e5llssyften.<br \/>\n<strong>Paytrail Ab<\/strong> (Finland): Vid betalningen av best\u00e4llningar anv\u00e4nder vi \u00e4ven utomst\u00e5ende betaltj\u00e4nstleverant\u00f6rer, som behandlar dina personuppgifter enligt sin egen dataskyddspraxis. Mer information: Paytrail Ab.<\/p>\n<p>Dessutom anv\u00e4nder vi Google Analytics f\u00f6r att analysera v\u00e5r webbplats. Vissa uppgifter om anv\u00e4ndningen av webbplatsen, till exempel din IP-adress, f\u00f6rmedlas till Google, som sparar dem p\u00e5 sina egna servrar. Mer information om Googles hantering av personuppgifter hittar du h\u00e4r: <a href=\"http:\/\/www.google.com\/policies\/privacy\/\">http:\/\/www.google.com\/policies\/privacy\/<\/a><\/p>\n<h3>Vilka r\u00e4ttigheter har du som registrerad?<\/h3>\n<p>Enligt dataskyddsf\u00f6rordningen har du vissa r\u00e4ttigheter g\u00e4llande behandlingen av dina uppgifter:<\/p>\n<p>R\u00e4tt att f\u00e5 tillg\u00e5ng till dina uppgifter:<br \/>\nDu har n\u00e4r som helst r\u00e4tt att beg\u00e4ra en bekr\u00e4ftelse av om vi behandlar dina uppgifter eller inte. Om vi behandlar dina uppgifter har du r\u00e4tt att f\u00e5 tillg\u00e5ng till och f\u00e5 en kopia av din information.<\/p>\n<h3>R\u00e4tt att korrigera dina uppgifter:<\/h3>\n<p>Om du tror att de uppgifter som vi f\u00f6rvarar \u00e4r felaktiga eller f\u00f6r\u00e5ldrade kan du kontakta oss och be oss att korrigera uppgifterna i fr\u00e5ga.<\/p>\n<h3>R\u00e4tt att bli bortgl\u00f6md:<\/h3>\n<p>Du har r\u00e4tt att be oss att radera dina uppgifter, och vi efterkommer din beg\u00e4ran utom i de fall d\u00e4r vi har laglig skyldighet att f\u00f6rvara informationen eller om vi har andra giltiga sk\u00e4l att f\u00f6rvara den. Till exempel om vi beh\u00f6ver informationen f\u00f6r att bekr\u00e4fta en aff\u00e4rstransaktion eller om vi f\u00f6rsvarar eller f\u00f6rbereder oss f\u00f6r ett juridiskt yrkande.<\/p>\n<h3>R\u00e4tt att begr\u00e4nsa behandlingen:<\/h3>\n<p>I vissa situationer har du r\u00e4tt att be oss att avbryta behandlingen av dina uppgifter, till exempel om du beh\u00f6ver uppgifterna f\u00f6r att inleda, verkst\u00e4lla eller f\u00f6rsvara juridiska \u00e5tg\u00e4rder och du vill att vi inte ska radera s\u00e5dana uppgifter i enlighet med v\u00e5ra f\u00f6rvaringstider.<\/p>\n<h3>R\u00e4tt till dataportabilitet:<\/h3>\n<p>Du har r\u00e4tt att f\u00e5 ut vissa av dina uppgifter i ett allm\u00e4nt anv\u00e4nt, maskinl\u00e4sbart format, s\u00e5 att du kan \u00f6verf\u00f6ra dem till ett annat f\u00f6retag.<\/p>\n<h3>R\u00e4tt att g\u00f6ra inv\u00e4ndningar mot behandlingen:<\/h3>\n<p>I vissa situationer har du \u00e4ven r\u00e4tt att g\u00f6ra inv\u00e4ndningar mot behandlingen av dina uppgifter, varvid vi avslutar all behandling, utom n\u00e4r vi tror att vi har giltiga orsaker att forts\u00e4tta behandlingen. Du kan \u00e4ven n\u00e4r som helst g\u00f6ra inv\u00e4ndningar mot den behandling som vi genomf\u00f6r med tanke p\u00e5 direktmarknadsf\u00f6ring.<\/p>\n<h3>R\u00e4tt att inge klagom\u00e5l:<\/h3>\n<p>Om du upplever att dina dataskyddsr\u00e4ttigheter har kr\u00e4nkts har du alltid r\u00e4tt att inge ett klagom\u00e5l till tillsynsmyndigheten p\u00e5 <a href=\"http:\/\/tietosuoja.fi\">www.tietosuoja.fi<\/a>.<\/p>\n<h3>Fr\u00e5gor?<\/h3>\n<p>Om du har fr\u00e5gor eller vill ha mer information om den h\u00e4r dataskyddsbeskrivningen eller dina r\u00e4ttigheter som registrerad kan du kontakta oss p\u00e5 solar@solar.fi.<\/p>\n<\/div>\n          \n        \n      <\/div>\n    <\/div>\n\n  <\/div>\n<\/section>\n","protected":false},"excerpt":{"rendered":"","protected":false},"author":919,"featured_media":0,"parent":0,"menu_order":0,"comment_status":"closed","ping_status":"closed","template":"","meta":{"_acf_changed":false,"inline_featured_image":false,"footnotes":""},"class_list":["post-9780","page","type-page","status-publish","hentry"],"acf":[],"yoast_head":"<!-- This site is optimized with the Yoast SEO plugin v27.3 - https:\/\/yoast.com\/product\/yoast-seo-wordpress\/ -->\n<title>Dataskyddsbeskrivning - Solar<\/title>\n<meta name=\"robots\" content=\"index, follow, max-snippet:-1, max-image-preview:large, max-video-preview:-1\" \/>\n<link rel=\"canonical\" href=\"https:\/\/solar.fi\/sv\/dataskyddsbeskrivning\/\" \/>\n<meta property=\"og:locale\" content=\"sv_SE\" \/>\n<meta property=\"og:type\" content=\"article\" \/>\n<meta property=\"og:title\" content=\"Dataskyddsbeskrivning - Solar\" \/>\n<meta property=\"og:url\" content=\"https:\/\/solar.fi\/sv\/dataskyddsbeskrivning\/\" \/>\n<meta property=\"og:site_name\" content=\"Solar\" \/>\n<meta property=\"article:publisher\" content=\"https:\/\/www.facebook.com\/Solarkaihdin\/\" \/>\n<meta property=\"article:modified_time\" content=\"2025-04-14T11:39:53+00:00\" \/>\n<meta name=\"twitter:card\" content=\"summary_large_image\" \/>\n<script type=\"application\/ld+json\" class=\"yoast-schema-graph\">{\"@context\":\"https:\\\/\\\/schema.org\",\"@graph\":[{\"@type\":\"WebPage\",\"@id\":\"https:\\\/\\\/solar.fi\\\/sv\\\/dataskyddsbeskrivning\\\/\",\"url\":\"https:\\\/\\\/solar.fi\\\/sv\\\/dataskyddsbeskrivning\\\/\",\"name\":\"Dataskyddsbeskrivning - Solar\",\"isPartOf\":{\"@id\":\"https:\\\/\\\/solar.fi\\\/#website\"},\"datePublished\":\"2019-07-30T06:51:27+00:00\",\"dateModified\":\"2025-04-14T11:39:53+00:00\",\"breadcrumb\":{\"@id\":\"https:\\\/\\\/solar.fi\\\/sv\\\/dataskyddsbeskrivning\\\/#breadcrumb\"},\"inLanguage\":\"sv-SE\",\"potentialAction\":[{\"@type\":\"ReadAction\",\"target\":[\"https:\\\/\\\/solar.fi\\\/sv\\\/dataskyddsbeskrivning\\\/\"]}]},{\"@type\":\"BreadcrumbList\",\"@id\":\"https:\\\/\\\/solar.fi\\\/sv\\\/dataskyddsbeskrivning\\\/#breadcrumb\",\"itemListElement\":[{\"@type\":\"ListItem\",\"position\":1,\"name\":\"Etusivu\",\"item\":\"https:\\\/\\\/solar.fi\\\/sv\\\/\"},{\"@type\":\"ListItem\",\"position\":2,\"name\":\"Dataskyddsbeskrivning\"}]},{\"@type\":\"WebSite\",\"@id\":\"https:\\\/\\\/solar.fi\\\/#website\",\"url\":\"https:\\\/\\\/solar.fi\\\/\",\"name\":\"Solar\",\"description\":\"Love the Sun\",\"publisher\":{\"@id\":\"https:\\\/\\\/solar.fi\\\/#organization\"},\"potentialAction\":[{\"@type\":\"SearchAction\",\"target\":{\"@type\":\"EntryPoint\",\"urlTemplate\":\"https:\\\/\\\/solar.fi\\\/?s={search_term_string}\"},\"query-input\":{\"@type\":\"PropertyValueSpecification\",\"valueRequired\":true,\"valueName\":\"search_term_string\"}}],\"inLanguage\":\"sv-SE\"},{\"@type\":\"Organization\",\"@id\":\"https:\\\/\\\/solar.fi\\\/#organization\",\"name\":\"Solar\",\"url\":\"https:\\\/\\\/solar.fi\\\/\",\"logo\":{\"@type\":\"ImageObject\",\"inLanguage\":\"sv-SE\",\"@id\":\"https:\\\/\\\/solar.fi\\\/#\\\/schema\\\/logo\\\/image\\\/\",\"url\":\"https:\\\/\\\/solar.fi\\\/wp-content\\\/uploads\\\/2019\\\/04\\\/solar-logo.png\",\"contentUrl\":\"https:\\\/\\\/solar.fi\\\/wp-content\\\/uploads\\\/2019\\\/04\\\/solar-logo.png\",\"width\":298,\"height\":132,\"caption\":\"Solar\"},\"image\":{\"@id\":\"https:\\\/\\\/solar.fi\\\/#\\\/schema\\\/logo\\\/image\\\/\"},\"sameAs\":[\"https:\\\/\\\/www.facebook.com\\\/Solarkaihdin\\\/\",\"https:\\\/\\\/www.instagram.com\\\/solarkaihdin\\\/\",\"https:\\\/\\\/fi.pinterest.com\\\/solarkaihdin16\\\/\",\"https:\\\/\\\/www.youtube.com\\\/c\\\/SolarKaihdinKyKalajoki?app=desktop\",\"https:\\\/\\\/fi.linkedin.com\\\/company\\\/solar-kaihdin-oy?trk=similar-pages\",\"https:\\\/\\\/www.tiktok.com\\\/@solarkaihdin\"]}]}<\/script>\n<!-- \/ Yoast SEO plugin. -->","yoast_head_json":{"title":"Dataskyddsbeskrivning - Solar","robots":{"index":"index","follow":"follow","max-snippet":"max-snippet:-1","max-image-preview":"max-image-preview:large","max-video-preview":"max-video-preview:-1"},"canonical":"https:\/\/solar.fi\/sv\/dataskyddsbeskrivning\/","og_locale":"sv_SE","og_type":"article","og_title":"Dataskyddsbeskrivning - Solar","og_url":"https:\/\/solar.fi\/sv\/dataskyddsbeskrivning\/","og_site_name":"Solar","article_publisher":"https:\/\/www.facebook.com\/Solarkaihdin\/","article_modified_time":"2025-04-14T11:39:53+00:00","twitter_card":"summary_large_image","schema":{"@context":"https:\/\/schema.org","@graph":[{"@type":"WebPage","@id":"https:\/\/solar.fi\/sv\/dataskyddsbeskrivning\/","url":"https:\/\/solar.fi\/sv\/dataskyddsbeskrivning\/","name":"Dataskyddsbeskrivning - Solar","isPartOf":{"@id":"https:\/\/solar.fi\/#website"},"datePublished":"2019-07-30T06:51:27+00:00","dateModified":"2025-04-14T11:39:53+00:00","breadcrumb":{"@id":"https:\/\/solar.fi\/sv\/dataskyddsbeskrivning\/#breadcrumb"},"inLanguage":"sv-SE","potentialAction":[{"@type":"ReadAction","target":["https:\/\/solar.fi\/sv\/dataskyddsbeskrivning\/"]}]},{"@type":"BreadcrumbList","@id":"https:\/\/solar.fi\/sv\/dataskyddsbeskrivning\/#breadcrumb","itemListElement":[{"@type":"ListItem","position":1,"name":"Etusivu","item":"https:\/\/solar.fi\/sv\/"},{"@type":"ListItem","position":2,"name":"Dataskyddsbeskrivning"}]},{"@type":"WebSite","@id":"https:\/\/solar.fi\/#website","url":"https:\/\/solar.fi\/","name":"Solar","description":"Love the Sun","publisher":{"@id":"https:\/\/solar.fi\/#organization"},"potentialAction":[{"@type":"SearchAction","target":{"@type":"EntryPoint","urlTemplate":"https:\/\/solar.fi\/?s={search_term_string}"},"query-input":{"@type":"PropertyValueSpecification","valueRequired":true,"valueName":"search_term_string"}}],"inLanguage":"sv-SE"},{"@type":"Organization","@id":"https:\/\/solar.fi\/#organization","name":"Solar","url":"https:\/\/solar.fi\/","logo":{"@type":"ImageObject","inLanguage":"sv-SE","@id":"https:\/\/solar.fi\/#\/schema\/logo\/image\/","url":"https:\/\/solar.fi\/wp-content\/uploads\/2019\/04\/solar-logo.png","contentUrl":"https:\/\/solar.fi\/wp-content\/uploads\/2019\/04\/solar-logo.png","width":298,"height":132,"caption":"Solar"},"image":{"@id":"https:\/\/solar.fi\/#\/schema\/logo\/image\/"},"sameAs":["https:\/\/www.facebook.com\/Solarkaihdin\/","https:\/\/www.instagram.com\/solarkaihdin\/","https:\/\/fi.pinterest.com\/solarkaihdin16\/","https:\/\/www.youtube.com\/c\/SolarKaihdinKyKalajoki?app=desktop","https:\/\/fi.linkedin.com\/company\/solar-kaihdin-oy?trk=similar-pages","https:\/\/www.tiktok.com\/@solarkaihdin"]}]}},"_links":{"self":[{"href":"https:\/\/solar.fi\/sv\/wp-json\/wp\/v2\/pages\/9780","targetHints":{"allow":["GET"]}}],"collection":[{"href":"https:\/\/solar.fi\/sv\/wp-json\/wp\/v2\/pages"}],"about":[{"href":"https:\/\/solar.fi\/sv\/wp-json\/wp\/v2\/types\/page"}],"author":[{"embeddable":true,"href":"https:\/\/solar.fi\/sv\/wp-json\/wp\/v2\/users\/919"}],"replies":[{"embeddable":true,"href":"https:\/\/solar.fi\/sv\/wp-json\/wp\/v2\/comments?post=9780"}],"version-history":[{"count":3,"href":"https:\/\/solar.fi\/sv\/wp-json\/wp\/v2\/pages\/9780\/revisions"}],"predecessor-version":[{"id":84319,"href":"https:\/\/solar.fi\/sv\/wp-json\/wp\/v2\/pages\/9780\/revisions\/84319"}],"wp:attachment":[{"href":"https:\/\/solar.fi\/sv\/wp-json\/wp\/v2\/media?parent=9780"}],"curies":[{"name":"wp","href":"https:\/\/api.w.org\/{rel}","templated":true}]}}