{"id":82248,"date":"2025-03-20T10:18:25","date_gmt":"2025-03-20T08:18:25","guid":{"rendered":"https:\/\/solar.fi\/?page_id=82248"},"modified":"2025-04-22T11:09:42","modified_gmt":"2025-04-22T08:09:42","slug":"insektsdorrar","status":"publish","type":"page","link":"https:\/\/solar.fi\/sv\/insektsskydd\/insektsdorrar\/","title":{"rendered":"Insektsd\u00f6rrar"},"content":{"rendered":"\n\n<section id=\"block_a1596f3071cd0804c1a3ce76b7c24e6d\" class=\"block-hero\">\n\n  <div class=\"container\">\n          <div class=\"relative min-h-[540px] flex items-end justify-start\">\n        <div class=\"absolute inset-0 w-full h-full bg-dark-layer z-10 rounded-[20px]\"><\/div>\n        <figure class=\"absolute inset-0 w-full\">\n          <img loading=\"lazy\" decoding=\"async\" width=\"768\" height=\"524\" src=\"https:\/\/solar.fi\/wp-content\/uploads\/2019\/01\/rullaverkko-ovi-006-min-1.jpg\" class=\"w-full h-full object-cover rounded-[20px]\" alt=\"Rullattava hyttysverkko-ovi.\" style=\"object-position: 64.67% 60.67%;\" srcset=\"https:\/\/solar.fi\/wp-content\/uploads\/2019\/01\/rullaverkko-ovi-006-min-1.jpg 1582w, https:\/\/solar.fi\/wp-content\/uploads\/2019\/01\/rullaverkko-ovi-006-min-1-150x102.jpg 150w, https:\/\/solar.fi\/wp-content\/uploads\/2019\/01\/rullaverkko-ovi-006-min-1-720x492.jpg 720w, https:\/\/solar.fi\/wp-content\/uploads\/2019\/01\/rullaverkko-ovi-006-min-1-450x307.jpg 450w, https:\/\/solar.fi\/wp-content\/uploads\/2019\/01\/rullaverkko-ovi-006-min-1-1440x983.jpg 1440w, https:\/\/solar.fi\/wp-content\/uploads\/2019\/01\/rullaverkko-ovi-006-min-1-600x410.jpg 600w\" sizes=\"auto, (max-width: 768px) 100vw, 768px\" \/>        <\/figure>\n        <div class=\"relative z-20 p-8 text-white max-w-[550px]\">\n                      <h2 class=\"h1\">Insektsd\u00f6rrar<\/h2>                                <p>Den skr\u00e4ddarsydda insektsn\u00e4td\u00f6rren passar perfekt.<\/p>\n                  <\/div>\n      <\/div>\n      <\/div>\n\n\n<\/section>\n\n\n\n\n<section id=\"block_84a60946d9b335ff5d0075b8ad5e8962\" class=\"block-listing-products overflow-hidden relative pt-4 md:pt-6 lg:pt-8 pb-4 md:pb-6 lg:pb-8\">\n  <div class=\"container relative pb-16 md:pb-0\">\n\n\t\t<div class=\"flex justify-between items-center gap-8 slider-title-wrap\">\n      \t\t\t    <\/div>\n\n\t\t\n\t\t\t\n\t\t\t\t<div class=\"grid grid-cols-1 md:grid-cols-3 gap-8\">\n\t\t\t\t\t<div class=\"grid grid-cols-1 gap-8 md:col-span-12 md:grid-cols-3\">\n\t\t\t\t\t\t\t\t\t\t\t<div>\n\t\t\t\t\t\t\t\n<div class=\"card-product bg-white rounded-[20px] shadow-lg hover:shadow-2xl transition duration-300 group h-full\">\n    <a href=\"https:\/\/solar.fi\/sv\/produkt\/solar-insektsdorr\/\">\n            <div class=\"relative\">\n            \n \n            <img decoding=\"async\" class=\"absolute top-4 right-4 z-50 w-[50px] h-auto\" src=\"https:\/\/solar.fi\/wp-content\/themes\/solar\/assets\/images\/avainlippu.png\" alt=\"Avainlippu\">\n            <figure class=\"aspect-w-1 aspect-h-1 w-full\">\n                <img decoding=\"async\" class=\"w-full !h-full rounded-t-[20px] object-cover\" alt=\"SOLAR hy\u00f6nteisovi verkolla\" src=\"https:\/\/solar.fi\/wp-content\/uploads\/2023\/03\/Hyonteisovi-verkolla-scaled-720x484.jpg\">\n            <\/figure>\n        <\/div>\n        <div class=\"p-4 sm:p-8 text-black woocommerce\">\n        <span class=\"block font-bold text-base sm:text-lg\">SOLAR Insektsd\u00f6rr<\/span>\n                    <p class=\"text-sm\">Rullbart n\u00e4t f\u00f6r traditionella ytterd\u00f6rrar. Tillverkas alltid m\u00e5ttanpassat f\u00f6r en&hellip;<\/p>\n                                    <div class=\"my-2\">\n                <div class=\"star-rating\" role=\"img\" aria-label=\"Betygsatt 4.29 av 5\"><span style=\"width:85.8%\">Betygsatt <strong class=\"rating\">4.29<\/strong> av 5<\/span><\/div>            <\/div>\n                <div class=\"flex items-center justify-between gap-2\">\n            <div>\n                            <\/div>\n            <button href=\"https:\/\/solar.fi\/sv\/produkt\/solar-insektsdorr\/\" class=\"btn btn-primary\">K\u00f6pa <i class=\"fa-regular fa-bag-shopping\"><\/i><\/button>\n        <\/div>\n    <\/div>\n    <\/a>\n<\/div>\n\t\t\t\t\t\t<\/div>\n\t\t\t\t\t\t\t\t\t\t\t<div>\n\t\t\t\t\t\t\t\n<div class=\"card-product bg-white rounded-[20px] shadow-lg hover:shadow-2xl transition duration-300 group h-full\">\n    <a href=\"https:\/\/solar.fi\/sv\/produkt\/solar-insektsdorr-xl\/\">\n            <div class=\"relative\">\n            \n \n            <img decoding=\"async\" class=\"absolute top-4 right-4 z-50 w-[50px] h-auto\" src=\"https:\/\/solar.fi\/wp-content\/themes\/solar\/assets\/images\/avainlippu.png\" alt=\"Avainlippu\">\n            <figure class=\"aspect-w-1 aspect-h-1 w-full\">\n                <img decoding=\"async\" class=\"w-full !h-full rounded-t-[20px] object-cover\" alt=\"Solar rulla hy\u00f6nteissuoja oveen.\" src=\"https:\/\/solar.fi\/wp-content\/uploads\/2020\/10\/hyttyssuoja-rullaxl-720x720.jpg\">\n            <\/figure>\n        <\/div>\n        <div class=\"p-4 sm:p-8 text-black woocommerce\">\n        <span class=\"block font-bold text-base sm:text-lg\">SOLAR Insektsd\u00f6rr XL<\/span>\n                    <p class=\"text-sm\">Rullbart insektsn\u00e4t f\u00f6r skjutd\u00f6rrar. Tillverkas alltid m\u00e5ttanpassat f\u00f6r en perfekt&hellip;<\/p>\n                                <div class=\"flex items-center justify-between gap-2\">\n            <div>\n                                                                <span class=\"price\"><span class=\"woocommerce-Price-amount amount\"><bdi>726,65&nbsp;<span class=\"woocommerce-Price-currencySymbol\">&euro;<\/span><\/bdi><\/span><\/span>\n                                                                        <\/div>\n            <button href=\"https:\/\/solar.fi\/sv\/produkt\/solar-insektsdorr-xl\/\" class=\"btn btn-primary\">K\u00f6pa <i class=\"fa-regular fa-bag-shopping\"><\/i><\/button>\n        <\/div>\n    <\/div>\n    <\/a>\n<\/div>\n\t\t\t\t\t\t<\/div>\n\t\t\t\t\t\t\t\t\t\t\t<div>\n\t\t\t\t\t\t\t\n<div class=\"card-product bg-white rounded-[20px] shadow-lg hover:shadow-2xl transition duration-300 group h-full\">\n    <a href=\"https:\/\/solar.fi\/sv\/produkt\/solar-insektsdorr-dubbel\/\">\n            <div class=\"relative\">\n            \n \n            <img decoding=\"async\" class=\"absolute top-4 right-4 z-50 w-[50px] h-auto\" src=\"https:\/\/solar.fi\/wp-content\/themes\/solar\/assets\/images\/avainlippu.png\" alt=\"Avainlippu\">\n            <figure class=\"aspect-w-1 aspect-h-1 w-full\">\n                <img decoding=\"async\" class=\"w-full !h-full rounded-t-[20px] object-cover\" alt=\"Hyttysverkko oveen m\u00f6kille\" src=\"https:\/\/solar.fi\/wp-content\/uploads\/2023\/03\/Hyonteisovi-verkolla-1-scaled-720x515.jpg\">\n            <\/figure>\n        <\/div>\n        <div class=\"p-4 sm:p-8 text-black woocommerce\">\n        <span class=\"block font-bold text-base sm:text-lg\">SOLAR Insektsd\u00f6rr Dubbel<\/span>\n                    <p class=\"text-sm\">Rullbart insektsn\u00e4t f\u00f6r pard\u00f6rrar. Tillverkas alltid m\u00e5ttanpassat f\u00f6r en perfekt&hellip;<\/p>\n                                    <div class=\"my-2\">\n                <div class=\"star-rating\" role=\"img\" aria-label=\"Betygsatt 5.00 av 5\"><span style=\"width:100%\">Betygsatt <strong class=\"rating\">5.00<\/strong> av 5<\/span><\/div>            <\/div>\n                <div class=\"flex items-center justify-between gap-2\">\n            <div>\n                                                                <span class=\"price\"><span class=\"woocommerce-Price-amount amount\"><bdi>760,08&nbsp;<span class=\"woocommerce-Price-currencySymbol\">&euro;<\/span><\/bdi><\/span><\/span>\n                                                                        <\/div>\n            <button href=\"https:\/\/solar.fi\/sv\/produkt\/solar-insektsdorr-dubbel\/\" class=\"btn btn-primary\">K\u00f6pa <i class=\"fa-regular fa-bag-shopping\"><\/i><\/button>\n        <\/div>\n    <\/div>\n    <\/a>\n<\/div>\n\t\t\t\t\t\t<\/div>\n\t\t\t\t\t\t\t\t\t\t<\/div>\n\t\t\t\t<\/div>\n\n\t\t\t\n\t\t\n  <\/div>\n\n<\/section>\n\n\n\n\n<section id=\"block_6d218472f5e33fcc5deaeebe0fb1b960\" class=\"block-carousel overflow-hidden all pt-4 md:pt-6 lg:pt-8 pb-4 md:pb-6 lg:pb-8\">\n\n  <div class=\"container relative pb-16 md:pb-0\">\n\n    <div class=\"flex justify-between items-center gap-8 slider-title-wrap\">\n      <div>\n              <\/div>\n      <div class=\"flex justify-end absolute md:relative z-20 bottom-0 right-6\">\n        <div class=\"flex space-x-4\">\n          <button class=\"items-prev rounded-full w-[45px] h-[45px] border-2 border-black cursor-pointer bg-white text-black text-2xl flex items-center justify-center\">\n            <i class=\"fa-sharp fa-regular fa-angle-left\"><\/i>\n          <\/button>\n          <button class=\"items-next rounded-full w-[45px] h-[45px] border-2 border-black cursor-pointer bg-white text-black text-2xl flex items-center justify-center\">\n            <i class=\"fa-sharp fa-regular fa-angle-right\"><\/i>\n          <\/button>\n        <\/div>\n      <\/div>\n    <\/div>\n    \n\n          \n      \n        <div class=\"swiper item-slider-expanding !overflow-visible\">\n          <div class=\"swiper-wrapper pb-10\">\n            \n                              <div class=\"swiper-slide\">\n                  <div class=\"relative min-h-[540px] flex items-end justify-start\">\n                                          <div class=\"absolute inset-0 w-full h-full bg-dark-layer z-20 rounded-[20px]\"><\/div>\n                                                              <figure class=\"absolute inset-0 w-full\">\n                        <img loading=\"lazy\" decoding=\"async\" width=\"768\" height=\"432\" src=\"https:\/\/solar.fi\/wp-content\/uploads\/2024\/06\/solar-kaihdin-hyonteissuoja.jpg\" class=\"w-full h-full object-cover rounded-[20px]\" alt=\"\" style=\"object-position: 73.33% 17.33%;\" srcset=\"https:\/\/solar.fi\/wp-content\/uploads\/2024\/06\/solar-kaihdin-hyonteissuoja.jpg 1920w, https:\/\/solar.fi\/wp-content\/uploads\/2024\/06\/solar-kaihdin-hyonteissuoja-1440x810.jpg 1440w, https:\/\/solar.fi\/wp-content\/uploads\/2024\/06\/solar-kaihdin-hyonteissuoja-150x84.jpg 150w, https:\/\/solar.fi\/wp-content\/uploads\/2024\/06\/solar-kaihdin-hyonteissuoja-720x405.jpg 720w, https:\/\/solar.fi\/wp-content\/uploads\/2024\/06\/solar-kaihdin-hyonteissuoja-450x253.jpg 450w, https:\/\/solar.fi\/wp-content\/uploads\/2024\/06\/solar-kaihdin-hyonteissuoja-600x338.jpg 600w\" sizes=\"auto, (max-width: 768px) 100vw, 768px\" \/>                      <\/figure>\n                                                            <div class=\"relative z-30 p-8 text-white max-w-[550px]\">\n                                              <h2 class=\"default\">H\u00e5ll insekterna borta<\/h2>                                                                    <p>T\u00e4ta SOLAR insektsn\u00e4t h\u00e5ller o\u00f6nskade insekter ute.<\/p>\n                                                                <\/div>\n                  <\/div>\n                <\/div>\n                            \n            \n                              <div class=\"swiper-slide\">\n                  <div class=\"relative min-h-[540px] flex items-end justify-start\">\n                                          <div class=\"absolute inset-0 w-full h-full bg-dark-layer z-20 rounded-[20px]\"><\/div>\n                                                              <figure class=\"absolute inset-0 w-full\">\n                        <img loading=\"lazy\" decoding=\"async\" width=\"768\" height=\"516\" src=\"https:\/\/solar.fi\/wp-content\/uploads\/2022\/03\/vekkiverho-ja-hyttysovi-1920x1291-1.jpg\" class=\"w-full h-full object-cover rounded-[20px]\" alt=\"\" style=\"object-position: 56.02% 60.81%;\" srcset=\"https:\/\/solar.fi\/wp-content\/uploads\/2022\/03\/vekkiverho-ja-hyttysovi-1920x1291-1.jpg 1920w, https:\/\/solar.fi\/wp-content\/uploads\/2022\/03\/vekkiverho-ja-hyttysovi-1920x1291-1-1440x968.jpg 1440w, https:\/\/solar.fi\/wp-content\/uploads\/2022\/03\/vekkiverho-ja-hyttysovi-1920x1291-1-150x101.jpg 150w, https:\/\/solar.fi\/wp-content\/uploads\/2022\/03\/vekkiverho-ja-hyttysovi-1920x1291-1-720x484.jpg 720w, https:\/\/solar.fi\/wp-content\/uploads\/2022\/03\/vekkiverho-ja-hyttysovi-1920x1291-1-450x303.jpg 450w, https:\/\/solar.fi\/wp-content\/uploads\/2022\/03\/vekkiverho-ja-hyttysovi-1920x1291-1-600x403.jpg 600w\" sizes=\"auto, (max-width: 768px) 100vw, 768px\" \/>                      <\/figure>\n                                                            <div class=\"relative z-30 p-8 text-white max-w-[550px]\">\n                                              <h2 class=\"default\">Ventilera effektivt<\/h2>                                                                    <p>SOLAR insektsd\u00f6rren passar perfekt. Kyla ditt hem effektivt genom att ventilera med drag.<\/p>\n                                                                <\/div>\n                  <\/div>\n                <\/div>\n                            \n            \n                              <div class=\"swiper-slide\">\n                  <div class=\"relative min-h-[540px] flex items-end justify-start\">\n                                          <div class=\"absolute inset-0 w-full h-full bg-dark-layer z-20 rounded-[20px]\"><\/div>\n                                                              <figure class=\"absolute inset-0 w-full\">\n                        <img loading=\"lazy\" decoding=\"async\" width=\"768\" height=\"768\" src=\"https:\/\/solar.fi\/wp-content\/uploads\/2024\/01\/Solar-Kaihdin-5-edited.jpg\" class=\"w-full h-full object-cover rounded-[20px]\" alt=\"Solarkaihdin Hy\u00f6nteisovi.\" style=\"object-position: 50% 50%;\" srcset=\"https:\/\/solar.fi\/wp-content\/uploads\/2024\/01\/Solar-Kaihdin-5-edited.jpg 1152w, https:\/\/solar.fi\/wp-content\/uploads\/2024\/01\/Solar-Kaihdin-5-edited-150x150.jpg 150w, https:\/\/solar.fi\/wp-content\/uploads\/2024\/01\/Solar-Kaihdin-5-edited-720x720.jpg 720w, https:\/\/solar.fi\/wp-content\/uploads\/2024\/01\/Solar-Kaihdin-5-edited-450x450.jpg 450w, https:\/\/solar.fi\/wp-content\/uploads\/2024\/01\/Solar-Kaihdin-5-edited-300x300.jpg 300w, https:\/\/solar.fi\/wp-content\/uploads\/2024\/01\/Solar-Kaihdin-5-edited-400x400.jpg 400w, https:\/\/solar.fi\/wp-content\/uploads\/2024\/01\/Solar-Kaihdin-5-edited-600x600.jpg 600w, https:\/\/solar.fi\/wp-content\/uploads\/2024\/01\/Solar-Kaihdin-5-edited-100x100.jpg 100w\" sizes=\"auto, (max-width: 768px) 100vw, 768px\" \/>                      <\/figure>\n                                                            <div class=\"relative z-30 p-8 text-white max-w-[550px]\">\n                                              <h2 class=\"default\">Njut av sommaren<\/h2>                                                                    <p>Tack vare de l\u00e4ttinstallerade produkterna kan du njuta av sommaren utan myggor.<\/p>\n                                                                <\/div>\n                  <\/div>\n                <\/div>\n                            \n                      <\/div>\n          <div class=\"swiper-scrollbar items-scrollbar\"><\/div>\n        <\/div>\n\n              \n  <\/div>\n\n\n<\/section>\n\n\n\n<section id=\"block_eb2f5efc432ca06c24ea342fb804ced9\" class=\"block-hero-alt relative pt-4 md:pt-6 lg:pt-8 pb-4 md:pb-6 lg:pb-8\">\n  <div class=\"container\">\n\n    <div class=\"grid grid-cols-1 md:grid-cols-12 gap-4 md:gap-8 items-start\">\n\n      <div class=\"md:col-span-6 md:h-full\">\n        <div class=\"bg-[#cee1f0] rounded-[20px] p-8 md:pt-32 md:p-12 relative -mt-12 md:mt-0 md:h-full\">\n                      <h2 class=\"default\">Vad \u00e4r insektsd\u00f6rrar l\u00e4mpliga f\u00f6r?<\/h2>                                  <header>SOLAR insektsd\u00f6rrar passar till n\u00e4stan alla ytterd\u00f6rrar till bost\u00e4der, stugor och fritidsl\u00e4genheter f\u00f6r att h\u00e5lla insekter borta.<\/p>\n<p>&nbsp;<\/p>\n<p>Den m\u00e5ttanpassade insektsd\u00f6rren \u00e4r t\u00e4t och l\u00e4tt att anv\u00e4nda. S\u00e4kerhetsn\u00e4tet \u00e4r flexibelt och kan enkelt tas bort fr\u00e5n framsidan n\u00e4r det inte finns n\u00e5got behov av insektsskydd. SOLAR insektsd\u00f6rrar h\u00e5ller l\u00e4nge, eftersom de kan underh\u00e5llas och vid behov repareras.<\/p>\n<\/header>\n                  <\/div>\n      <\/div>\n\n      <div class=\"md:col-span-6 relative h-full order-first md:order-last\">\n        <figure class=\"h-full w-full\" data-aos=\"zoom-in\" data-aos-delay=\"100\" data-aos-duration=\"500\">\n          <img loading=\"lazy\" decoding=\"async\" width=\"768\" height=\"576\" src=\"https:\/\/solar.fi\/wp-content\/uploads\/2020\/12\/hyttysovi.Solar_.png\" class=\"w-full h-full object-cover rounded-[20px]\" alt=\"k\u00e4si avaa hyttysovea\" style=\"object-position: 34% 50.67%;\" srcset=\"https:\/\/solar.fi\/wp-content\/uploads\/2020\/12\/hyttysovi.Solar_.png 1080w, https:\/\/solar.fi\/wp-content\/uploads\/2020\/12\/hyttysovi.Solar_-150x113.png 150w, https:\/\/solar.fi\/wp-content\/uploads\/2020\/12\/hyttysovi.Solar_-720x540.png 720w, https:\/\/solar.fi\/wp-content\/uploads\/2020\/12\/hyttysovi.Solar_-450x338.png 450w, https:\/\/solar.fi\/wp-content\/uploads\/2020\/12\/hyttysovi.Solar_-600x450.png 600w\" sizes=\"auto, (max-width: 768px) 100vw, 768px\" \/>        <\/figure>\n      <\/div>\n\n    <\/div>\n\n  <\/div>\n<\/section>\n\n\n\n\n<section id=\"block_f86c76512cf974400cca7d7d9d29d766\" class=\"block-keypoints all pt-4 md:pt-6 lg:pt-8 pb-4 md:pb-6 lg:pb-8\">\n  <div class=\"container\">\n\n    \n    <div class=\"bg-[#cee1f0] rounded-[20px] p-12\">\n              <div class=\"grid md:grid-cols-3 gap-8\">\n                      <div>\n                              <span class=\"block text-[24px]\"><i class=\"fa-classic fa-solid fa-shield\" aria-hidden=\"true\"><\/i><\/span>\n                                            <h3>5 \u00e5rs garanti<\/h3>\n                                            Alla v\u00e5ra produkter \u00e4r av s\u00e5 h\u00f6g kvalitet att vi ger dem 5 \u00e5rs garanti.                          <\/div>\n            \n                      <div>\n                              <span class=\"block text-[24px]\"><i class=\"fa-classic fa-solid fa-arrows-left-right-to-line\" aria-hidden=\"true\"><\/i><\/span>\n                                            <h3>M\u00e5ttbest\u00e4llt arbete<\/h3>\n                                            Produkterna tillverkas enligt m\u00e5tt i v\u00e5r egen fabrik i Finland f\u00f6r att passa perfekt p\u00e5 plats.                          <\/div>\n            \n                      <div>\n                              <span class=\"block text-[24px]\"><i class=\"fa-classic fa-regular fa-flag\" aria-hidden=\"true\"><\/i><\/span>\n                                            <h3>Tillverkat i Finland<\/h3>\n                                            Vi har tilldelats Nyckelflaggan som ett bevis p\u00e5 finl\u00e4ndskt arbete och produkter tillverkade i Finland.                          <\/div>\n            \n                  <\/div>\n          <\/div>\n    \n  <\/div>\n<\/section>\n","protected":false},"excerpt":{"rendered":"","protected":false},"author":987,"featured_media":0,"parent":85076,"menu_order":0,"comment_status":"closed","ping_status":"closed","template":"","meta":{"_acf_changed":false,"inline_featured_image":false,"footnotes":""},"class_list":["post-82248","page","type-page","status-publish","hentry"],"acf":[],"yoast_head":"<!-- This site is optimized with the Yoast SEO plugin v27.3 - https:\/\/yoast.com\/product\/yoast-seo-wordpress\/ -->\n<title>Insektsd\u00f6rrar - Solar<\/title>\n<meta name=\"robots\" content=\"index, follow, max-snippet:-1, max-image-preview:large, max-video-preview:-1\" \/>\n<link rel=\"canonical\" href=\"https:\/\/solar.fi\/sv\/insektsskydd\/insektsdorrar\/\" \/>\n<meta property=\"og:locale\" content=\"sv_SE\" \/>\n<meta property=\"og:type\" content=\"article\" \/>\n<meta property=\"og:title\" content=\"Insektsd\u00f6rrar - Solar\" \/>\n<meta property=\"og:url\" content=\"https:\/\/solar.fi\/sv\/insektsskydd\/insektsdorrar\/\" \/>\n<meta property=\"og:site_name\" content=\"Solar\" \/>\n<meta property=\"article:publisher\" content=\"https:\/\/www.facebook.com\/Solarkaihdin\/\" \/>\n<meta property=\"article:modified_time\" content=\"2025-04-22T08:09:42+00:00\" \/>\n<meta name=\"twitter:card\" content=\"summary_large_image\" \/>\n<script type=\"application\/ld+json\" class=\"yoast-schema-graph\">{\"@context\":\"https:\\\/\\\/schema.org\",\"@graph\":[{\"@type\":\"WebPage\",\"@id\":\"https:\\\/\\\/solar.fi\\\/sv\\\/insektsskydd\\\/insektsdorrar\\\/\",\"url\":\"https:\\\/\\\/solar.fi\\\/sv\\\/insektsskydd\\\/insektsdorrar\\\/\",\"name\":\"Insektsd\u00f6rrar - Solar\",\"isPartOf\":{\"@id\":\"https:\\\/\\\/solar.fi\\\/#website\"},\"datePublished\":\"2025-03-20T08:18:25+00:00\",\"dateModified\":\"2025-04-22T08:09:42+00:00\",\"breadcrumb\":{\"@id\":\"https:\\\/\\\/solar.fi\\\/sv\\\/insektsskydd\\\/insektsdorrar\\\/#breadcrumb\"},\"inLanguage\":\"sv-SE\",\"potentialAction\":[{\"@type\":\"ReadAction\",\"target\":[\"https:\\\/\\\/solar.fi\\\/sv\\\/insektsskydd\\\/insektsdorrar\\\/\"]}]},{\"@type\":\"BreadcrumbList\",\"@id\":\"https:\\\/\\\/solar.fi\\\/sv\\\/insektsskydd\\\/insektsdorrar\\\/#breadcrumb\",\"itemListElement\":[{\"@type\":\"ListItem\",\"position\":1,\"name\":\"Etusivu\",\"item\":\"https:\\\/\\\/solar.fi\\\/sv\\\/\"},{\"@type\":\"ListItem\",\"position\":2,\"name\":\"Insektsskydd\",\"item\":\"https:\\\/\\\/solar.fi\\\/sv\\\/insektsskydd\\\/\"},{\"@type\":\"ListItem\",\"position\":3,\"name\":\"Insektsd\u00f6rrar\"}]},{\"@type\":\"WebSite\",\"@id\":\"https:\\\/\\\/solar.fi\\\/#website\",\"url\":\"https:\\\/\\\/solar.fi\\\/\",\"name\":\"Solar\",\"description\":\"Love the Sun\",\"publisher\":{\"@id\":\"https:\\\/\\\/solar.fi\\\/#organization\"},\"potentialAction\":[{\"@type\":\"SearchAction\",\"target\":{\"@type\":\"EntryPoint\",\"urlTemplate\":\"https:\\\/\\\/solar.fi\\\/?s={search_term_string}\"},\"query-input\":{\"@type\":\"PropertyValueSpecification\",\"valueRequired\":true,\"valueName\":\"search_term_string\"}}],\"inLanguage\":\"sv-SE\"},{\"@type\":\"Organization\",\"@id\":\"https:\\\/\\\/solar.fi\\\/#organization\",\"name\":\"Solar\",\"url\":\"https:\\\/\\\/solar.fi\\\/\",\"logo\":{\"@type\":\"ImageObject\",\"inLanguage\":\"sv-SE\",\"@id\":\"https:\\\/\\\/solar.fi\\\/#\\\/schema\\\/logo\\\/image\\\/\",\"url\":\"https:\\\/\\\/solar.fi\\\/wp-content\\\/uploads\\\/2019\\\/04\\\/solar-logo.png\",\"contentUrl\":\"https:\\\/\\\/solar.fi\\\/wp-content\\\/uploads\\\/2019\\\/04\\\/solar-logo.png\",\"width\":298,\"height\":132,\"caption\":\"Solar\"},\"image\":{\"@id\":\"https:\\\/\\\/solar.fi\\\/#\\\/schema\\\/logo\\\/image\\\/\"},\"sameAs\":[\"https:\\\/\\\/www.facebook.com\\\/Solarkaihdin\\\/\",\"https:\\\/\\\/www.instagram.com\\\/solarkaihdin\\\/\",\"https:\\\/\\\/fi.pinterest.com\\\/solarkaihdin16\\\/\",\"https:\\\/\\\/www.youtube.com\\\/c\\\/SolarKaihdinKyKalajoki?app=desktop\",\"https:\\\/\\\/fi.linkedin.com\\\/company\\\/solar-kaihdin-oy?trk=similar-pages\",\"https:\\\/\\\/www.tiktok.com\\\/@solarkaihdin\"]}]}<\/script>\n<!-- \/ Yoast SEO plugin. -->","yoast_head_json":{"title":"Insektsd\u00f6rrar - Solar","robots":{"index":"index","follow":"follow","max-snippet":"max-snippet:-1","max-image-preview":"max-image-preview:large","max-video-preview":"max-video-preview:-1"},"canonical":"https:\/\/solar.fi\/sv\/insektsskydd\/insektsdorrar\/","og_locale":"sv_SE","og_type":"article","og_title":"Insektsd\u00f6rrar - Solar","og_url":"https:\/\/solar.fi\/sv\/insektsskydd\/insektsdorrar\/","og_site_name":"Solar","article_publisher":"https:\/\/www.facebook.com\/Solarkaihdin\/","article_modified_time":"2025-04-22T08:09:42+00:00","twitter_card":"summary_large_image","schema":{"@context":"https:\/\/schema.org","@graph":[{"@type":"WebPage","@id":"https:\/\/solar.fi\/sv\/insektsskydd\/insektsdorrar\/","url":"https:\/\/solar.fi\/sv\/insektsskydd\/insektsdorrar\/","name":"Insektsd\u00f6rrar - Solar","isPartOf":{"@id":"https:\/\/solar.fi\/#website"},"datePublished":"2025-03-20T08:18:25+00:00","dateModified":"2025-04-22T08:09:42+00:00","breadcrumb":{"@id":"https:\/\/solar.fi\/sv\/insektsskydd\/insektsdorrar\/#breadcrumb"},"inLanguage":"sv-SE","potentialAction":[{"@type":"ReadAction","target":["https:\/\/solar.fi\/sv\/insektsskydd\/insektsdorrar\/"]}]},{"@type":"BreadcrumbList","@id":"https:\/\/solar.fi\/sv\/insektsskydd\/insektsdorrar\/#breadcrumb","itemListElement":[{"@type":"ListItem","position":1,"name":"Etusivu","item":"https:\/\/solar.fi\/sv\/"},{"@type":"ListItem","position":2,"name":"Insektsskydd","item":"https:\/\/solar.fi\/sv\/insektsskydd\/"},{"@type":"ListItem","position":3,"name":"Insektsd\u00f6rrar"}]},{"@type":"WebSite","@id":"https:\/\/solar.fi\/#website","url":"https:\/\/solar.fi\/","name":"Solar","description":"Love the Sun","publisher":{"@id":"https:\/\/solar.fi\/#organization"},"potentialAction":[{"@type":"SearchAction","target":{"@type":"EntryPoint","urlTemplate":"https:\/\/solar.fi\/?s={search_term_string}"},"query-input":{"@type":"PropertyValueSpecification","valueRequired":true,"valueName":"search_term_string"}}],"inLanguage":"sv-SE"},{"@type":"Organization","@id":"https:\/\/solar.fi\/#organization","name":"Solar","url":"https:\/\/solar.fi\/","logo":{"@type":"ImageObject","inLanguage":"sv-SE","@id":"https:\/\/solar.fi\/#\/schema\/logo\/image\/","url":"https:\/\/solar.fi\/wp-content\/uploads\/2019\/04\/solar-logo.png","contentUrl":"https:\/\/solar.fi\/wp-content\/uploads\/2019\/04\/solar-logo.png","width":298,"height":132,"caption":"Solar"},"image":{"@id":"https:\/\/solar.fi\/#\/schema\/logo\/image\/"},"sameAs":["https:\/\/www.facebook.com\/Solarkaihdin\/","https:\/\/www.instagram.com\/solarkaihdin\/","https:\/\/fi.pinterest.com\/solarkaihdin16\/","https:\/\/www.youtube.com\/c\/SolarKaihdinKyKalajoki?app=desktop","https:\/\/fi.linkedin.com\/company\/solar-kaihdin-oy?trk=similar-pages","https:\/\/www.tiktok.com\/@solarkaihdin"]}]}},"_links":{"self":[{"href":"https:\/\/solar.fi\/sv\/wp-json\/wp\/v2\/pages\/82248","targetHints":{"allow":["GET"]}}],"collection":[{"href":"https:\/\/solar.fi\/sv\/wp-json\/wp\/v2\/pages"}],"about":[{"href":"https:\/\/solar.fi\/sv\/wp-json\/wp\/v2\/types\/page"}],"author":[{"embeddable":true,"href":"https:\/\/solar.fi\/sv\/wp-json\/wp\/v2\/users\/987"}],"replies":[{"embeddable":true,"href":"https:\/\/solar.fi\/sv\/wp-json\/wp\/v2\/comments?post=82248"}],"version-history":[{"count":3,"href":"https:\/\/solar.fi\/sv\/wp-json\/wp\/v2\/pages\/82248\/revisions"}],"predecessor-version":[{"id":84865,"href":"https:\/\/solar.fi\/sv\/wp-json\/wp\/v2\/pages\/82248\/revisions\/84865"}],"up":[{"embeddable":true,"href":"https:\/\/solar.fi\/sv\/wp-json\/wp\/v2\/pages\/85076"}],"wp:attachment":[{"href":"https:\/\/solar.fi\/sv\/wp-json\/wp\/v2\/media?parent=82248"}],"curies":[{"name":"wp","href":"https:\/\/api.w.org\/{rel}","templated":true}]}}