{"id":10720,"date":"2019-07-31T10:44:30","date_gmt":"2019-07-31T07:44:30","guid":{"rendered":"https:\/\/www.solar.fi\/kontaktuppgifter\/"},"modified":"2025-09-29T09:55:38","modified_gmt":"2025-09-29T06:55:38","slug":"kontaktuppgifter","status":"publish","type":"page","link":"https:\/\/solar.fi\/sv\/kontaktuppgifter\/","title":{"rendered":"Kontaktuppgifter"},"content":{"rendered":"\n\n<section id=\"block_f122faa1067e2dacdda1b81558ed402d\" class=\"block-hero\">\n\n  <div class=\"container\">\n          <div class=\"relative min-h-[540px] flex items-end justify-start\">\n        <div class=\"absolute inset-0 w-full h-full bg-dark-layer z-10 rounded-[20px]\"><\/div>\n        <figure class=\"absolute inset-0 w-full\">\n          <img loading=\"lazy\" decoding=\"async\" width=\"768\" height=\"512\" src=\"https:\/\/solar.fi\/wp-content\/uploads\/2025\/09\/Solar-Salekaihtimen-nuppi-scaled.jpg\" class=\"w-full h-full object-cover rounded-[20px]\" alt=\"S\u00e4lekaihtimen s\u00e4\u00e4din\" style=\"object-position: 50% 50%;\" srcset=\"https:\/\/solar.fi\/wp-content\/uploads\/2025\/09\/Solar-Salekaihtimen-nuppi-scaled.jpg 2560w, https:\/\/solar.fi\/wp-content\/uploads\/2025\/09\/Solar-Salekaihtimen-nuppi-720x480.jpg 720w, https:\/\/solar.fi\/wp-content\/uploads\/2025\/09\/Solar-Salekaihtimen-nuppi-2048x1365.jpg 2048w, https:\/\/solar.fi\/wp-content\/uploads\/2025\/09\/Solar-Salekaihtimen-nuppi-150x100.jpg 150w, https:\/\/solar.fi\/wp-content\/uploads\/2025\/09\/Solar-Salekaihtimen-nuppi-450x300.jpg 450w, https:\/\/solar.fi\/wp-content\/uploads\/2025\/09\/Solar-Salekaihtimen-nuppi-1440x960.jpg 1440w, https:\/\/solar.fi\/wp-content\/uploads\/2025\/09\/Solar-Salekaihtimen-nuppi-600x400.jpg 600w\" sizes=\"auto, (max-width: 768px) 100vw, 768px\" \/>        <\/figure>\n        <div class=\"relative z-20 p-8 text-white max-w-[550px]\">\n                      <h2 class=\"default\">SOLAR KAIHDIN OY<\/h2>                            <\/div>\n      <\/div>\n      <\/div>\n\n\n<\/section>\n\n\n\n\n<section id=\"block_84d32819da78506a279c21c251531805\" class=\"block-title-text all pt-4 md:pt-6 lg:pt-8 pb-4 md:pb-6 lg:pb-8\">\n  <div class=\"container\">\n\n    <div class=\"grid grid-cols-1 md:grid-cols-2 gap-0 md:gap-8\">\n              <div><h2 class=\"default\">Kontaktuppgifter<\/h2><\/div>\n                    <div><p>SOLAR KAIHDIN OY<\/p>\n<p><a class=\"d-block\" href=\"tel:+358 10 501 4450\">+358 10 501 4450<\/a><\/p>\n<p>Lankilantie 46, 85100 Kalajoki, Finland<\/p>\n<h4><\/h4>\n<h4 class=\"section-subtitle\">Kundbetj\u00e4ning:<\/h4>\n<p>010 501 4450<br \/>\nsolar@solar.fi<\/p>\n<p>&nbsp;<\/p>\n<h4 class=\"section-subtitle\">Faktureringsinformation:<\/h4>\n<p>OVT-ID: 003719342748<br \/>\nOperat\u00f6r: OpusCapita Solutions Oy<br \/>\n&#8211;<br \/>\nFakturor i PDF-format till:<br \/>\nSolarKaihdin.FI.P.147383-4@docinbound.com<br \/>\n&#8211;<br \/>\nSolar Kaihdin Oy<br \/>\nPL 264<br \/>\n00063 LASKUNET<\/p>\n<p>&nbsp;<\/p>\n<\/div>\n          <\/div>\n    \n  <\/div>\n<\/section>\n","protected":false},"excerpt":{"rendered":"","protected":false},"author":919,"featured_media":0,"parent":0,"menu_order":0,"comment_status":"closed","ping_status":"closed","template":"","meta":{"_acf_changed":false,"inline_featured_image":false,"footnotes":""},"class_list":["post-10720","page","type-page","status-publish","hentry"],"acf":[],"yoast_head":"<!-- This site is optimized with the Yoast SEO plugin v27.3 - https:\/\/yoast.com\/product\/yoast-seo-wordpress\/ -->\n<title>Kontaktuppgifter - Solar<\/title>\n<meta name=\"description\" content=\"Kundbetj\u00e4ning per telefon +358 10 401 4450 och per e-post solar@solar.fi. Kundbetj\u00e4ningens \u00f6ppetider: vardagar mon-fre 8.00 - 16.00.\" \/>\n<meta name=\"robots\" content=\"index, follow, max-snippet:-1, max-image-preview:large, max-video-preview:-1\" \/>\n<link rel=\"canonical\" href=\"https:\/\/solar.fi\/sv\/kontaktuppgifter\/\" \/>\n<meta property=\"og:locale\" content=\"sv_SE\" \/>\n<meta property=\"og:type\" content=\"article\" \/>\n<meta property=\"og:title\" content=\"Kontaktuppgifter - Solar\" \/>\n<meta property=\"og:description\" content=\"Kundbetj\u00e4ning per telefon +358 10 401 4450 och per e-post solar@solar.fi. Kundbetj\u00e4ningens \u00f6ppetider: vardagar mon-fre 8.00 - 16.00.\" \/>\n<meta property=\"og:url\" content=\"https:\/\/solar.fi\/sv\/kontaktuppgifter\/\" \/>\n<meta property=\"og:site_name\" content=\"Solar\" \/>\n<meta property=\"article:publisher\" content=\"https:\/\/www.facebook.com\/Solarkaihdin\/\" \/>\n<meta property=\"article:modified_time\" content=\"2025-09-29T06:55:38+00:00\" \/>\n<meta name=\"twitter:card\" content=\"summary_large_image\" \/>\n<script type=\"application\/ld+json\" class=\"yoast-schema-graph\">{\"@context\":\"https:\\\/\\\/schema.org\",\"@graph\":[{\"@type\":\"WebPage\",\"@id\":\"https:\\\/\\\/solar.fi\\\/sv\\\/kontaktuppgifter\\\/\",\"url\":\"https:\\\/\\\/solar.fi\\\/sv\\\/kontaktuppgifter\\\/\",\"name\":\"Kontaktuppgifter - Solar\",\"isPartOf\":{\"@id\":\"https:\\\/\\\/solar.fi\\\/#website\"},\"datePublished\":\"2019-07-31T07:44:30+00:00\",\"dateModified\":\"2025-09-29T06:55:38+00:00\",\"description\":\"Kundbetj\u00e4ning per telefon +358 10 401 4450 och per e-post solar@solar.fi. Kundbetj\u00e4ningens \u00f6ppetider: vardagar mon-fre 8.00 - 16.00.\",\"breadcrumb\":{\"@id\":\"https:\\\/\\\/solar.fi\\\/sv\\\/kontaktuppgifter\\\/#breadcrumb\"},\"inLanguage\":\"sv-SE\",\"potentialAction\":[{\"@type\":\"ReadAction\",\"target\":[\"https:\\\/\\\/solar.fi\\\/sv\\\/kontaktuppgifter\\\/\"]}]},{\"@type\":\"BreadcrumbList\",\"@id\":\"https:\\\/\\\/solar.fi\\\/sv\\\/kontaktuppgifter\\\/#breadcrumb\",\"itemListElement\":[{\"@type\":\"ListItem\",\"position\":1,\"name\":\"Etusivu\",\"item\":\"https:\\\/\\\/solar.fi\\\/sv\\\/\"},{\"@type\":\"ListItem\",\"position\":2,\"name\":\"Kontaktuppgifter\"}]},{\"@type\":\"WebSite\",\"@id\":\"https:\\\/\\\/solar.fi\\\/#website\",\"url\":\"https:\\\/\\\/solar.fi\\\/\",\"name\":\"Solar\",\"description\":\"Love the Sun\",\"publisher\":{\"@id\":\"https:\\\/\\\/solar.fi\\\/#organization\"},\"potentialAction\":[{\"@type\":\"SearchAction\",\"target\":{\"@type\":\"EntryPoint\",\"urlTemplate\":\"https:\\\/\\\/solar.fi\\\/?s={search_term_string}\"},\"query-input\":{\"@type\":\"PropertyValueSpecification\",\"valueRequired\":true,\"valueName\":\"search_term_string\"}}],\"inLanguage\":\"sv-SE\"},{\"@type\":\"Organization\",\"@id\":\"https:\\\/\\\/solar.fi\\\/#organization\",\"name\":\"Solar\",\"url\":\"https:\\\/\\\/solar.fi\\\/\",\"logo\":{\"@type\":\"ImageObject\",\"inLanguage\":\"sv-SE\",\"@id\":\"https:\\\/\\\/solar.fi\\\/#\\\/schema\\\/logo\\\/image\\\/\",\"url\":\"https:\\\/\\\/solar.fi\\\/wp-content\\\/uploads\\\/2019\\\/04\\\/solar-logo.png\",\"contentUrl\":\"https:\\\/\\\/solar.fi\\\/wp-content\\\/uploads\\\/2019\\\/04\\\/solar-logo.png\",\"width\":298,\"height\":132,\"caption\":\"Solar\"},\"image\":{\"@id\":\"https:\\\/\\\/solar.fi\\\/#\\\/schema\\\/logo\\\/image\\\/\"},\"sameAs\":[\"https:\\\/\\\/www.facebook.com\\\/Solarkaihdin\\\/\",\"https:\\\/\\\/www.instagram.com\\\/solarkaihdin\\\/\",\"https:\\\/\\\/fi.pinterest.com\\\/solarkaihdin16\\\/\",\"https:\\\/\\\/www.youtube.com\\\/c\\\/SolarKaihdinKyKalajoki?app=desktop\",\"https:\\\/\\\/fi.linkedin.com\\\/company\\\/solar-kaihdin-oy?trk=similar-pages\",\"https:\\\/\\\/www.tiktok.com\\\/@solarkaihdin\"]}]}<\/script>\n<!-- \/ Yoast SEO plugin. -->","yoast_head_json":{"title":"Kontaktuppgifter - Solar","description":"Kundbetj\u00e4ning per telefon +358 10 401 4450 och per e-post solar@solar.fi. Kundbetj\u00e4ningens \u00f6ppetider: vardagar mon-fre 8.00 - 16.00.","robots":{"index":"index","follow":"follow","max-snippet":"max-snippet:-1","max-image-preview":"max-image-preview:large","max-video-preview":"max-video-preview:-1"},"canonical":"https:\/\/solar.fi\/sv\/kontaktuppgifter\/","og_locale":"sv_SE","og_type":"article","og_title":"Kontaktuppgifter - Solar","og_description":"Kundbetj\u00e4ning per telefon +358 10 401 4450 och per e-post solar@solar.fi. Kundbetj\u00e4ningens \u00f6ppetider: vardagar mon-fre 8.00 - 16.00.","og_url":"https:\/\/solar.fi\/sv\/kontaktuppgifter\/","og_site_name":"Solar","article_publisher":"https:\/\/www.facebook.com\/Solarkaihdin\/","article_modified_time":"2025-09-29T06:55:38+00:00","twitter_card":"summary_large_image","schema":{"@context":"https:\/\/schema.org","@graph":[{"@type":"WebPage","@id":"https:\/\/solar.fi\/sv\/kontaktuppgifter\/","url":"https:\/\/solar.fi\/sv\/kontaktuppgifter\/","name":"Kontaktuppgifter - Solar","isPartOf":{"@id":"https:\/\/solar.fi\/#website"},"datePublished":"2019-07-31T07:44:30+00:00","dateModified":"2025-09-29T06:55:38+00:00","description":"Kundbetj\u00e4ning per telefon +358 10 401 4450 och per e-post solar@solar.fi. Kundbetj\u00e4ningens \u00f6ppetider: vardagar mon-fre 8.00 - 16.00.","breadcrumb":{"@id":"https:\/\/solar.fi\/sv\/kontaktuppgifter\/#breadcrumb"},"inLanguage":"sv-SE","potentialAction":[{"@type":"ReadAction","target":["https:\/\/solar.fi\/sv\/kontaktuppgifter\/"]}]},{"@type":"BreadcrumbList","@id":"https:\/\/solar.fi\/sv\/kontaktuppgifter\/#breadcrumb","itemListElement":[{"@type":"ListItem","position":1,"name":"Etusivu","item":"https:\/\/solar.fi\/sv\/"},{"@type":"ListItem","position":2,"name":"Kontaktuppgifter"}]},{"@type":"WebSite","@id":"https:\/\/solar.fi\/#website","url":"https:\/\/solar.fi\/","name":"Solar","description":"Love the Sun","publisher":{"@id":"https:\/\/solar.fi\/#organization"},"potentialAction":[{"@type":"SearchAction","target":{"@type":"EntryPoint","urlTemplate":"https:\/\/solar.fi\/?s={search_term_string}"},"query-input":{"@type":"PropertyValueSpecification","valueRequired":true,"valueName":"search_term_string"}}],"inLanguage":"sv-SE"},{"@type":"Organization","@id":"https:\/\/solar.fi\/#organization","name":"Solar","url":"https:\/\/solar.fi\/","logo":{"@type":"ImageObject","inLanguage":"sv-SE","@id":"https:\/\/solar.fi\/#\/schema\/logo\/image\/","url":"https:\/\/solar.fi\/wp-content\/uploads\/2019\/04\/solar-logo.png","contentUrl":"https:\/\/solar.fi\/wp-content\/uploads\/2019\/04\/solar-logo.png","width":298,"height":132,"caption":"Solar"},"image":{"@id":"https:\/\/solar.fi\/#\/schema\/logo\/image\/"},"sameAs":["https:\/\/www.facebook.com\/Solarkaihdin\/","https:\/\/www.instagram.com\/solarkaihdin\/","https:\/\/fi.pinterest.com\/solarkaihdin16\/","https:\/\/www.youtube.com\/c\/SolarKaihdinKyKalajoki?app=desktop","https:\/\/fi.linkedin.com\/company\/solar-kaihdin-oy?trk=similar-pages","https:\/\/www.tiktok.com\/@solarkaihdin"]}]}},"_links":{"self":[{"href":"https:\/\/solar.fi\/sv\/wp-json\/wp\/v2\/pages\/10720","targetHints":{"allow":["GET"]}}],"collection":[{"href":"https:\/\/solar.fi\/sv\/wp-json\/wp\/v2\/pages"}],"about":[{"href":"https:\/\/solar.fi\/sv\/wp-json\/wp\/v2\/types\/page"}],"author":[{"embeddable":true,"href":"https:\/\/solar.fi\/sv\/wp-json\/wp\/v2\/users\/919"}],"replies":[{"embeddable":true,"href":"https:\/\/solar.fi\/sv\/wp-json\/wp\/v2\/comments?post=10720"}],"version-history":[{"count":19,"href":"https:\/\/solar.fi\/sv\/wp-json\/wp\/v2\/pages\/10720\/revisions"}],"predecessor-version":[{"id":90623,"href":"https:\/\/solar.fi\/sv\/wp-json\/wp\/v2\/pages\/10720\/revisions\/90623"}],"wp:attachment":[{"href":"https:\/\/solar.fi\/sv\/wp-json\/wp\/v2\/media?parent=10720"}],"curies":[{"name":"wp","href":"https:\/\/api.w.org\/{rel}","templated":true}]}}