{"id":10705,"date":"2019-07-31T10:42:34","date_gmt":"2019-07-31T07:42:34","guid":{"rendered":"https:\/\/www.solar.fi\/bestallnings-och-leveransvillkor\/"},"modified":"2025-09-29T09:00:12","modified_gmt":"2025-09-29T06:00:12","slug":"bestallnings-och-leveransvillkor","status":"publish","type":"page","link":"https:\/\/solar.fi\/sv\/bestallnings-och-leveransvillkor\/","title":{"rendered":"Best\u00e4llnings- och leveransvillkor"},"content":{"rendered":"\n\n<section id=\"block_7d8beeba949cb7d96b958148fcb7dcfb\" class=\"block-text pt-4 md:pt-6 lg:pt-8 pb-4 md:pb-6 lg:pb-8 relative\">\n  <div class=\"container\">\n\n    <div class=\"grid md:grid-cols-12 gap-10\">\n\n      <div class=\"col-span-full md:col-span-8 md:col-start-3\">\n\n        \n                      <div><h1 class=\"default\">Best\u00e4llnings- och leveransvillkor f\u00f6r Solar-webbutiken<\/h1><\/div>\n          \n                      <div class=\"content\"><p><strong>Allm\u00e4nt om webbutiken<br \/>\n<\/strong>Solar-webbutiken \u00e4r Solar Kaihdin Oy:s (FO-nummer 1934274-8) webbutik. Vi s\u00e4ljer produkter till privatpersoner och f\u00f6retag. Vi levererar produkterna i webbutiken inom Finlands gr\u00e4nser. Produktpriserna inkluderar 25,5 procent moms. Priserna i Solar-webbutiken har angetts i euro (\u20ac). Leveranskostnader tillkommer enligt den g\u00e4llande prislistan. Vi f\u00f6rbeh\u00e5ller oss r\u00e4tten till pris\u00e4ndringar.<\/p>\n<p><strong>Best\u00e4llning<br \/>\n<\/strong>Best\u00e4llningar g\u00f6rs via Solar Kaihdin Oy:s webbutik p\u00e5\u00a0<a href=\"http:\/\/www.solar.fi\/\">www.solar.fi<\/a>. Kunden f\u00f6rbinder sig alltid till de g\u00e4llande leveransvillkoren i samband med best\u00e4llningen.<\/p>\n<p><strong>Best\u00e4llningsbekr\u00e4ftelse<br \/>\n<\/strong>En best\u00e4llningsbekr\u00e4ftelse skickas automatiskt per e-post n\u00e4r en best\u00e4llning har gjorts.<\/p>\n<p><strong>Betalning<br \/>\n<\/strong>Produkterna och leveranskostnaderna betalas i samband med best\u00e4llningen.<\/p>\n<p><strong>Betaltj\u00e4nstleverant\u00f6r<br \/>\n<\/strong>Som genomf\u00f6rare av betalningsf\u00f6rmedlingstj\u00e4nsten och betaltj\u00e4nstleverant\u00f6r fungerar Paytrail Abp (2122839-7) i samarbete med finl\u00e4ndska banker och kreditinstitut. Paytrail Abp anges som betalningsmottagare p\u00e5 kontoutdraget eller kortfakturan och f\u00f6rmedlar betalningen till innehavaren av webbutiken. Paytrail Abp har verksamhetstillst\u00e5nd f\u00f6r betalningsinstitut. I reklamationsfall ber vi att du i f\u00f6rsta hand kontaktar leverant\u00f6ren av produkten. Paytrail Abp, FO-nummer: 2122839-7 Innova 2 Lutakonaukio 7 40100 Jyv\u00e4skyl\u00e4 Telefon: 0207 181830 www.paytrail.com<\/p>\n<p><strong>Leveranstid<br \/>\n<\/strong>Leveranstiden f\u00f6r standardprodukter \u00e4r fem arbetsdagar. Med standardprodukt avses en produkt som finns i v\u00e5rt sortiment, \u00e4r tillverkad av lagerf\u00e4rger, h\u00e5ller sig inom m\u00e5ttgr\u00e4nserna och har formen av en rektangel eller kvadrat. Om produkten har en specialf\u00e4rg, \u00e4r av en specialmodell eller \u00f6verskrider m\u00e5ttgr\u00e4nserna meddelar vi leveranstiden i samband med best\u00e4llningen. I webbutiken kan endast lagerf\u00e4rger v\u00e4ljas. Leveranstiden f\u00f6r standardprodukter, fem arbetsdagar, inkluderar inte transporttiden. Vi f\u00f6rbeh\u00e5ller oss r\u00e4tten till eventuella dr\u00f6jsm\u00e5l i leveranserna.<\/p>\n<p><strong>Leveranss\u00e4tt och leveranskostnader<br \/>\n<\/strong>Leveranskostnader tillkormmer enligt den g\u00e4llande prislistan och f\u00f6rs\u00e4ndelsens vikt. Leveranss\u00e4ttet f\u00f6r produkterna \u00e4r Matkahuolto. Best\u00e4llningen levereras till Matkahuoltos verksamhetsst\u00e4lle, avh\u00e4mtningsst\u00e4lle eller paketautomat enligt kundens val. Sm\u00e5 och medelstora paket som \u00e4r mindre \u00e4n 2 m l\u00e5nga levereras till Matkahuoltos avh\u00e4mtningsst\u00e4lle eller paketautomat. Stora paket och paket av specialstorlek som \u00e4r \u00f6ver 2 m l\u00e5nga levereras till Matkahuoltos verksamhetsst\u00e4lle.<\/p>\n<p><strong>Mottagande av best\u00e4llningen<\/strong><br \/>\nInnan leveransen kvitteras som mottagen ska paketens yttre kontrolleras i h\u00e4ndelse av transportskador. Om f\u00f6rpackningen \u00e4r skadad ska det kontrolleras i vilket skick produkterna i paketet \u00e4r. Om produkterna \u00e4r skadade ska kunden be att Matkahuolto antecknar skadan p\u00e5 fraktsedeln. Transportskador ska utan dr\u00f6jsm\u00e5l anm\u00e4las per e-post p\u00e5 solar@solar.fi.<\/p>\n<p><strong>Bytes- och returvillkor<br \/>\n<\/strong>V\u00e5ra produkter, med undantag av reservdelarna, tillverkas som m\u00e5ttbest\u00e4llningsarbeten enligt best\u00e4llningen. F\u00f6r m\u00e5ttbest\u00e4llda produkter g\u00e4ller ingen bytes- och returr\u00e4tt. Efter att best\u00e4llningsbekr\u00e4ftelsen har skickats har kunden ingen r\u00e4tt att annullera en best\u00e4llning som g\u00e4ller produkter som tillverkas som ett m\u00e5ttbest\u00e4llningsarbete. En produkt kan returneras endast i felsituationer d\u00e4r produkten inte har motsvarat best\u00e4llningen eller d\u00e4r produkten inte uppfyller de kvalitetskrav som Solar Kaihdin Oy har fastst\u00e4llt. I fr\u00e5ga om reservdelar som best\u00e4lls separat fr\u00e5n Solar-webbutiken har konsumenten r\u00e4tt att h\u00e4va avtalet senast inom 14 dagar fr\u00e5n tidpunkten f\u00f6r mottagandet av varan. Returr\u00e4tten g\u00e4ller endast oanv\u00e4nda produkter som kan s\u00e4ljas. Solar Kaihdin Oy ers\u00e4tter inte kostnaderna f\u00f6r att returnera reservdelsprodukter.<\/p>\n<p>Att inte h\u00e4mta ut ett paket \u00e4r inte en retur, och vi debiterar de extra kostnader som uppst\u00e5r f\u00f6r oss f\u00f6r outl\u00f6sta paket. Solar har r\u00e4tt att ta ut en hanterings- och returkostnad p\u00e5 15 \u20ac f\u00f6r best\u00e4llningar som inte h\u00e4mtas ut.<\/p>\n<p><strong>Reklamation<br \/>\n<\/strong>Reklamationer ska utan dr\u00f6jsm\u00e5l meddelas Solar Kaihdin Oy per e-post p\u00e5 solar@solar.fi.<\/p>\n<p><strong>Garanti<br \/>\n<\/strong>SOLAR-standardprodukter som har tillverkats som m\u00e5ttbest\u00e4llningsarbeten har fem \u00e5rs garanti. Kunden ska i samband med best\u00e4llningen g\u00f6ra sig f\u00f6rtrogen med de g\u00e4llande leverans- och garantivillkoren. Reservdelar som har best\u00e4llts separat har ingen garanti.<\/p>\n<p><strong>\u00d6vrigt<br \/>\n<\/strong>Vi f\u00f6rbeh\u00e5ller oss r\u00e4tten att \u00e4ndra v\u00e5ra leveransvillkor. Kunden ska i samband med best\u00e4llningen g\u00f6ra sig f\u00f6rtrogen med de g\u00e4llande leveransvillkoren.<\/p>\n<p><strong>Specialprodukter<br \/>\n<\/strong>Specialprodukter har l\u00e4ngre leveranstid \u00e4n standardprodukter och kan inte best\u00e4llas via webbutiken. F\u00f6r specialprodukter ska alltid en separat offert beg\u00e4ras. Med specialprodukt avses en produkt med specialf\u00e4rg, en produkt som avviker fr\u00e5n m\u00e5ttgr\u00e4nserna eller en produkt av specialmodell. Med produkter av specialmodell avses alla andra modeller \u00e4n produkter i form av rektanglar och kvadrater.<\/p>\n<p><strong>Produkternas dimensioner och tillverkningsm\u00e5tt<br \/>\n<\/strong>De beg\u00e4rda m\u00e5tten ska alltid anges specifikt f\u00f6r varje produkt i webbutiken. M\u00e5ttet som ska anges kan vara m\u00e5ttet p\u00e5 \u00f6ppningen eller tillverkningsm\u00e5ttet. Vilket m\u00e5tt som ska uppges i best\u00e4llningen har angetts nedanf\u00f6r m\u00e5ttf\u00e4ltet f\u00f6r produkterna i v\u00e5r webbutik. M\u00e5ttet p\u00e5 \u00f6ppningen kan vara ett annat \u00e4n tillverkningsm\u00e5ttet. Vi g\u00f6r de n\u00f6dv\u00e4ndiga avdragen fr\u00e5n eller till\u00e4ggen till m\u00e5tten p\u00e5 \u00f6ppningarna f\u00f6r att f\u00e5 fram tillverkningsm\u00e5tten f\u00f6r produkterna.<\/p>\n<p><strong>L\u00f6sning av tvister<br \/>\n<\/strong>Om en felanm\u00e4lan som g\u00f6rs av k\u00f6paren inte leder till att meningsskiljaktigheten l\u00f6ses kan k\u00f6paren kontakta konsumentr\u00e5dgivaren i sin kommun, som kan reda ut och medla i \u00e4rendet p\u00e5 konsumentens v\u00e4gnar. Konsumenter som avses i konsumentskyddslagen har r\u00e4tt att f\u00f6ra en tvist som g\u00e4ller fel i varan och garantivillkoren till konsumenttvisten\u00e4mnden f\u00f6r behandling. Om tvisten f\u00f6rs till domstol behandlas den i tingsr\u00e4tten p\u00e5 konsumentens hemort.<\/p>\n<\/div>\n          \n        \n      <\/div>\n    <\/div>\n\n  <\/div>\n<\/section>\n","protected":false},"excerpt":{"rendered":"","protected":false},"author":919,"featured_media":0,"parent":0,"menu_order":0,"comment_status":"closed","ping_status":"closed","template":"","meta":{"_acf_changed":false,"inline_featured_image":false,"footnotes":""},"class_list":["post-10705","page","type-page","status-publish","hentry"],"acf":[],"yoast_head":"<!-- This site is optimized with the Yoast SEO plugin v27.3 - https:\/\/yoast.com\/product\/yoast-seo-wordpress\/ -->\n<title>Best\u00e4llnings- och leveransvillkor - Solar<\/title>\n<meta name=\"robots\" content=\"index, follow, max-snippet:-1, max-image-preview:large, max-video-preview:-1\" \/>\n<link rel=\"canonical\" href=\"https:\/\/solar.fi\/sv\/bestallnings-och-leveransvillkor\/\" \/>\n<meta property=\"og:locale\" content=\"sv_SE\" \/>\n<meta property=\"og:type\" content=\"article\" \/>\n<meta property=\"og:title\" content=\"Best\u00e4llnings- och leveransvillkor - Solar\" \/>\n<meta property=\"og:url\" content=\"https:\/\/solar.fi\/sv\/bestallnings-och-leveransvillkor\/\" \/>\n<meta property=\"og:site_name\" content=\"Solar\" \/>\n<meta property=\"article:publisher\" content=\"https:\/\/www.facebook.com\/Solarkaihdin\/\" \/>\n<meta property=\"article:modified_time\" content=\"2025-09-29T06:00:12+00:00\" \/>\n<meta name=\"twitter:card\" content=\"summary_large_image\" \/>\n<script type=\"application\/ld+json\" class=\"yoast-schema-graph\">{\"@context\":\"https:\\\/\\\/schema.org\",\"@graph\":[{\"@type\":\"WebPage\",\"@id\":\"https:\\\/\\\/solar.fi\\\/sv\\\/bestallnings-och-leveransvillkor\\\/\",\"url\":\"https:\\\/\\\/solar.fi\\\/sv\\\/bestallnings-och-leveransvillkor\\\/\",\"name\":\"Best\u00e4llnings- och leveransvillkor - Solar\",\"isPartOf\":{\"@id\":\"https:\\\/\\\/solar.fi\\\/#website\"},\"datePublished\":\"2019-07-31T07:42:34+00:00\",\"dateModified\":\"2025-09-29T06:00:12+00:00\",\"breadcrumb\":{\"@id\":\"https:\\\/\\\/solar.fi\\\/sv\\\/bestallnings-och-leveransvillkor\\\/#breadcrumb\"},\"inLanguage\":\"sv-SE\",\"potentialAction\":[{\"@type\":\"ReadAction\",\"target\":[\"https:\\\/\\\/solar.fi\\\/sv\\\/bestallnings-och-leveransvillkor\\\/\"]}]},{\"@type\":\"BreadcrumbList\",\"@id\":\"https:\\\/\\\/solar.fi\\\/sv\\\/bestallnings-och-leveransvillkor\\\/#breadcrumb\",\"itemListElement\":[{\"@type\":\"ListItem\",\"position\":1,\"name\":\"Etusivu\",\"item\":\"https:\\\/\\\/solar.fi\\\/sv\\\/\"},{\"@type\":\"ListItem\",\"position\":2,\"name\":\"Best\u00e4llnings- och leveransvillkor\"}]},{\"@type\":\"WebSite\",\"@id\":\"https:\\\/\\\/solar.fi\\\/#website\",\"url\":\"https:\\\/\\\/solar.fi\\\/\",\"name\":\"Solar\",\"description\":\"Love the Sun\",\"publisher\":{\"@id\":\"https:\\\/\\\/solar.fi\\\/#organization\"},\"potentialAction\":[{\"@type\":\"SearchAction\",\"target\":{\"@type\":\"EntryPoint\",\"urlTemplate\":\"https:\\\/\\\/solar.fi\\\/?s={search_term_string}\"},\"query-input\":{\"@type\":\"PropertyValueSpecification\",\"valueRequired\":true,\"valueName\":\"search_term_string\"}}],\"inLanguage\":\"sv-SE\"},{\"@type\":\"Organization\",\"@id\":\"https:\\\/\\\/solar.fi\\\/#organization\",\"name\":\"Solar\",\"url\":\"https:\\\/\\\/solar.fi\\\/\",\"logo\":{\"@type\":\"ImageObject\",\"inLanguage\":\"sv-SE\",\"@id\":\"https:\\\/\\\/solar.fi\\\/#\\\/schema\\\/logo\\\/image\\\/\",\"url\":\"https:\\\/\\\/solar.fi\\\/wp-content\\\/uploads\\\/2019\\\/04\\\/solar-logo.png\",\"contentUrl\":\"https:\\\/\\\/solar.fi\\\/wp-content\\\/uploads\\\/2019\\\/04\\\/solar-logo.png\",\"width\":298,\"height\":132,\"caption\":\"Solar\"},\"image\":{\"@id\":\"https:\\\/\\\/solar.fi\\\/#\\\/schema\\\/logo\\\/image\\\/\"},\"sameAs\":[\"https:\\\/\\\/www.facebook.com\\\/Solarkaihdin\\\/\",\"https:\\\/\\\/www.instagram.com\\\/solarkaihdin\\\/\",\"https:\\\/\\\/fi.pinterest.com\\\/solarkaihdin16\\\/\",\"https:\\\/\\\/www.youtube.com\\\/c\\\/SolarKaihdinKyKalajoki?app=desktop\",\"https:\\\/\\\/fi.linkedin.com\\\/company\\\/solar-kaihdin-oy?trk=similar-pages\",\"https:\\\/\\\/www.tiktok.com\\\/@solarkaihdin\"]}]}<\/script>\n<!-- \/ Yoast SEO plugin. -->","yoast_head_json":{"title":"Best\u00e4llnings- och leveransvillkor - Solar","robots":{"index":"index","follow":"follow","max-snippet":"max-snippet:-1","max-image-preview":"max-image-preview:large","max-video-preview":"max-video-preview:-1"},"canonical":"https:\/\/solar.fi\/sv\/bestallnings-och-leveransvillkor\/","og_locale":"sv_SE","og_type":"article","og_title":"Best\u00e4llnings- och leveransvillkor - Solar","og_url":"https:\/\/solar.fi\/sv\/bestallnings-och-leveransvillkor\/","og_site_name":"Solar","article_publisher":"https:\/\/www.facebook.com\/Solarkaihdin\/","article_modified_time":"2025-09-29T06:00:12+00:00","twitter_card":"summary_large_image","schema":{"@context":"https:\/\/schema.org","@graph":[{"@type":"WebPage","@id":"https:\/\/solar.fi\/sv\/bestallnings-och-leveransvillkor\/","url":"https:\/\/solar.fi\/sv\/bestallnings-och-leveransvillkor\/","name":"Best\u00e4llnings- och leveransvillkor - Solar","isPartOf":{"@id":"https:\/\/solar.fi\/#website"},"datePublished":"2019-07-31T07:42:34+00:00","dateModified":"2025-09-29T06:00:12+00:00","breadcrumb":{"@id":"https:\/\/solar.fi\/sv\/bestallnings-och-leveransvillkor\/#breadcrumb"},"inLanguage":"sv-SE","potentialAction":[{"@type":"ReadAction","target":["https:\/\/solar.fi\/sv\/bestallnings-och-leveransvillkor\/"]}]},{"@type":"BreadcrumbList","@id":"https:\/\/solar.fi\/sv\/bestallnings-och-leveransvillkor\/#breadcrumb","itemListElement":[{"@type":"ListItem","position":1,"name":"Etusivu","item":"https:\/\/solar.fi\/sv\/"},{"@type":"ListItem","position":2,"name":"Best\u00e4llnings- och leveransvillkor"}]},{"@type":"WebSite","@id":"https:\/\/solar.fi\/#website","url":"https:\/\/solar.fi\/","name":"Solar","description":"Love the Sun","publisher":{"@id":"https:\/\/solar.fi\/#organization"},"potentialAction":[{"@type":"SearchAction","target":{"@type":"EntryPoint","urlTemplate":"https:\/\/solar.fi\/?s={search_term_string}"},"query-input":{"@type":"PropertyValueSpecification","valueRequired":true,"valueName":"search_term_string"}}],"inLanguage":"sv-SE"},{"@type":"Organization","@id":"https:\/\/solar.fi\/#organization","name":"Solar","url":"https:\/\/solar.fi\/","logo":{"@type":"ImageObject","inLanguage":"sv-SE","@id":"https:\/\/solar.fi\/#\/schema\/logo\/image\/","url":"https:\/\/solar.fi\/wp-content\/uploads\/2019\/04\/solar-logo.png","contentUrl":"https:\/\/solar.fi\/wp-content\/uploads\/2019\/04\/solar-logo.png","width":298,"height":132,"caption":"Solar"},"image":{"@id":"https:\/\/solar.fi\/#\/schema\/logo\/image\/"},"sameAs":["https:\/\/www.facebook.com\/Solarkaihdin\/","https:\/\/www.instagram.com\/solarkaihdin\/","https:\/\/fi.pinterest.com\/solarkaihdin16\/","https:\/\/www.youtube.com\/c\/SolarKaihdinKyKalajoki?app=desktop","https:\/\/fi.linkedin.com\/company\/solar-kaihdin-oy?trk=similar-pages","https:\/\/www.tiktok.com\/@solarkaihdin"]}]}},"_links":{"self":[{"href":"https:\/\/solar.fi\/sv\/wp-json\/wp\/v2\/pages\/10705","targetHints":{"allow":["GET"]}}],"collection":[{"href":"https:\/\/solar.fi\/sv\/wp-json\/wp\/v2\/pages"}],"about":[{"href":"https:\/\/solar.fi\/sv\/wp-json\/wp\/v2\/types\/page"}],"author":[{"embeddable":true,"href":"https:\/\/solar.fi\/sv\/wp-json\/wp\/v2\/users\/919"}],"replies":[{"embeddable":true,"href":"https:\/\/solar.fi\/sv\/wp-json\/wp\/v2\/comments?post=10705"}],"version-history":[{"count":5,"href":"https:\/\/solar.fi\/sv\/wp-json\/wp\/v2\/pages\/10705\/revisions"}],"predecessor-version":[{"id":90614,"href":"https:\/\/solar.fi\/sv\/wp-json\/wp\/v2\/pages\/10705\/revisions\/90614"}],"wp:attachment":[{"href":"https:\/\/solar.fi\/sv\/wp-json\/wp\/v2\/media?parent=10705"}],"curies":[{"name":"wp","href":"https:\/\/api.w.org\/{rel}","templated":true}]}}